{"id":92,"date":"2017-04-03T20:30:08","date_gmt":"2017-04-03T20:30:08","guid":{"rendered":"https:\/\/advantageflorestal.com.br\/?page_id=92"},"modified":"2019-06-05T18:06:27","modified_gmt":"2019-06-05T18:06:27","slug":"deck-tiles","status":"publish","type":"page","link":"https:\/\/advantageflorestal.com.br\/br\/deck-tiles\/","title":{"rendered":"Deck Tiles &#8211; FSC Certifed Madeira Ex\u00f3tica"},"content":{"rendered":"<div class=\"wrap\">\n<section class=\"slide slide-four\">\n<h1>Sua fonte direta de madeira<\/h1>\n<div id=\"polina\">\n<p>Fabricantes de decks, decks modulares de madeira (Deck Tiles), pisos e produtos de madeira certificados pelo FSC<\/p>\n<\/div>\n<\/section>\n<ul class=\"flex-container\">\n<a class=\"slidernav\" href=\"https:\/\/www.advantageflorestal.com.br\/br\/\"><\/p>\n<li class=\"flex-item-menu\">Bem vindo `a Advantage Florestal<\/li>\n<p><\/a><br \/>\n<a class=\"slidernav\" href=\"https:\/\/www.advantageflorestal.com.br\/br\/fsc-certified-wholesale-mill-brazil\/\"><\/p>\n<li class=\"flex-item-menu\">Conhe\u00e7a um pouco da nossa f\u00e1brica<\/li>\n<p><\/a><br \/>\n<a class=\"slidernav\" href=\"https:\/\/www.advantageflorestal.com.br\/br\/fsc-hardwood-decking\/\"><\/p>\n<li class=\"flex-item-menu\">Nossos Decks de Madeira<\/li>\n<p><\/a><br \/>\n<a class=\"slidernav\" href=\"https:\/\/www.advantageflorestal.com.br\/br\/deck-tiles\/\"><\/p>\n<li class=\"flex-item-menu\">Nossos Decks Modulares De Madeira<\/li>\n<p><\/a>\n<\/ul>\n<div class=\"flex-container-rows\">\n<div class=\"equalcol1\">\n<p><a title=\"Advantage Lumber Deck Tiles\" href=\"https:\/\/www.advantageflorestal.com.br\/images\/Deck_Tiles_Brazil.png\" data-rel=\"\u201dlightbox\"><img loading=\"lazy\" decoding=\"async\" class=\"decktilesimages alignnone\" src=\"https:\/\/www.advantageflorestal.com.br\/images\/Deck_Tiles_Brazilx200.png\" alt=\"Deck Tiles sendo fabricado em Belem Brazil\" width=\"200\" height=\"200\" \/><\/a><a title=\"Advantage Lumber Deck Tiles\" href=\"https:\/\/www.advantageflorestal.com.br\/images\/Deck_Tiles_Brazil3.png\" data-rel=\"\u201dlightbox\"><img loading=\"lazy\" decoding=\"async\" class=\"decktilesimages alignnone\" src=\"https:\/\/www.advantageflorestal.com.br\/images\/Deck_Tiles_Brazil3x200.png\" alt=\"Deck Tiles sendo fabricado em Belem Brazil\" width=\"200\" height=\"200\" \/><\/a><a title=\"Advantage Lumber Deck Tiles\" href=\"https:\/\/www.advantageflorestal.com.br\/wp-content\/uploads\/2017\/06\/deck-tiles-container-load-rready-for-wholesale.jpg\" data-rel=\"\u201dlightbox\"><img loading=\"lazy\" decoding=\"async\" class=\"decktilesimages alignnone\" src=\"https:\/\/www.advantageflorestal.com.br\/wp-content\/uploads\/2017\/06\/deck-tiles-container-load-rready-for-wholesale.jpg\" alt=\"Deck Tiles sendo fabricado em Belem Brazil\" width=\"200\" height=\"200\" \/><\/a><a title=\"Advantage Lumber Deck Tile\" href=\"https:\/\/www.advantageflorestal.com.br\/images\/Deck_Tiles_Brazil2.png\" data-rel=\"\u201dlightbox\"><img loading=\"lazy\" decoding=\"async\" class=\"decktilesimages alignnone\" src=\"https:\/\/www.advantageflorestal.com.br\/images\/Deck_Tiles_Brazil2x200.png\" alt=\"Deck Tiles sendo fabricado em Belem Brazil\" width=\"200\" height=\"200\" \/><\/a><a title=\"Advantage Lumber Deck Tiles\" href=\"https:\/\/www.advantageflorestal.com.br\/images\/Deck_Tiles_Brazil4.png\" data-rel=\"\"><img loading=\"lazy\" decoding=\"async\" class=\"decktilesimages alignnone\" src=\"https:\/\/www.advantageflorestal.com.br\/images\/Deck_Tiles_Brazil4x200.png\" alt=\"Deck Tiles sendo fabricado em Belem Brazil\" width=\"200\" height=\"200\" \/><\/a><a title=\"Advantage Lumber Deck Tile\" href=\"https:\/\/www.advantageflorestal.com.br\/images\/Deck_Tiles_Brazil6.png\" data-rel=\"\u201dlightbox\"><img loading=\"lazy\" decoding=\"async\" class=\"decktilesimages alignnone\" src=\"https:\/\/www.advantageflorestal.com.br\/images\/Deck_Tiles_Brazil6x200.png\" alt=\"Deck Tiles sendo fabricado em Belem Brazil\" width=\"200\" height=\"200\" \/><\/a><\/p>\n<table dir=\"ltr\" border=\"1\" width=\"100%\" cellspacing=\"1px\" cellpadding=\"1px\" align=\"left\">\n<colgroup>\n<col width=\"50%\" \/>\n<col width=\"50%\" \/> <\/colgroup>\n<tbody style=\"\/* width: 50%; *\/ \/* float: left;\">\n<tr>\n<td style=\"text-align: center;\" valign=\"top\" bgcolor=\"#000000\" width=\"50%\"><span style=\"font-size: 18px; color: #ffffff;\"><strong>Nossas telhas<\/strong><\/span><\/td>\n<td style=\"color: #ffffff; text-align: center;\" valign=\"top\" bgcolor=\"#000000\" width=\"50%\"><span style=\"font-size: 18px;\"><strong>Alguns Concorrentes Azulejos<\/strong><\/span><\/td>\n<\/tr>\n<tr>\n<td style=\"font-size: 12px;\" valign=\"top\" bgcolor=\"#006e3a\"><span style=\"font-size: 12px;\"><span style=\"color: #ffffff;\">20&#215;20 Z Voltar 3pc z volta mant\u00e9m telha quadrada<\/span><\/span><\/td>\n<td style=\"font-size: 12px;\" valign=\"top\" bgcolor=\"#006e3a\"><span style=\"font-size: 12px;\"><span style=\"color: #ffffff;\">2pc Back Can rack fora do quadrado<\/span><\/span><\/td>\n<\/tr>\n<tr>\n<td style=\"font-size: 12px;\" valign=\"top\" bgcolor=\"#006e3a\"><span style=\"font-size: 12px;\"><span style=\"color: #ffffff;\">24 &#8220;x 24&#8221; tem 3pc reta de volta que mant\u00e9m quadrado de telha<\/span><\/span><\/td>\n<td style=\"font-size: 12px;\" valign=\"top\" bgcolor=\"#006e3a\"><span style=\"font-size: 12px;\"><span style=\"color: #ffffff;\">24 &#8220;x 24&#8221; pode ter 2 pc de volta que pode rack fora do quadrado<\/span><\/span><\/td>\n<\/tr>\n<tr>\n<td style=\"font-size: 12px;\" valign=\"top\" bgcolor=\"#006e3a\"><span style=\"font-size: 12px;\"><span style=\"color: #ffffff;\">As telhas s\u00e3o quadradas<\/span><\/span><\/td>\n<td style=\"font-size: 12px;\" valign=\"top\" bgcolor=\"#006e3a\"><span style=\"font-size: 12px;\"><span style=\"color: #ffffff;\">As telhas n\u00e3o s\u00e3o quadradas<\/span><\/span><\/td>\n<\/tr>\n<tr>\n<td style=\"font-size: 12px;\" valign=\"top\" bgcolor=\"#006e3a\"><span style=\"font-size: 12px;\"><span style=\"color: #ffffff;\">Parafusos de a\u00e7o inoxid\u00e1vel<\/span><\/span><\/td>\n<td style=\"font-size: 12px;\" valign=\"top\" bgcolor=\"#006e3a\"><span style=\"font-size: 12px;\"><span style=\"color: #ffffff;\">Parafusos n\u00e3o inoxid\u00e1veis<\/span><\/span><\/td>\n<\/tr>\n<tr>\n<td style=\"font-size: 12px;\" valign=\"top\" bgcolor=\"#006e3a\"><span style=\"font-size: 12px;\"><span style=\"color: #ffffff;\">Secado em estufa para m\u00e1xima estabilidade<\/span><\/span><\/td>\n<td style=\"font-size: 12px;\" valign=\"top\" bgcolor=\"#006e3a\"><span style=\"font-size: 12px;\"><span style=\"color: #ffffff;\">Molhado ou secado ao ar, fazendo com que a madeira encolha<\/span><\/span><\/td>\n<\/tr>\n<tr>\n<td style=\"font-size: 12px;\" valign=\"top\" bgcolor=\"#006e3a\"><span style=\"font-size: 12px;\"><span style=\"color: #ffffff;\">Fresagem de boa qualidade em m\u00e1quinas alem\u00e3s<\/span><\/span><\/td>\n<td style=\"font-size: 12px;\" valign=\"top\" bgcolor=\"#006e3a\"><span style=\"font-size: 12px;\"><span style=\"color: #ffffff;\">Pobre moagem com vibra\u00e7\u00e3o, gr\u00e3o tearout e final snipe<\/span><\/span><\/td>\n<\/tr>\n<tr>\n<td style=\"font-size: 12px;\" valign=\"top\" bgcolor=\"#006e3a\"><span style=\"font-size: 12px;\"><span style=\"color: #ffffff;\">Cera finamente aplicada<\/span><\/span><\/td>\n<td style=\"font-size: 12px;\" valign=\"top\" bgcolor=\"#006e3a\"><span style=\"font-size: 12px;\"><span style=\"color: #ffffff;\">Sujo cera final aplicada, mostrando na superf\u00edcie<\/span><\/span><\/td>\n<\/tr>\n<tr>\n<td style=\"font-size: 12px;\" valign=\"top\" bgcolor=\"#006e3a\"><span style=\"font-size: 12px;\"><span style=\"color: #ffffff;\">Furos de canto perfurado para conectores DeckWise<\/span><\/span><\/td>\n<td style=\"font-size: 12px;\" valign=\"top\" bgcolor=\"#006e3a\"><span style=\"font-size: 12px;\"><span style=\"color: #ffffff;\">Nem sempre perfurados para conectores<\/span><\/span><\/td>\n<\/tr>\n<tr>\n<td style=\"font-size: 12px;\" valign=\"top\" bgcolor=\"#006e3a\"><span style=\"font-size: 12px;\"><span style=\"color: #ffffff;\">Boa cor consistente<\/span><\/span><\/td>\n<td style=\"font-size: 12px;\" valign=\"top\" bgcolor=\"#006e3a\"><span style=\"font-size: 12px;\"><span style=\"color: #ffffff;\">Fraca varia\u00e7\u00e3o de cor<\/span><\/span><\/td>\n<\/tr>\n<tr>\n<td style=\"font-size: 12px;\" valign=\"top\" bgcolor=\"#006e3a\"><span style=\"font-size: 12px;\"><span style=\"color: #ffffff;\">No Sap Madeira na superf\u00edcie<\/span><\/span><\/td>\n<td style=\"font-size: 12px;\" valign=\"top\" bgcolor=\"#006e3a\"><span style=\"font-size: 12px;\"><span style=\"color: #ffffff;\">Alburno<\/span><\/span><\/td>\n<\/tr>\n<tr>\n<td style=\"font-size: 12px;\" valign=\"top\" bgcolor=\"#006e3a\"><span style=\"font-size: 12px;\"><span style=\"color: #ffffff;\">Azulejo \u00e9 todas as mesmas esp\u00e9cies<\/span><\/span><\/td>\n<td style=\"font-size: 12px;\" valign=\"top\" bgcolor=\"#006e3a\"><span style=\"font-size: 12px;\"><span style=\"color: #ffffff;\">A parte traseira da telha pode ser feita de uma esp\u00e9cie mais barata do que a superf\u00edcie superior<\/span><\/span><\/td>\n<\/tr>\n<tr>\n<td style=\"font-size: 12px;\" valign=\"top\" bgcolor=\"#006e3a\" width=\"50%\"><span style=\"font-size: 12px;\"><span style=\"color: #ffffff;\">Parafusos devidamente instalados<\/span><\/span><\/td>\n<td style=\"font-size: 12px;\" valign=\"top\" bgcolor=\"#006e3a\" width=\"50%\"><span style=\"font-size: 12px;\"><span style=\"color: #ffffff;\">Instala\u00e7\u00e3o inadequada do parafuso, causando<\/span><\/span><\/td>\n<\/tr>\n<tr>\n<td style=\"font-size: 12px;\" valign=\"top\" bgcolor=\"#006e3a\" width=\"50%\"><span style=\"font-size: 12px;\"><span style=\"color: #ffffff;\">Espa\u00e7amento consistente<\/span><\/span><\/td>\n<td style=\"font-size: 12px;\" valign=\"top\" bgcolor=\"#006e3a\" width=\"50%\"><span style=\"font-size: 12px;\"><span style=\"color: #ffffff;\">Varia\u00e7\u00e3o nos espa\u00e7os de intervalo<\/span><\/span><\/td>\n<\/tr>\n<tr>\n<td style=\"font-size: 12px;\" valign=\"top\" bgcolor=\"#006e3a\" width=\"50%\"><span style=\"font-size: 12px;\"><span style=\"color: #ffffff;\">Fenda de montagem opcional do pedestal<\/span><\/span><\/td>\n<td style=\"font-size: 12px;\" valign=\"top\" bgcolor=\"#006e3a\" width=\"50%\"><span style=\"font-size: 12px;\"><span style=\"color: #ffffff;\">Muitas vezes n\u00e3o \u00e9 uma op\u00e7\u00e3o para montagem de pedestal<\/span><\/span><\/td>\n<\/tr>\n<tr>\n<td style=\"font-size: 12px;\" valign=\"top\" bgcolor=\"#006e3a\" width=\"50%\"><span style=\"font-size: 12px;\"><span style=\"color: #ffffff;\">Colhida de forma respons\u00e1vel de florestas geridas e certificada FSC<\/span><\/span><\/td>\n<td style=\"font-size: 12px;\" valign=\"top\" bgcolor=\"#006e3a\" width=\"50%\"><span style=\"font-size: 12px;\"><span style=\"color: #ffffff;\">Legalidade da fonte de madeira question\u00e1vel<\/span><\/span><\/td>\n<\/tr>\n<\/tbody>\n<\/table>\n<div class=\"flex-boxed-text\">\n<h2>Deck Tiles are Available by special order in a variety of exotic species<\/h2>\n<p><strong><span style=\"color: #ff9900;\">*Minimum deck tile amount may be required<\/span><\/strong><\/p>\n<ul>\n<li><a title=\"IPE Deck Tile\" href=\"https:\/\/www.advantageflorestal.com.br\/deck-tiles\/ipe-deck-tile\/\" rel=\"\">Ipe<\/a><\/li>\n<li><a title=\"Jatoba wood species\" href=\"https:\/\/www.advantageflorestal.com.br\/hardwood-species\/jatoba\/\" rel=\"\">Jatoba<\/a><\/li>\n<li><a title=\"Angelim - Pedra wood species\" href=\"https:\/\/www.advantageflorestal.com.br\/hardwood-species\/angelim-pedra\/\" rel=\"\">Angelim &#8211; Pedra<\/a><\/li>\n<li><a title=\"Angelim - Vermehlo wood species\" href=\"https:\/\/www.advantageflorestal.com.br\/hardwood-species\/angelim-vermehlo\/\" rel=\"\">Angelim &#8211; Vermehlo<\/a><\/li>\n<li><a title=\"Cumaru Deck Tile\" href=\"https:\/\/www.advantageflorestal.com.br\/deck-tiles\/cumaru-deck-tiles\/\" rel=\"\">Cumaru<\/a><\/li>\n<li><a title=\"Tigerwood Deck Tile\" href=\"https:\/\/www.advantageflorestal.com.br\/deck-tiles\/tigerwood-deck-tiles\/\" rel=\"\">Tigerwood<\/a><\/li>\n<li><a title=\"Itauba wood species\" href=\"https:\/\/www.advantageflorestal.com.br\/hardwood-species\/itauba\/\" rel=\"\">Itauba<\/a><\/li>\n<li><a title=\"Tatajuba wood species\" href=\"https:\/\/www.advantageflorestal.com.br\/hardwood-species\/tatajuba\/\" rel=\"\">Tatajuba<\/a><\/li>\n<li><a title=\"Garapa wood species\" href=\"https:\/\/www.advantageflorestal.com.br\/hardwood-species\/garapa\/\" rel=\"\">Garapa<\/a><\/li>\n<li><a title=\"Andiroba wood species\" href=\"https:\/\/www.advantageflorestal.com.br\/hardwood-species\/andiroba\/\" rel=\"\">Andiroba<\/a><\/li>\n<li><a title=\"Tauari wood species\" href=\"https:\/\/www.advantageflorestal.com.br\/hardwood-species\/taurai\/\" rel=\"\">Taurai<\/a><\/li>\n<li><a title=\"Massaranduba Deck Tile\" href=\"https:\/\/www.advantageflorestal.com.br\/deck-tiles\/massaranduba-deck-tile\/\" rel=\"\">Massaranduba<\/a><\/li>\n<\/ul>\n<\/div>\n<\/div>\n<div class=\"equalcol2\">\n<div class=\"video-container\">\n<div style=\"width: 688px;\" class=\"wp-video\"><video class=\"wp-video-shortcode\" id=\"video-92-1\" width=\"688\" height=\"387\" autoplay preload=\"metadata\" controls=\"controls\"><source type=\"video\/mp4\" src=\"https:\/\/dev2.advantageflorestal.com.br\/wp-content\/uploads\/2017\/06\/GOPR1962_1.mp4?_=1\" \/><a href=\"https:\/\/dev2.advantageflorestal.com.br\/wp-content\/uploads\/2017\/06\/GOPR1962_1.mp4\">https:\/\/dev2.advantageflorestal.com.br\/wp-content\/uploads\/2017\/06\/GOPR1962_1.mp4<\/a><\/video><\/div>\n<\/div>\n<div class=\"flex-boxed-text\">\n<h1 class=\"pagetitles\">Advantage Florestal Hardwood Deck Tiles<\/h1>\n<p style=\"text-align: left;\"><strong><span style=\"color: #333333;\">Real Wood Deck Tiles Barato e f\u00e1cil de instalar. Mas essas n\u00e3o s\u00e3o as \u00fanicas raz\u00f5es pelas quais voc\u00ea quer compr\u00e1-los. Os clientes que remodelam o p\u00e1tio antigo, varanda ou telhado com telhas Advantage Deck faz\u00ea-lo porque eles querem um espa\u00e7o de vida ao ar livre genuinamente bonito que dura. Enquanto se contentar com pintura sobre sua superf\u00edcie existente \u00e9 sempre uma op\u00e7\u00e3o, eles querem algo melhor, mais natural.<\/span><\/strong><\/p>\n<ul>\n<li><strong><span style=\"color: #333333;\">As telhas do Deck da vantagem d\u00e3o-lhe, uma superf\u00edcie atrativa, din\u00e2mica que olha<\/span><\/strong><\/li>\n<li><strong><span style=\"color: #333333;\">Um deck f\u00e1cil de instalar que leva horas, n\u00e3o dias<\/span><\/strong><\/li>\n<li><strong><span style=\"color: #333333;\">Toda a durabilidade &#038; amp; Resili\u00eancia de decks de madeira longa<\/span><\/strong><\/li>\n<li><strong><span style=\"color: #333333;\">Uma solu\u00e7\u00e3o s\u00f3lida para a renova\u00e7\u00e3o de decks de concreto &#038; amp; P\u00e1tios<\/span><\/strong><\/li>\n<li><strong><span style=\"color: #333333;\">Anos de uso sem problemas sem qualquer manuten\u00e7\u00e3o necess\u00e1ria<\/span><\/strong><\/li>\n<li><strong><span style=\"color: #333333;\">Constru\u00eddo usando toda a ferragem do a\u00e7o inoxid\u00e1vel<\/span><\/strong><\/li>\n<\/ul>\n<p style=\"text-align: left;\"><strong><span style=\"color: #333333;\">Muitos de nossos clientes preferem instalar Advantage Deck Tiles sobre p\u00e1tios de concreto rachado. Como voc\u00ea pode ver na galeria abaixo, fazendo isso lhe dar\u00e1 uma monstruosidade que voc\u00ea n\u00e3o precisa mais viver! Por que Advantage Deck Tiles \u2122 s\u00e3o perfeitos para projetos DIY<\/span><\/strong><\/p>\n<p><a title=\"Advantage Lumber Deck Tiles\" href=\"https:\/\/www.advantageflorestal.com.br\/wp-content\/uploads\/2017\/09\/deck-tiles-wholesale.jpg\" data-rel=\"\u201dlightbox\"><img loading=\"lazy\" decoding=\"async\" class=\"decktilesimagesmed\" src=\"https:\/\/www.advantageflorestal.com.br\/wp-content\/uploads\/2017\/09\/deck-tiles-wholesale.jpg\" alt=\"Deck Tiles sendo fabricado em Belem Brazil\" width=\"400\" height=\"400\" \/><\/a><\/p>\n<p><a title=\"Advantage Lumber Deck Tiles\" href=\"https:\/\/www.advantageflorestal.com.br\/wp-content\/uploads\/2017\/09\/deck-tiles-wholesale-2.jpg\" data-rel=\"\u201dlightbox\"><img loading=\"lazy\" decoding=\"async\" class=\"decktilesimagesmed\" src=\"https:\/\/www.advantageflorestal.com.br\/wp-content\/uploads\/2017\/09\/deck-tiles-wholesale-2.jpg\" alt=\"Deck Tiles sendo fabricado em Belem Brazil\" width=\"400\" height=\"400\" \/><\/a><\/p>\n<p><a title=\"Advantage Lumber Deck Tiles\" href=\"https:\/\/www.advantageflorestal.com.br\/wp-content\/uploads\/2017\/09\/deck-tiles-wholesale-3.jpg\" data-rel=\"\u201dlightbox\"><img loading=\"lazy\" decoding=\"async\" class=\"decktilesimagesmed\" src=\"https:\/\/www.advantageflorestal.com.br\/wp-content\/uploads\/2017\/09\/deck-tiles-wholesale-3.jpg\" alt=\"Deck Tiles sendo fabricado em Belem Brazil\" width=\"400\" height=\"400\" \/><\/a><\/p>\n<\/div>\n<\/div>\n<\/div>\n<div>[contact-form-7 id=&#8221;3172&#8243; title=&#8221;Deck Tiles Quote Request Portugese&#8221;]<\/div>\n<\/div>\n","protected":false},"excerpt":{"rendered":"<p>Sua fonte direta de madeira Fabricantes de decks, decks modulares de madeira (Deck Tiles), pisos e produtos de madeira certificados&hellip;<\/p>\n","protected":false},"author":1,"featured_media":2222,"parent":0,"menu_order":0,"comment_status":"closed","ping_status":"closed","template":"","meta":{"footnotes":""},"class_list":["post-92","page","type-page","status-publish","has-post-thumbnail","hentry"],"translation":{"provider":"WPGlobus","version":"3.0.2","language":"br","enabled_languages":["en","es","de","fr","ru","br"],"languages":{"en":{"title":true,"content":true,"excerpt":false},"es":{"title":false,"content":false,"excerpt":false},"de":{"title":false,"content":false,"excerpt":false},"fr":{"title":false,"content":false,"excerpt":false},"ru":{"title":false,"content":false,"excerpt":false},"br":{"title":true,"content":true,"excerpt":false}}},"_links":{"self":[{"href":"https:\/\/advantageflorestal.com.br\/br\/wp-json\/wp\/v2\/pages\/92","targetHints":{"allow":["GET"]}}],"collection":[{"href":"https:\/\/advantageflorestal.com.br\/br\/wp-json\/wp\/v2\/pages"}],"about":[{"href":"https:\/\/advantageflorestal.com.br\/br\/wp-json\/wp\/v2\/types\/page"}],"author":[{"embeddable":true,"href":"https:\/\/advantageflorestal.com.br\/br\/wp-json\/wp\/v2\/users\/1"}],"replies":[{"embeddable":true,"href":"https:\/\/advantageflorestal.com.br\/br\/wp-json\/wp\/v2\/comments?post=92"}],"version-history":[{"count":1,"href":"https:\/\/advantageflorestal.com.br\/br\/wp-json\/wp\/v2\/pages\/92\/revisions"}],"predecessor-version":[{"id":38597,"href":"https:\/\/advantageflorestal.com.br\/br\/wp-json\/wp\/v2\/pages\/92\/revisions\/38597"}],"wp:featuredmedia":[{"embeddable":true,"href":"https:\/\/advantageflorestal.com.br\/br\/wp-json\/"}],"wp:attachment":[{"href":"https:\/\/advantageflorestal.com.br\/br\/wp-json\/wp\/v2\/media?parent=92"}],"curies":[{"name":"wp","href":"https:\/\/api.w.org\/{rel}","templated":true}]}}