{"id":616,"date":"2017-04-03T20:22:55","date_gmt":"2017-04-03T20:22:55","guid":{"rendered":"https:\/\/advantageflorestal.com.br\/?page_id=85"},"modified":"2019-06-05T18:24:58","modified_gmt":"2019-06-05T18:24:58","slug":"wholesale-hardwood-lumber-products","status":"publish","type":"page","link":"https:\/\/advantageflorestal.com.br\/br\/wholesale-hardwood-lumber-products\/","title":{"rendered":"Venda por atacado de produtos certificados FSC"},"content":{"rendered":"<div class=\"page-titles\">\n<h1>Decking de madeira<\/h1>\n<\/div>\n<div class=\"equalrow\">\n<div class=\"equalcol1-products\"><a title=\"Wholesale Tigerwood Decking\" href=\"\/..\/images\/tigerwood-decking-large2.jpg\" data-rel=\"\u201dlightbox\u201d\"><img decoding=\"async\" class=\"decktilesimages alignnone\" src=\"\/..\/images\/tigerwood-decking-small2.jpg\" alt=\"Manufacturing decking\" \/><\/a><a title=\"Wholeale Tigerwood Decking Being milled\" href=\"\/..\/images\/tigerwood-decking-large3.jpg\" data-rel=\"\u201dlightbox\u201d\"><img decoding=\"async\" class=\"decktilesimages alignnone\" src=\"\/..\/images\/tigerwood-decking-small3.jpg\" alt=\"manufacturing wholesale decking feeding the planer sander\" \/><\/a><a title=\"Tiger Wood Decking Being milled\" href=\"\/..\/images\/tigerwood-decking-large4.jpg\" data-rel=\"\u201dlightbox\u201d\"><img decoding=\"async\" class=\"decktilesimages\" src=\"\/images\/tigerwood-decking-small4.jpg\" alt=\"manufacturing wholesale decking feeding the moulder\" \/><\/a><a title=\"Tiger Wood Deck\" href=\"\/..\/images\/tigerwood-decking-large1.jpg\" data-rel=\"\u201dlightbox\u201d\"><img decoding=\"async\" class=\"decktilesimages alignnone\" src=\"\/..\/images\/tigerwood-decking-small1.jpg\" alt=\"Tigerwood wholesale decking lumber\" \/><\/a><\/div>\n<div class=\"equalcol2-products\">\n<div class=\"prodtext1\"><strong>Moinho de madeira ex\u00f3tica em uma variedade de esp\u00e9cies como Ipe, Cumaru, Tigerwood (Muiracatiara), Jatoba, Itauba, Garapa e muitas outras esp\u00e9cies da Am\u00e9rica do Sul. N\u00f3s fabricamos deck para v\u00e1rios mercados diferentes, como Am\u00e9rica do Norte, Europa, Austr\u00e1lia e v\u00e1rias outras regi\u00f5es. Moinho uma variedade de perfis, como liso, S4S (4 lados na superf\u00edcie) E4E (4 lados), antiderrapantes e perfilados personalizados. O raio padr\u00e3o para a maior parte do deck \u00e9 de 3 mm, mas tamb\u00e9m produzimos bordas de raio de 5 mm e outros tamanhos, mediante solicita\u00e7\u00e3o. Nosso deck de Ipe est\u00e1 dispon\u00edvel AD (seco ao ar) ou KD (seco no forno). As outras esp\u00e9cies que usamos s\u00e3o geralmente produzidas em estufa seca. Na maioria das vezes, n\u00f3s formos o decking seco para 12-14% de MC, mas tamb\u00e9m podemos secar o nosso pavimento exterior ao seu teor de umidade requerido. Como todos os nossos produtos de madeira, podemos fornecer o nosso deck certificado FSC ou n\u00e3o FSC.<\/strong><\/div>\n<div class=\"buttonset\"><a class=\"btn\" title=\"Decking\" href=\"https:\/\/www.advantageflorestal.com.br\/fsc-hardwood-decking\/\">Mais informa\u00e7\u00f5es<\/a><a class=\"btn\" href=\"https:\/\/www.advantageflorestal.com.br\/fsc-hardwood-decking\/\">Obter uma cota\u00e7\u00e3o<\/a><\/div>\n<\/div>\n<\/div>\n<div class=\"clearer2\"><\/div>\n<h2 class=\"builder-text-section-title\">Advantage Deck Tiles<\/h2>\n<div class=\"equalrow\">\n<div class=\"equalcol1-products\"><a title=\"Tiger Wood Deck\" href=\"\/..\/images\/Deck_Tiles_Brazil.png\" data-rel=\"\u201dlightbox\u201d\"><img decoding=\"async\" class=\"decktilesimages\" src=\"\/..\/images\/Deck_Tiles_Brazilx300.jpg\" \/><\/a><a title=\"Tiger Wood Deck\" href=\"\/..\/images\/Deck_Tiles_Brazil2.png\" data-rel=\"\u201dlightbox\u201d\"><img decoding=\"async\" class=\"decktilesimages\" src=\"\/..\/images\/Deck_Tiles_Brazil2x300.jpg\" \/><\/a><a title=\"Tiger Wood Deck\" href=\"\/..\/images\/Deck_Tiles_Brazil3.png\" data-rel=\"\u201dlightbox\u201d\"><img decoding=\"async\" class=\"decktilesimages\" src=\"\/..\/images\/Deck_Tiles_Brazil3x300.jpg\" \/><\/a><a title=\"Tiger Wood Deck\" href=\"\/..\/images\/Deck_Tiles_Brazil6.png\" data-rel=\"\u201dlightbox\u201d\"><img decoding=\"async\" class=\"decktilesimages\" src=\"\/..\/images\/Deck_Tiles_Brazil6x300.jpg\" \/><\/a><\/div>\n<div class=\"equalcol2-products\">\n<table style=\"background: #006f3b;\" border=\"0\" width=\"50%\">\n<tbody>\n<tr>\n<td style=\"text-align: center;\" valign=\"top\" bgcolor=\"#000000\" width=\"50%\"><span style=\"font-size: 18px;\"><big><span style=\"color: #ffffff;\">Nossos azulejos<\/span><\/big><\/span><\/td>\n<td style=\"color: #ffffff; text-align: center;\" valign=\"top\" bgcolor=\"#000000\" width=\"50%\"><span style=\"font-size: 18px;\"><big>Alguns Concorrentes Azulejos<\/big><\/span><\/td>\n<\/tr>\n<tr>\n<td style=\"font-size: 12px;\" valign=\"top\" bgcolor=\"#006E3A\"><strong><big><span style=\"color: #ffffff;\">20\u00d720 Z Voltar 3pc z volta mant\u00e9m o quadrado da telha<\/span><\/big><\/strong><\/td>\n<td style=\"font-size: 12px;\" valign=\"top\" bgcolor=\"#006E3A\"><strong><big><span style=\"color: #ffffff;\">2pc Voltar Pode colocar prateleiras fora do quadrado<\/span><\/big><\/strong><\/td>\n<\/tr>\n<tr>\n<td style=\"font-size: 12px;\" valign=\"top\" bgcolor=\"#006E3A\"><strong><big><span style=\"color: #ffffff;\">24 \u201cx 24\u201d tem 3pc de costas retas que mant\u00e9m quadrado de telha<\/span><\/big><\/strong><\/td>\n<td style=\"font-size: 12px;\" valign=\"top\" bgcolor=\"#006E3A\"><strong><big><span style=\"color: #ffffff;\">24 \u201cx 24\u201d podem ter 2 pc de volta que podem ficar fora do quadrado<\/span><\/big><\/strong><\/td>\n<\/tr>\n<tr>\n<td style=\"font-size: 12px;\" valign=\"top\" bgcolor=\"#006E3A\"><strong><big><span style=\"color: #ffffff;\">As telhas s\u00e3o quadradas<\/span><\/big><\/strong><\/td>\n<td style=\"font-size: 12px;\" valign=\"top\" bgcolor=\"#006E3A\"><strong><big><span style=\"color: #ffffff;\">As telhas n\u00e3o s\u00e3o quadradas<\/span><\/big><\/strong><\/td>\n<\/tr>\n<tr>\n<td style=\"font-size: 12px;\" valign=\"top\" bgcolor=\"#006E3A\"><strong><big><span style=\"color: #ffffff;\">Parafusos de a\u00e7o inoxid\u00e1vel<\/span><\/big><\/strong><\/td>\n<td style=\"font-size: 12px;\" valign=\"top\" bgcolor=\"#006E3A\"><strong><big><span style=\"color: #ffffff;\">Parafusos n\u00e3o inoxid\u00e1veis<\/span><\/big><\/strong><\/td>\n<\/tr>\n<tr>\n<td style=\"font-size: 12px;\" valign=\"top\" bgcolor=\"#006E3A\"><strong><big><span style=\"color: #ffffff;\">Secado em estufa para m\u00e1xima estabilidade<\/span><\/big><\/strong><\/td>\n<td style=\"font-size: 12px;\" valign=\"top\" bgcolor=\"#006E3A\"><strong><big><span style=\"color: #ffffff;\">Molhado ou seco ao ar, fazendo com que a madeira encolhe<\/span><\/big><\/strong><\/td>\n<\/tr>\n<tr>\n<td style=\"font-size: 12px;\" valign=\"top\" bgcolor=\"#006E3A\"><strong><big><span style=\"color: #ffffff;\">Fresagem de boa qualidade em m\u00e1quinas alem\u00e3s<\/span><\/big><\/strong><\/td>\n<td style=\"font-size: 12px;\" valign=\"top\" bgcolor=\"#006E3A\"><strong><big><span style=\"color: #ffffff;\">Pobre moagem com vibra\u00e7\u00e3o, corte de gr\u00e3o e acabamento<\/span><\/big><\/strong><\/td>\n<\/tr>\n<tr>\n<td style=\"font-size: 12px;\" valign=\"top\" bgcolor=\"#006E3A\"><strong><big><span style=\"color: #ffffff;\">Cera final bem aplicada<\/span><\/big><\/strong><\/td>\n<td style=\"font-size: 12px;\" valign=\"top\" bgcolor=\"#006E3A\"><strong><big><span style=\"color: #ffffff;\">Cera de extremidade aplicada suja, mostrando na superf\u00edcie<\/span><\/big><\/strong><\/td>\n<\/tr>\n<tr>\n<td style=\"font-size: 12px;\" valign=\"top\" bgcolor=\"#006E3A\"><strong><big><span style=\"color: #ffffff;\">Furos de canto perfurados para conectores DeckWise<\/span><\/big><\/strong><\/td>\n<td style=\"font-size: 12px;\" valign=\"top\" bgcolor=\"#006E3A\"><strong><big><span style=\"color: #ffffff;\">N\u00e3o \u00e9 sempre perfurado para conectores<\/span><\/big><\/strong><\/td>\n<\/tr>\n<tr>\n<td style=\"font-size: 12px;\" valign=\"top\" bgcolor=\"#006E3A\"><strong><big><span style=\"color: #ffffff;\">Boa cor consistente<\/span><\/big><\/strong><\/td>\n<td style=\"font-size: 12px;\" valign=\"top\" bgcolor=\"#006E3A\"><strong><big><span style=\"color: #ffffff;\">Fraca varia\u00e7\u00e3o de cor<\/span><\/big><\/strong><\/td>\n<\/tr>\n<tr>\n<td style=\"font-size: 12px;\" valign=\"top\" bgcolor=\"#006E3A\"><strong><big><span style=\"color: #ffffff;\">No Sap Wood na superf\u00edcie<\/span><\/big><\/strong><\/td>\n<td style=\"font-size: 12px;\" valign=\"top\" bgcolor=\"#006E3A\"><strong><big><span style=\"color: #ffffff;\">Sapwood<\/span><\/big><\/strong><\/td>\n<\/tr>\n<tr>\n<td style=\"font-size: 12px;\" valign=\"top\" bgcolor=\"#006E3A\"><span style=\"font-size: 12px;\"><strong><big><span style=\"color: #ffffff;\">Azulejo \u00e9 a mesma esp\u00e9cie<\/span><\/big><\/strong><\/span><\/td>\n<td style=\"font-size: 12px;\" valign=\"top\" bgcolor=\"#006E3A\"><span style=\"font-size: 12px;\"><strong><big><span style=\"color: #ffffff;\">A parte de tr\u00e1s da telha pode ser feita a partir de uma esp\u00e9cie mais barata do que a superf\u00edcie superior<\/span><\/big><\/strong><\/span><\/td>\n<\/tr>\n<tr>\n<td style=\"font-size: 12px;\" valign=\"top\" bgcolor=\"#006E3A\" width=\"50%\"><strong><big><span style=\"color: #ffffff;\">Parafusos instalados corretamente<\/span><\/big><\/strong><\/td>\n<td style=\"font-size: 12px;\" valign=\"top\" bgcolor=\"#006E3A\" width=\"50%\"><strong><big><span style=\"color: #ffffff;\">Instala\u00e7\u00e3o inadequada de parafusos, causando divis\u00f5es<\/span><\/big><\/strong><\/td>\n<\/tr>\n<tr>\n<td style=\"font-size: 12px;\" valign=\"top\" bgcolor=\"#006E3A\" width=\"50%\"><strong><big><span style=\"color: #ffffff;\">Espa\u00e7amento de gap consistente<\/span><\/big><\/strong><\/td>\n<td style=\"font-size: 12px;\" valign=\"top\" bgcolor=\"#006E3A\" width=\"50%\"><strong><big><span style=\"color: #ffffff;\">Varia\u00e7\u00e3o nos espa\u00e7os de intervalo<\/span><\/big><\/strong><\/td>\n<\/tr>\n<tr>\n<td style=\"font-size: 12px;\" valign=\"top\" bgcolor=\"#006E3A\" width=\"50%\"><strong><big><span style=\"color: #ffffff;\">Ranhura de montagem do pedestal opcional<\/span><\/big><\/strong><\/td>\n<td style=\"font-size: 12px;\" valign=\"top\" bgcolor=\"#006E3A\" width=\"50%\"><strong><big><span style=\"color: #ffffff;\">Muitas vezes, n\u00e3o \u00e9 uma op\u00e7\u00e3o para a montagem do pedestal<\/span><\/big><\/strong><\/td>\n<\/tr>\n<tr>\n<td style=\"font-size: 12px;\" valign=\"top\" bgcolor=\"#006E3A\" width=\"50%\"><strong><big><span style=\"color: #ffffff;\">Cobran\u00e7a respons\u00e1vel de floresta gerenciada e certifica\u00e7\u00e3o FSC dispon\u00edvel<\/span><\/big><\/strong><\/td>\n<td style=\"font-size: 12px;\" valign=\"top\" bgcolor=\"#006E3A\" width=\"50%\"><strong><big><span style=\"color: #ffffff;\">Legalidade da fonte de madeira question\u00e1vel<\/span><\/big><\/strong><\/td>\n<\/tr>\n<\/tbody>\n<\/table>\n<div class=\"buttonset\"><a class=\"btn\" title=\"Decking\" href=\"https:\/\/www.advantageflorestal.com.br\/fsc-hardwood-decking\/\">Mais informa\u00e7\u00f5es<\/a><a class=\"btn\" href=\"https:\/\/www.advantageflorestal.com.br\/fsc-hardwood-decking\/\">Obter uma cota\u00e7\u00e3o<\/a><\/div>\n<\/div>\n<\/div>\n<div class=\"clearer2\"><\/div>\n<h2 class=\"builder-text-section-title\">Live Edge Slabs<\/h2>\n<div class=\"equalrow\">\n<div class=\"equalcol1-products\">\n<p><a title=\"Rough Sawn -Advantage Lumber\" href=\"https:\/\/www.advantageflorestal.com.br\/images\/bookmatched-norfolk-pine-large.png\" data-rel=\"\u201dlightbox\u201d\"><img decoding=\"async\" class=\"decktilesimages\" title=\"Rough Sawn - Advantage Lumber\" src=\"https:\/\/www.advantageflorestal.com.br\/images\/bookmatched-norfolk-pine-small.png\" alt=\"Rough Sawn - Advantage Lumber\" data-rel=\"\u201dlightbox\u201d\" \/><\/a><a title=\"Rough Sawn -Advantage Lumber\" href=\"https:\/\/www.advantageflorestal.com.br\/images\/longleaf-pine-large.png\" data-rel=\"\u201dlightbox\u201d\"><img decoding=\"async\" class=\"decktilesimages\" title=\"Rough Sawn - Advantage Lumber\" src=\"https:\/\/www.advantageflorestal.com.br\/images\/longleaf-pine-small.png\" alt=\"Rough Sawn - Advantage Lumber\" data-rel=\"\u201dlightbox\u201d\" \/><\/a><a title=\"Rough Sawn -Advantage Lumber\" href=\"https:\/\/www.advantageflorestal.com.br\/images\/beefwood-large.png\" data-rel=\"\u201dlightbox\u201d\"><img decoding=\"async\" class=\"decktilesimages\" title=\"Rough Sawn - Advantage Lumber\" src=\"https:\/\/www.advantageflorestal.com.br\/images\/beefwood-small.png\" alt=\"Rough Sawn - Advantage Lumber\" data-rel=\"\u201dlightbox\u201d\" \/><\/a><a title=\"Rough Sawn -Advantage Lumber\" href=\"https:\/\/www.advantageflorestal.com.br\/images\/cuban-laurel-large.png\" data-rel=\"\u201dlightbox\u201d\"><img decoding=\"async\" class=\"decktilesimages\" title=\"Rough Sawn - Advantage Lumber\" src=\"https:\/\/www.advantageflorestal.com.br\/images\/cuban-laurel-small.png\" alt=\"Rough Sawn - Advantage Lumber\" data-rel=\"\u201dlightbox\u201d\" \/><\/a><\/p>\n<div class=\"prodtext\"><strong>N\u00f3s produzimos lajes de mesa ao ar livre em uma variedade de esp\u00e9cies, espessuras, comprimentos e larguras. De nossa f\u00e1brica no Brasil, enviamos principalmente lajes \u00e1speras de 2 \u201c(50mm), 2 \u00bd\u201d (64mm) e 3 \u201c(75mm) de espessura. N\u00f3s tamb\u00e9m cortamos placas mais espessas mediante solicita\u00e7\u00e3o. Nossas grandes placas podem variar at\u00e9 67 \u201c(170 cm) de largura. Estes s\u00e3o \u00f3timos para fazer grandes mesas de confer\u00eancias, mesas de cozinha, mesas, mesas de caf\u00e9 e outros m\u00f3veis. Podemos fornecer AD (seco ao ar) ou KD (secado no forno) em esp\u00e9cies como Jatoba (Cherry brasileira), Tigerwood, Cumaru, Ipe, Angelim Pedra, Tatajuba e muitas outras esp\u00e9cies de madeira dura sul-americanas. N\u00f3s tamb\u00e9m produzimos tamanhos menores com formas e figuras estranhas para projetos especiais de m\u00f3veis. Nossa serraria na Fl\u00f3rida tamb\u00e9m produz placas Live Edge em uma variedade de esp\u00e9cies de madeira ind\u00edgenas da \u00cdndia, Am\u00e9rica do Sul, Am\u00e9rica do Norte, Austr\u00e1lia, \u00c1frica e \u00c1sia. Estes incluem Indian Rosewood, Camphor, Eucalyptus, Live Oak e muitas outras esp\u00e9cies. Isto d\u00e1-lhe a oportunidade de comprar uma grande variedade de lajes adequadamente secas no forno em v\u00e1rias esp\u00e9cies, formas, cores, padr\u00f5es de gr\u00e3os e figuram aos melhores pre\u00e7os poss\u00edveis. As lajes enviadas da nossa serraria da Fl\u00f3rida tamb\u00e9m est\u00e3o dispon\u00edveis, secadas ao forno, revestidas a superf\u00edcie e lixadas at\u00e9 a espessura final.<\/strong><\/div>\n<\/div>\n<div class=\"equalcol2-products\">\n<table style=\"background: #006f3b; height: auto;\" border=\"1\" width=\"100%\">\n<tbody>\n<tr>\n<td style=\"color: #ffffff; \/* font-size: 14px; *\/ background: #000; font-size: 15px; text-align: center;\"><strong>In the Brazil Mill<\/strong><\/td>\n<td style=\"color: #ffffff; background: #000; text-align: center; font-size: 15px;\"><strong>In the Florida Mill<\/strong><\/td>\n<\/tr>\n<tr>\n<td style=\"text-align: center;\"><a href=\"https:\/\/www.advantageflorestal.com.br\/hardwood-species\/itauba\/\"><span style=\"color: #ffffff;\">Itauba<\/span><\/a><\/td>\n<td style=\"text-align: center;\"><span style=\"color: #ffffff;\">Australian Beefwood<\/span><\/td>\n<\/tr>\n<tr>\n<td style=\"text-align: center;\"><span style=\"color: #ffffff;\">Tatajuba<\/span><\/td>\n<td style=\"text-align: center;\"><span style=\"color: #ffffff;\">Bishopwood<\/span><\/td>\n<\/tr>\n<tr>\n<td style=\"text-align: center;\"><span style=\"color: #ffffff;\">Angelim &#8211; Pedra<\/span><\/td>\n<td style=\"text-align: center;\"><span style=\"color: #ffffff;\">Bottlebrush<\/span><\/td>\n<\/tr>\n<tr>\n<td style=\"text-align: center;\"><span style=\"color: #ffffff;\">Angelim &#8211; Verelho<\/span><\/td>\n<td style=\"text-align: center;\"><span style=\"color: #ffffff;\">Camphor<\/span><\/td>\n<\/tr>\n<tr>\n<td style=\"text-align: center;\"><span style=\"color: #ffffff;\">Tauari<\/span><\/td>\n<td style=\"text-align: center;\"><span style=\"color: #ffffff;\">Carrotwood<\/span><\/td>\n<\/tr>\n<tr>\n<td style=\"text-align: center;\"><span style=\"color: #ffffff;\">IPE AD &#038; KD<\/span><\/td>\n<td style=\"text-align: center;\"><span style=\"color: #ffffff;\">Chinaberry<\/span><\/td>\n<\/tr>\n<tr>\n<td style=\"text-align: center;\"><span style=\"color: #ffffff;\">Tigerwood<\/span><\/td>\n<td style=\"text-align: center;\"><span style=\"color: #ffffff;\">Citrus<\/span><\/td>\n<\/tr>\n<tr>\n<td style=\"text-align: center;\"><span style=\"color: #ffffff;\">Massaranduba<\/span><\/td>\n<td style=\"text-align: center;\"><span style=\"color: #ffffff;\">Banyan<\/span><\/td>\n<\/tr>\n<tr>\n<td style=\"text-align: center;\"><span style=\"color: #ffffff;\">Garapa<\/span><\/td>\n<td style=\"text-align: center;\"><span style=\"color: #ffffff;\">Cuban Mahogany<\/span><\/td>\n<\/tr>\n<tr>\n<td style=\"text-align: center;\"><span style=\"color: #ffffff;\">Jatoba<\/span><\/td>\n<td style=\"text-align: center;\"><span style=\"color: #ffffff;\">Eucalyptus<\/span><\/td>\n<\/tr>\n<tr>\n<td style=\"text-align: center;\"><span style=\"color: #ffffff;\">PurpleHeart<\/span><\/td>\n<td style=\"text-align: center;\"><span style=\"color: #ffffff;\">Acacia<\/span><\/td>\n<\/tr>\n<tr>\n<td style=\"text-align: center;\"><span style=\"color: #ffffff;\">BloodWood<\/span><\/td>\n<td style=\"text-align: center;\"><span style=\"color: #ffffff;\">Florida Cedar<\/span><\/td>\n<\/tr>\n<tr>\n<td style=\"text-align: center;\"><span style=\"color: #ffffff;\">Quaruba<\/span><\/td>\n<td style=\"text-align: center;\"><span style=\"color: #ffffff;\">Florida Cypress<\/span><\/td>\n<\/tr>\n<tr>\n<td style=\"text-align: center;\"><span style=\"color: #ffffff;\">Cambara<\/span><\/td>\n<td style=\"text-align: center;\"><span style=\"color: #ffffff;\">Java Plum<\/span><\/td>\n<\/tr>\n<tr>\n<td style=\"text-align: center;\"><span style=\"color: #ffffff;\">LaceWood<\/span><\/td>\n<td style=\"text-align: center;\"><span style=\"color: #ffffff;\">Laurel Oak<\/span><\/td>\n<\/tr>\n<tr>\n<td style=\"text-align: center;\"><\/td>\n<td style=\"text-align: center;\"><span style=\"color: #ffffff;\">Live Oak<\/span><\/td>\n<\/tr>\n<tr>\n<td style=\"text-align: center;\"><\/td>\n<td style=\"text-align: center;\"><span style=\"color: #ffffff;\">Longleaf Pine<\/span><\/td>\n<\/tr>\n<tr>\n<td style=\"text-align: center;\"><\/td>\n<td style=\"text-align: center;\"><span style=\"color: #ffffff;\">Monkey Pod<\/span><\/td>\n<\/tr>\n<tr>\n<td style=\"text-align: center;\"><\/td>\n<td style=\"text-align: center;\"><span style=\"color: #ffffff;\">Norfolk Island Pine<\/span><\/td>\n<\/tr>\n<tr>\n<td style=\"text-align: center;\"><\/td>\n<td style=\"text-align: center;\"><span style=\"color: #ffffff;\">Podocarpus<\/span><\/td>\n<\/tr>\n<tr>\n<td style=\"text-align: center;\"><\/td>\n<td style=\"text-align: center;\"><span style=\"color: #ffffff;\">Rosewood<\/span><\/td>\n<\/tr>\n<tr>\n<td style=\"text-align: center;\" height=\"21\"><\/td>\n<td style=\"text-align: center;\"><span style=\"color: #ffffff;\">Silk Oak<\/span><\/td>\n<\/tr>\n<tr>\n<td style=\"text-align: center;\"><\/td>\n<td style=\"text-align: center;\"><span style=\"color: #ffffff;\">Sycamore<\/span><\/td>\n<\/tr>\n<tr>\n<td style=\"text-align: center;\"><\/td>\n<td style=\"text-align: center;\"><span style=\"color: #ffffff;\">Flame tree<\/span><\/td>\n<\/tr>\n<\/tbody>\n<\/table>\n<div class=\"buttonset\"><a class=\"btn\" title=\"Decking\" href=\"https:\/\/www.advantageflorestal.com.br\/fsc-hardwood-decking\/\">Mais informa\u00e7\u00f5es<\/a><a class=\"btn\" href=\"https:\/\/www.advantageflorestal.com.br\/fsc-hardwood-decking\/\">Obter uma cota\u00e7\u00e3o<\/a><\/div>\n<\/div>\n<\/div>\n<div class=\"clearer2\"><\/div>\n<div class=\"equalrowc\">\n<div class=\"equalcol1c\">\n<h2 class=\"widget-title\">\u00a0Assoalhos de borda ao vivo nos fornos da Fl\u00f3rida<\/h2>\n<p><a title=\"Live Edge Slabs Florida Kiln -Advantage Lumber\" href=\"\/wp-content\/uploads\/2017\/04\/advantage-air-kiln-florida-large.png\" data-rel=\"\u201dlightbox\u201d\"><img decoding=\"async\" class=\"decktilesimagesv2\" title=\"Advantage Florida Kiln Drying\" src=\"\/wp-content\/uploads\/2017\/04\/advantage-air-kiln-florida-small.png\" alt=\"Advantage Florida Kiln Drying\" data-rel=\"\u201dlightbox\u201d\" \/><\/a><\/p>\n<\/div>\n<div class=\"equalcol2c\">\n<h2 class=\"widget-title\">\u00a0Assoalhos de borda ao vivo em fornos a v\u00e1cuo<\/h2>\n<p><a title=\"Live Edge Slabs Florida Vacuum Kiln -Advantage Florestal\" href=\"\/..\/wp-content\/uploads\/2017\/04\/advantage-vacuum-kiln-florida-large.png\" data-rel=\"\u201dlightbox\u201d\"><img decoding=\"async\" class=\"decktilesimagesv2\" title=\"Advantage Lumber Vacuum Kiln\" src=\"\/..\/wp-content\/uploads\/2017\/04\/advantage-vacuum-kiln-florida-small.png\" alt=\"Advantage Lumber Vacuum Kiln\" data-rel=\"\u201dlightbox\u201d\" \/><\/a><\/p>\n<\/div>\n<div class=\"equalcol3c\">\n<h2 class=\"widget-title\">Assoalhos de borda ao ar livre no forno de Brasil<\/h2>\n<p><a title=\"Live Edge Slabs Brazil Kiln -Advantage Florestal\" href=\"https:\/\/www.advantageflorestal.com.br\/wp-content\/uploads\/2017\/07\/kiln.jpg\" data-rel=\"\u201dlightbox\u201d\"><img decoding=\"async\" class=\"decktilesimagesv2\" title=\"Kiln Drying in the Brazil Kiln\" src=\"https:\/\/www.advantageflorestal.com.br\/wp-content\/uploads\/2017\/07\/kiln-300px.jpg\" alt=\"Kiln Drying in the Brazil Kiln\" data-rel=\"\u201dlightbox\u201d\" \/><\/a><\/p>\n<\/div>\n<\/div>\n<div class=\"equalrow\">\n<div class=\"equalcol1-products\">\n<h2 class=\"builder-text-section-title\">Madeira serrada<\/h2>\n<div><a title=\"Rough Sawn -Advantage Lumber\" href=\"\/images\/roughsawn1.jpg\" data-rel=\"\u201dlightbox\u201d\"><img decoding=\"async\" class=\"decktilesimagesv2\" title=\"Rough Sawn - Advantage Lumber\" src=\"\/images\/roughsawn1small.jpg\" alt=\"Rough Sawn - Advantage Lumber\" width=\"100%\" \/><\/a><\/div>\n<div class=\"prodtext\"><strong>Nossa madeira serrada em bruto est\u00e1 dispon\u00edvel em FSC e n\u00e3o FSC, bem como em GMS (largura e comprimento aleat\u00f3rios) ou largura fixa (ordenada para largura e corte grosso em largura). Toda a nossa madeira serrada \u00e9 uma serra para uma espessura de produ\u00e7\u00e3o mais consistente do que tradicionalmente a madeira serrada circular. Podemos fornecer madeira matinal AD (seca ao ar), PAD (parcialmente seca no ar) ou KD (em estufa seca). A pedido, podemos classificar a figura, como o quarto de serrar, serrar plan\u00edcie, encaracolado, olho de p\u00e1ssaro, etc. Podemos secar no forno para o t\u00edpico conte\u00fado de umidade de 6-8% para o uso do interior norte-americano, 10-12% MC para o interior europeu Uso ou outros n\u00edveis conforme necess\u00e1rio para sua regi\u00e3o ou projeto. Podemos cortar a espessura de madeira padr\u00e3o de 4\/4 (1 \u201cou 25mm), 5\/4 (1 \u00bc\u201d ou 32mm), 6\/4 (1 \u00bd \u201cou 38mm), 8\/4 (2\u201d ou 50mm), Ou mais grosso, conforme necess\u00e1rio. As larguras de muitas das nossas esp\u00e9cies podem ser muito amplas. Se voc\u00ea tiver requisitos especiais, avise-nos.<\/strong><\/div>\n<div class=\"buttonset\"><a class=\"btn\" title=\"Decking\" href=\"https:\/\/www.advantageflorestal.com.br\/rough-sawn-dimensional-lumber-fsc-certified-wholesale-available\/\">More Info<\/a><a class=\"btn\" title=\"Get A Quote\" href=\"https:\/\/www.advantageflorestal.com.br\/rough-sawn-dimensional-lumber-fsc-certified-wholesale-available\/\">Get A Quote<\/a><\/div>\n<\/div>\n<div class=\"equalcol2-products\">\n<h2 class=\"builder-text-section-title\">Revestimento de madeira<\/h2>\n<div style=\"text-align: left;\"><a title=\"Massaranduba (Manilkara Bidentata spp.)\" href=\"https:\/\/www.advantageflorestal.com.br\/wp-content\/uploads\/2017\/04\/flooring.jpg\" data-rel=\"\u201dlightbox\u201d\"><img decoding=\"async\" class=\"decktilesimagesv2\" src=\"https:\/\/www.advantageflorestal.com.br\/wp-content\/uploads\/2017\/07\/flooring-444px.png\" width=\"100%\" \/><\/a><\/div>\n<div class=\"prodtext\"><strong>N\u00f3s produzimos pisos de madeira em uma variedade de esp\u00e9cies de madeiras tropicais como Cumaru, Tigerwood, Ipe, Jatoba, Andiroba e muitos outros. Nosso piso de dimens\u00e3o mais comum \u00e9 um rosto de \u00be \u201c(19mm) de espessura x 5\u201d (127mm), mas tamb\u00e9m usamos uma variedade de outras espessuras e larguras. Normalmente, usamos o piso de 1 \u2018a 7\u2019 de comprimento, com uma m\u00e9dia de 3 \u2018. N\u00f3s tamb\u00e9m fabricamos pisos de comprimento longo personalizados mediante solicita\u00e7\u00e3o. N\u00f3s enviamos apenas pisos n\u00e3o acabados da f\u00e1brica do Brasil, mas tamb\u00e9m podemos produzir pisos pr\u00e9-acabados em nossas instala\u00e7\u00f5es dos EUA em volumes pequenos ou grandes.<\/strong><\/div>\n<div class=\"buttonset\"><a class=\"btn\" title=\"Decking\" href=\"https:\/\/www.advantageflorestal.com.br\/fsc-hardwood-decking\/\">Mais informa\u00e7\u00f5es<\/a><a class=\"btn\" href=\"https:\/\/www.advantageflorestal.com.br\/fsc-hardwood-decking\/\">Obter uma cota\u00e7\u00e3o<\/a><\/div>\n<\/div>\n<\/div>\n","protected":false},"excerpt":{"rendered":"<p>Decking de madeira Moinho de madeira ex\u00f3tica em uma variedade de esp\u00e9cies como Ipe, Cumaru, Tigerwood (Muiracatiara), Jatoba, Itauba, Garapa&hellip;<\/p>\n","protected":false},"author":1,"featured_media":84,"parent":0,"menu_order":0,"comment_status":"closed","ping_status":"closed","template":"","meta":{"footnotes":""},"class_list":["post-616","page","type-page","status-publish","has-post-thumbnail","hentry"],"translation":{"provider":"WPGlobus","version":"3.0.2","language":"br","enabled_languages":["en","es","de","fr","ru","br"],"languages":{"en":{"title":true,"content":true,"excerpt":false},"es":{"title":false,"content":false,"excerpt":false},"de":{"title":false,"content":false,"excerpt":false},"fr":{"title":false,"content":false,"excerpt":false},"ru":{"title":false,"content":false,"excerpt":false},"br":{"title":true,"content":true,"excerpt":false}}},"_links":{"self":[{"href":"https:\/\/advantageflorestal.com.br\/br\/wp-json\/wp\/v2\/pages\/616","targetHints":{"allow":["GET"]}}],"collection":[{"href":"https:\/\/advantageflorestal.com.br\/br\/wp-json\/wp\/v2\/pages"}],"about":[{"href":"https:\/\/advantageflorestal.com.br\/br\/wp-json\/wp\/v2\/types\/page"}],"author":[{"embeddable":true,"href":"https:\/\/advantageflorestal.com.br\/br\/wp-json\/wp\/v2\/users\/1"}],"replies":[{"embeddable":true,"href":"https:\/\/advantageflorestal.com.br\/br\/wp-json\/wp\/v2\/comments?post=616"}],"version-history":[{"count":1,"href":"https:\/\/advantageflorestal.com.br\/br\/wp-json\/wp\/v2\/pages\/616\/revisions"}],"predecessor-version":[{"id":38607,"href":"https:\/\/advantageflorestal.com.br\/br\/wp-json\/wp\/v2\/pages\/616\/revisions\/38607"}],"wp:featuredmedia":[{"embeddable":true,"href":"https:\/\/advantageflorestal.com.br\/br\/wp-json\/wp\/v2\/media\/84"}],"wp:attachment":[{"href":"https:\/\/advantageflorestal.com.br\/br\/wp-json\/wp\/v2\/media?parent=616"}],"curies":[{"name":"wp","href":"https:\/\/api.w.org\/{rel}","templated":true}]}}