{"id":614,"date":"2017-04-03T20:11:01","date_gmt":"2017-04-03T20:11:01","guid":{"rendered":"https:\/\/advantageflorestal.com.br\/?page_id=81"},"modified":"2017-04-03T20:11:01","modified_gmt":"2017-04-03T20:11:01","slug":"wood-species","status":"publish","type":"page","link":"https:\/\/advantageflorestal.com.br\/br\/wood-species\/","title":{"rendered":"Esp\u00e9cies &#8211; Nossas esp\u00e9cies ex\u00f3ticas de madeira dura"},"content":{"rendered":"<div class=\"gallery\" style=\"background-image: url('https:\/\/www.advantageflorestal.com.br\/wp-content\/uploads\/2017\/04\/IpeBig.png');\">\n<div class=\"desc\"><em>IPE<\/em><\/div>\n<div class=\"FLreadmore\"><a href=\"https:\/\/www.advantageflorestal.com.br\/hardwood-species\/ipe\"><button><br \/>\nconsulte Mais informa\u00e7\u00e3o<\/button><\/a><\/div>\n<\/div>\n<div class=\"gallery\" style=\"background-image: url('https:\/\/www.advantageflorestal.com.br\/wp-content\/uploads\/2017\/04\/CumaruBig.png');\">\n<div class=\"desc\"><em>Cumaru<\/em><\/div>\n<div class=\"FLreadmore\"><a href=\"https:\/\/www.advantageflorestal.com.br\/hardwood-species\/cumaru\"><button><br \/>\nconsulte Mais informa\u00e7\u00e3o<\/button><\/a><\/div>\n<\/div>\n<div class=\"gallery\" style=\"background-image: url('\\'https:\/\/www.advantageflorestal.com.br\/wp-content\/uploads\/2017\/04\/TigerwoodBig-1.png');\">\n<div class=\"desc\"><em>Tigerwood<\/em><\/div>\n<div class=\"FLreadmore\"><a href=\"https:\/\/www.advantageflorestal.com.br\/hardwood-species\/tigerwood\"><button><br \/>\nconsulte Mais informa\u00e7\u00e3o<\/button><\/a><\/div>\n<\/div>\n<div class=\"gallery\" style=\"background-image: url('https:\/\/www.advantageflorestal.com.br\/wp-content\/uploads\/2017\/04\/GarapaBig.png');\">\n<div class=\"desc\"><em>Garapa<\/em><\/div>\n<div class=\"FLreadmore\"><a href=\"https:\/\/www.advantageflorestal.com.br\/hardwood-species\/garapa\"><button><br \/>\nconsulte Mais informa\u00e7\u00e3o<\/button><\/a><\/div>\n<\/div>\n<div class=\"gallery\" style=\"background-image: url('https:\/\/www.advantageflorestal.com.br\/wp-content\/uploads\/2017\/04\/MassarandubaBig.png');\">\n<div class=\"desc\"><em>Massaranduba<\/em><\/div>\n<div class=\"FLreadmore\"><a href=\"https:\/\/www.advantageflorestal.com.br\/hardwood-species\/massaranduba\"><button\nconsulte Mais informa\u00e7\u00e3o<\/a><\/div>\n<\/div>\n<div class=\"gallery\" style=\"background-image: url('https:\/\/www.advantageflorestal.com.br\/wp-content\/uploads\/2017\/04\/JatobaBig.png');\">\n<div class=\"desc\"><em>Jatoba<\/em><\/div>\n<div class=\"FLreadmore\"><a href=\"https:\/\/www.advantageflorestal.com.br\/hardwood-species\/jatoba\"><button><br \/>\nconsulte Mais informa\u00e7\u00e3o<\/button><\/a><\/div>\n<\/div>\n<div class=\"gallery\" style=\"background-image: url('https:\/\/www.advantageflorestal.com.br\/wp-content\/uploads\/2017\/04\/Angelim_Pedra_large-1.jpg');\">\n<div class=\"desc\"><em>Angelim Pedra<\/em><\/div>\n<div class=\"FLreadmore\"><a href=\"https:\/\/www.advantageflorestal.com.br\/hardwood-species\/angelim-pedra\"><button><br \/>\nconsulte Mais informa\u00e7\u00e3o<\/button><\/a><\/div>\n<\/div>\n<div class=\"gallery\" style=\"background-image: url('https:\/\/www.advantageflorestal.com.br\/wp-content\/uploads\/2017\/04\/andirobabig.png');\">\n<div class=\"desc\"><em>Andiroba<\/em><\/div>\n<div class=\"FLreadmore\"><a href=\"https:\/\/www.advantageflorestal.com.br\/hardwood-species\/andiroba\"><button><br \/>\nconsulte Mais informa\u00e7\u00e3o<\/button><\/a><\/div>\n<\/div>\n<div class=\"gallery\" style=\"background-image: url('https:\/\/www.advantageflorestal.com.br\/wp-content\/uploads\/2017\/04\/Tauari.png');\">\n<div class=\"desc\"><em>Tauari<\/em><\/div>\n<div class=\"FLreadmore\"><a href=\"https:\/\/www.advantageflorestal.com.br\/hardwood-species\/tauari\"><button><br \/>\nconsulte Mais informa\u00e7\u00e3o<\/button><\/a><\/div>\n<\/div>\n<div class=\"gallery\" style=\"background-image: url('https:\/\/www.advantageflorestal.com.br\/wp-content\/uploads\/2017\/04\/Tatajuba.png');\">\n<div class=\"desc\"><em>Tatajuba<\/em><\/div>\n<div class=\"FLreadmore\"><a href=\"https:\/\/www.advantageflorestal.com.br\/hardwood-species\/tatajuba\"><button><br \/>\nconsulte Mais informa\u00e7\u00e3o<\/button><\/a><\/div>\n<\/div>\n<div class=\"gallery\" style=\"background-image: url('https:\/\/www.advantageflorestal.com.br\/wp-content\/uploads\/2017\/04\/Angelim-Vermelho-1.png');\">\n<div class=\"desc\"><em>Angelim Vermehlo<\/em><\/div>\n<div class=\"FLreadmore\"><a href=\"https:\/\/www.advantageflorestal.com.br\/hardwood-species\/angelim-vermelho\"><button><br \/>\nconsulte Mais informa\u00e7\u00e3o<\/button><\/a><\/div>\n<\/div>\n<div class=\"gallery\" style=\"background-image: url('https:\/\/www.advantageflorestal.com.br\/wp-content\/uploads\/2017\/04\/Itauba.png');\">\n<div class=\"desc\"><em>IPE<\/em><\/div>\n<div class=\"FLreadmore\"><a href=\"https:\/\/www.advantageflorestal.com.br\/hardwood-species\/itauba\"><button><br \/>\nconsulte Mais informa\u00e7\u00e3o<\/button><\/a><\/div>\n<\/div>\n<div class=\"gallery\" style=\"background-image: url('https:\/\/www.advantageflorestal.com.br\/wp-content\/uploads\/2017\/07\/Quaruba-grain-shot-900x225.jpg');\">\n<div class=\"desc\"><em>Quaruba<\/em><\/div>\n<div class=\"FLreadmore\"><a href=\"https:\/\/www.advantageflorestal.com.br\/hardwood-species\/quaruba\/\"><button><br \/>\nconsulte Mais informa\u00e7\u00e3o<\/button><\/a><\/div>\n<\/div>\n<div class=\"gallery\" style=\"background-image: url('https:\/\/www.advantageflorestal.com.br\/wp-content\/uploads\/2017\/07\/Cambara-grain-900x225.jpg');\">\n<div class=\"desc\"><em>Cambara<\/em><\/div>\n<div class=\"FLreadmore\"><a href=\"https:\/\/www.advantageflorestal.com.br\/hardwood-species\/cambara\/\"><button><br \/>\nconsulte Mais informa\u00e7\u00e3o<\/button><\/a><\/div>\n<\/div>\n<div class=\"gallery\" style=\"background-image: url('https:\/\/www.advantageflorestal.com.br\/wp-content\/uploads\/2017\/07\/Bloodwood-Grain-Shot-900x225.jpg');\">\n<div class=\"desc\"><em>Bloodwood<\/em><\/div>\n<div class=\"FLreadmore\"><a href=\"https:\/\/www.advantageflorestal.com.br\/hardwood-species\/bloodwood\/\"><button><br \/>\nconsulte Mais informa\u00e7\u00e3o<\/button><\/a><\/div>\n<\/div>\n<div class=\"text-content\">\n<h3>We mill many other species besides these, please give us a<a style=\"text-decoration: none;\" title=\"Telephone\" href=\"tel:+19413889299\"> call at +1(941)388-9299<\/a> for all your lumber needs.<\/h3>\n<\/div>\n","protected":false},"excerpt":{"rendered":"<p>IPE consulte Mais informa\u00e7\u00e3o Cumaru consulte Mais informa\u00e7\u00e3o Tigerwood consulte Mais informa\u00e7\u00e3o Garapa consulte Mais informa\u00e7\u00e3o Massaranduba<\/p>\n","protected":false},"author":1,"featured_media":4737,"parent":0,"menu_order":0,"comment_status":"closed","ping_status":"closed","template":"","meta":{"footnotes":""},"class_list":["post-614","page","type-page","status-publish","has-post-thumbnail","hentry"],"translation":{"provider":"WPGlobus","version":"3.0.2","language":"br","enabled_languages":["en","es","de","fr","ru","br"],"languages":{"en":{"title":true,"content":true,"excerpt":false},"es":{"title":false,"content":false,"excerpt":false},"de":{"title":false,"content":false,"excerpt":false},"fr":{"title":false,"content":false,"excerpt":false},"ru":{"title":false,"content":false,"excerpt":false},"br":{"title":true,"content":true,"excerpt":false}}},"_links":{"self":[{"href":"https:\/\/advantageflorestal.com.br\/br\/wp-json\/wp\/v2\/pages\/614","targetHints":{"allow":["GET"]}}],"collection":[{"href":"https:\/\/advantageflorestal.com.br\/br\/wp-json\/wp\/v2\/pages"}],"about":[{"href":"https:\/\/advantageflorestal.com.br\/br\/wp-json\/wp\/v2\/types\/page"}],"author":[{"embeddable":true,"href":"https:\/\/advantageflorestal.com.br\/br\/wp-json\/wp\/v2\/users\/1"}],"replies":[{"embeddable":true,"href":"https:\/\/advantageflorestal.com.br\/br\/wp-json\/wp\/v2\/comments?post=614"}],"version-history":[{"count":0,"href":"https:\/\/advantageflorestal.com.br\/br\/wp-json\/wp\/v2\/pages\/614\/revisions"}],"wp:featuredmedia":[{"embeddable":true,"href":"https:\/\/advantageflorestal.com.br\/br\/wp-json\/"}],"wp:attachment":[{"href":"https:\/\/advantageflorestal.com.br\/br\/wp-json\/wp\/v2\/media?parent=614"}],"curies":[{"name":"wp","href":"https:\/\/api.w.org\/{rel}","templated":true}]}}