{"id":4073,"date":"2017-08-03T14:45:16","date_gmt":"2017-08-03T14:45:16","guid":{"rendered":"https:\/\/www.advantageflorestal.com.br\/?page_id=4073"},"modified":"2019-06-05T18:00:57","modified_gmt":"2019-06-05T18:00:57","slug":"fsc-hardwood-decking","status":"publish","type":"page","link":"https:\/\/advantageflorestal.com.br\/br\/","title":{"rendered":"Advantage madeira dura ex\u00f3tica Decking\u00ae Deck madeira"},"content":{"rendered":"<div class=\"wrap\">\n<section class=\"slide slide-three\">\n<h1>Sua fonte direta de madeira<\/h1>\n<div id=\"polina\">\n<p>Fabricantes de decks, decks modulares de madeira (Deck Tiles), pisos e produtos de madeira certificados pelo FSC<\/p>\n<\/div>\n<\/section>\n<ul>\n<li class=\"flex-item-menu\">Bem vindo `a Advantage Florestal<\/li>\n<\/ul>\n<ul>\n<li class=\"flex-item-menu\">Conhe\u00e7a um pouco da nossa f\u00e1brica<\/li>\n<\/ul>\n<ul>\n<li class=\"flex-item-menu\">Nossos Decks de Madeira<\/li>\n<\/ul>\n<ul>\n<li class=\"flex-item-menu\">Nossos Decks Modulares De Madeira<\/li>\n<\/ul>\n<div>\n<div class=\"text-content\">\n<h1 class=\"pagetitles\">Advantage Decking\u00ae Advantage Florestal Deck madeira<\/h1>\n<p style=\"text-align: left;\"><strong><span style=\"color: #333333;\">Para a fabrica\u00e7\u00e3o dos nossos Decks, utilizamos madeiras ex\u00f3ticas em uma variedade de esp\u00e9cies como <a href=\"https:\/\/www.advantageflorestal.com.br\/br\/hardwood-species\/ipe\/\">Ipe<\/a>, <a href=\"https:\/\/www.advantageflorestal.com.br\/br\/hardwood-species\/cumaru\/\">Cumaru<\/a>, <a href=\"https:\/\/www.advantageflorestal.com.br\/br\/hardwood-species\/tigerwood\/\">Tigerwood (Muiracatiara)<\/a>, <a href=\"https:\/\/www.advantageflorestal.com.br\/br\/hardwood-species\/jatoba\/\">Jatoba<\/a>, <a href=\"https:\/\/www.advantageflorestal.com.br\/br\/hardwood-species\/itauba\/\">Itauba<\/a>, <a href=\"https:\/\/www.advantageflorestal.com.br\/br\/hardwood-species\/garapa\/\">Garapa<\/a>,e muitas outras esp\u00e9cies <a href=\"https:\/\/www.advantageflorestal.com.br\/br\/wood-species\/\">da Am\u00e9rica do Sul.<\/a>. Fornecemos decks para v\u00e1rios mercados, como Am\u00e9rica do Norte, Europa, Austr\u00e1lia entre outras regi\u00f5es. Nossos decks s\u00e3o fabricados com perfil liso, S4S (4 lados na superf\u00edcie) E4E (4 lados), antiderrapante e personalizado. O raio padr\u00e3o para a maioria dos decks \u00e9 de 3mm, mas tamb\u00e9m produzimos bordas com raio de 5mm e outros tamanhos mediante solicita\u00e7\u00e3o. Nosso deck de Ip\u00ea est\u00e1 dispon\u00edvel AD (seco ao ar) ou KD (seco no forno). Por\u00e9m, as outras esp\u00e9cies que usamos s\u00e3o geralmente secas em estufa\/forno. Na maioria das vezes, nossos decks tem um percentual de umidade entre 12-14% MC. Mas tamb\u00e9m podemos secar pisos exteriores com percentual de umidade de acordo com o que o nosso cliente precisa. Como todos os nossos produtos de madeira, podemos fornecer o nosso deck com certifica\u00e7\u00e3o FSC ou n\u00e3o.<\/span><\/strong><\/p>\n<p><a title=\"Advantage Lumber Decking Production\" href=\"https:\/\/www.advantageflorestal.com.br\/images\/Decking_Large_1.jpg\" data-rel=\"\u201dlightbox\"><img decoding=\"async\" class=\"deckingimages\" src=\"https:\/\/www.advantageflorestal.com.br\/images\/Decking_Small_1.jpg\" width=\"auto\" height=\"auto\" \/><\/a><a title=\"Advantage Lumber Decking Production\" href=\"https:\/\/www.advantageflorestal.com.br\/images\/Decking_Large_2.jpg\" data-rel=\"\u201dlightbox\"><img decoding=\"async\" class=\"deckingimages\" src=\"https:\/\/www.advantageflorestal.com.br\/images\/Decking_Small_2.jpg\" width=\"auto\" height=\"auto\" \/><\/a><a title=\"Advantage Lumber Decking Production\" href=\"https:\/\/www.advantageflorestal.com.br\/images\/Decking_Large_3.jpg\" data-rel=\"\u201dlightbox\"><img decoding=\"async\" class=\"deckingimages\" src=\"https:\/\/www.advantageflorestal.com.br\/images\/Decking_Small_3.jpg\" width=\"auto\" height=\"auto\" \/><\/a><a title=\"Advantage Lumber Decking Production\" href=\"https:\/\/www.advantageflorestal.com.br\/images\/Decking_Large_4.jpg\" data-rel=\"\u201dlightbox\"><img decoding=\"async\" class=\"deckingimages\" src=\"https:\/\/www.advantageflorestal.com.br\/images\/Decking_Small_4.jpg\" width=\"auto\" height=\"auto\" \/><\/a><a title=\"Advantage Lumber Decking Production\" href=\"https:\/\/www.advantageflorestal.com.br\/images\/Decking_Large_5.jpg\" data-rel=\"\u201dlightbox\"><img decoding=\"async\" class=\"deckingimages\" src=\"https:\/\/www.advantageflorestal.com.br\/images\/Decking_Small_5.jpg\" width=\"auto\" height=\"auto\" \/><\/a><a title=\"Advantage Lumber Decking Production\" href=\"..\/images\/Decking_Large_6.jpg\" data-rel=\"\u201dlightbox\"><img decoding=\"async\" class=\"deckingimages\" src=\"https:\/\/www.advantageflorestal.com.br\/images\/Decking_Small_6.jpg\" width=\"auto\" height=\"auto\" \/><\/a><a title=\"Cumaru Pregrooved Decking\" href=\"https:\/\/advantageflorestal.com.br\/wp-content\/uploads\/2017\/07\/Cumaru_Decking.jpg\" data-rel=\"\u201dlightbox\"><img decoding=\"async\" class=\"deckingimages\" src=\"https:\/\/advantageflorestal.com.br\/wp-content\/uploads\/2018\/02\/Cumaru_Deckingx300.jpg\" width=\"auto\" height=\"auto\" \/><\/a><a title=\"Garapa standard dimensional decking lumber blanks\" href=\"https:\/\/advantageflorestal.com.br\/wp-content\/uploads\/2017\/07\/garrapa_decking.jpg\" data-rel=\"\u201dlightbox\"><img decoding=\"async\" class=\"deckingimages\" src=\"https:\/\/advantageflorestal.com.br\/wp-content\/uploads\/2018\/02\/garrapa_deckingx300.jpg\" width=\"auto\" height=\"auto\" \/><\/a><\/p>\n<\/div>\n<div>\n<h2>Algumas das raz\u00f5es pelas quais voc\u00ea pode comprar, com confian\u00e7a, os produtos da nossa f\u00e1brica s\u00e3o:<\/h2>\n<ul>\n<li style=\"list-style-type: none;\">\n<ul>\n<li style=\"text-align: left;\"><strong><span style=\"color: #333333;\">Somos especializados em deck<\/span><\/strong><\/li>\n<\/ul>\n<\/li>\n<\/ul>\n<ul>\n<li style=\"list-style-type: none;\">\n<ul>\n<li style=\"text-align: left;\"><strong><span style=\"color: #333333;\">Enviamos cont\u00eainers para todo o mundo<\/span><\/strong><\/li>\n<\/ul>\n<\/li>\n<\/ul>\n<ul>\n<li style=\"list-style-type: none;\">\n<ul>\n<li style=\"text-align: left;\"><strong><span style=\"color: #333333;\">Todos os nossos decks s\u00e3o fabricados com nossos equipamentos de \u00faltima gera\u00e7\u00e3o<\/span><\/strong><\/li>\n<\/ul>\n<\/li>\n<\/ul>\n<ul>\n<li style=\"list-style-type: none;\">\n<ul>\n<li style=\"text-align: left;\"><strong><span style=\"color: #333333;\">Temos deck que n\u00e3o s\u00e3o t\u00e3o comuns<\/span><\/strong><\/li>\n<\/ul>\n<\/li>\n<\/ul>\n<ul>\n<li style=\"list-style-type: none;\">\n<ul>\n<li style=\"text-align: left;\"><strong><span style=\"color: #333333;\">Proporcionamos uma melhor qualidade de vida para os nossos colaboradores<\/span><\/strong><\/li>\n<\/ul>\n<\/li>\n<\/ul>\n<ul>\n<li style=\"list-style-type: none;\">\n<ul>\n<li style=\"text-align: left;\"><strong><span style=\"color: #333333;\">Toda a nossa madeira \u00e9 comprada apenas de pr\u00e1ticas florestais sustent\u00e1veis<\/span><\/strong><\/li>\n<\/ul>\n<\/li>\n<\/ul>\n<ul>\n<li style=\"list-style-type: none;\">\n<ul>\n<li style=\"text-align: left;\"><strong><span style=\"color: #333333;\">Todas as nossas madeiras est\u00e3o dispon\u00edveis com<a href=\"https:\/\/www.advantageflorestal.com.br\/br\/fsc-certification\/\">certifica\u00e7\u00e3o FSC<\/a><\/span><\/strong><\/li>\n<\/ul>\n<\/li>\n<\/ul>\n<ul>\n<li style=\"text-align: left;\"><strong><span style=\"color: #333333;\">A Advantage Florestal tem equipamento adequado para cortar decks em praticamente todos os tamanhos. E, regurlamente produz em diferentes tamanhos para diferentes pa\u00edses.<\/span><\/strong><\/li>\n<\/ul>\n<p style=\"text-align: left;\"><strong><span style=\"color: #333333;\">Ligue para gente ou nos envie um e-mail para que possamos te dar algumas ideias a respeito de novas tend\u00eancias em decks. Sabendo ainda, que voc\u00ea estar\u00e1 comprando os melhores produtos, com os melhores pre\u00e7os, com tranquilidade.<\/span><\/strong> <strong><span style=\"color: #333333;\">Nossa equipe est\u00e1 sempre focada em nossos clientes, porque entendemos que voc\u00ea tamb\u00e9m est\u00e1!<\/span><\/strong><\/p>\n<h3 style=\"text-align: center;\">Ready to get started on your decking project ?<\/h3>\n<\/div>\n<h3 style=\"text-align: center;\">Please fill out the form below and we will contact you to get started.<\/h3>\n<\/div>\n<div>\n<p>[contact-form-7 id=&#8221;3179&#8243; title=&#8221;Decking Quote Request Portugese&#8221;]<\/p>\n<\/div>\n","protected":false},"excerpt":{"rendered":"<p>Sua fonte direta de madeira Fabricantes de decks, decks modulares de madeira (Deck Tiles), pisos e produtos de madeira certificados&hellip;<\/p>\n","protected":false},"author":1,"featured_media":5025,"parent":0,"menu_order":0,"comment_status":"closed","ping_status":"closed","template":"","meta":{"footnotes":""},"class_list":["post-4073","page","type-page","status-publish","has-post-thumbnail","hentry"],"translation":{"provider":"WPGlobus","version":"3.0.2","language":"br","enabled_languages":["en","es","de","fr","ru","br"],"languages":{"en":{"title":true,"content":true,"excerpt":false},"es":{"title":false,"content":false,"excerpt":false},"de":{"title":false,"content":false,"excerpt":false},"fr":{"title":false,"content":false,"excerpt":false},"ru":{"title":false,"content":false,"excerpt":false},"br":{"title":true,"content":true,"excerpt":false}}},"_links":{"self":[{"href":"https:\/\/advantageflorestal.com.br\/br\/wp-json\/wp\/v2\/pages\/4073","targetHints":{"allow":["GET"]}}],"collection":[{"href":"https:\/\/advantageflorestal.com.br\/br\/wp-json\/wp\/v2\/pages"}],"about":[{"href":"https:\/\/advantageflorestal.com.br\/br\/wp-json\/wp\/v2\/types\/page"}],"author":[{"embeddable":true,"href":"https:\/\/advantageflorestal.com.br\/br\/wp-json\/wp\/v2\/users\/1"}],"replies":[{"embeddable":true,"href":"https:\/\/advantageflorestal.com.br\/br\/wp-json\/wp\/v2\/comments?post=4073"}],"version-history":[{"count":5,"href":"https:\/\/advantageflorestal.com.br\/br\/wp-json\/wp\/v2\/pages\/4073\/revisions"}],"predecessor-version":[{"id":38594,"href":"https:\/\/advantageflorestal.com.br\/br\/wp-json\/wp\/v2\/pages\/4073\/revisions\/38594"}],"wp:featuredmedia":[{"embeddable":true,"href":"https:\/\/advantageflorestal.com.br\/br\/wp-json\/"}],"wp:attachment":[{"href":"https:\/\/advantageflorestal.com.br\/br\/wp-json\/wp\/v2\/media?parent=4073"}],"curies":[{"name":"wp","href":"https:\/\/api.w.org\/{rel}","templated":true}]}}