{"id":3585,"date":"2017-07-24T12:49:43","date_gmt":"2017-07-24T12:49:43","guid":{"rendered":"https:\/\/www.advantageflorestal.com.br\/?page_id=3585"},"modified":"2019-06-05T18:15:56","modified_gmt":"2019-06-05T18:15:56","slug":"fsc-certified-wholesale-mill-brazil","status":"publish","type":"page","link":"https:\/\/advantageflorestal.com.br\/br\/fsc-certified-wholesale-mill-brazil\/","title":{"rendered":"Quem Somos &#8211; Atacado Exotic FSC Distribuidor de madeira e madeira"},"content":{"rendered":"<div class=\"wrap\">\n<section class=\"slide slide-two\">\n<h1>Conhe\u00e7a um pouco da nossa f\u00e1brica Brasileira certificada pelo FSC\u00ae<\/h1>\n<div id=\"polina\">Bem vindo \u00e0 nossa fabrica! Saiba mais sobre nossos produtos de madeira FSC vendidos no atacado. N\u00f3s fabricamos uma linha completa de pisos de madeira, Decks Modulares, corrim\u00e3os, bem como a madeira bruta serrrada ou em toras.<\/div>\n<\/section>\n<ul>\n<li class=\"flex-item-menu\">Bem vindo `a Advantage Florestal<\/li>\n<\/ul>\n<p>&nbsp;<\/p>\n<ul>\n<li class=\"flex-item-menu\">Conhe\u00e7a um pouco da nossa f\u00e1brica<\/li>\n<\/ul>\n<p>&nbsp;<\/p>\n<ul>\n<li class=\"flex-item-menu\">Nossos Decks de Madeira<\/li>\n<\/ul>\n<p>&nbsp;<\/p>\n<ul>\n<li class=\"flex-item-menu\">Nossos Decks Modulares De Madeira<\/li>\n<\/ul>\n<p>&nbsp;<\/p>\n<div class=\"fullwidth\">\n<h1 style=\"text-align: center;\"><\/h1>\n<h2 style=\"text-align: center;\">N\u00f3s somos um dos maiores fabricantes da Am\u00e9rica do Sul de produtos de madeira <a title=\"FSC International\" href=\"https:\/\/ic-es.fsc.org\/es\" rel=\"\">certificada pelo FSC<\/a>.<\/h2>\n<p style=\"text-align: left;\">Toda a nossa madeira \u00e9 extra\u00edda de \u00e1reas com Plano de Manejo Florestal Sustent\u00e1vel, a fim de fornecer um recurso intermin\u00e1vel para as gera\u00e7\u00f5es futuras.<br \/>\nA nossa f\u00e1brica em Bel\u00e9m do Par\u00e1, Brasil, \u00e9 equipada com 11 estufas a vapor tendo uma capacidade total de secagem de 1.100 metros c\u00fabicos de madeira, uma linha de produ\u00e7\u00e3o de pisos de madeira ex\u00f3tica, uma linha de produ\u00e7\u00e3o de Deck modulares (Deck tiles) e uma linha de produ\u00e7\u00e3o de deck. Nossa f\u00e1brica foi completamente reformada e modernizada no inverno de 2015. Ampliamos a estrutura para adicionar novos escrit\u00f3rios, reconstru\u00edmos\/ reparamos as nossas 11 estufas e a caldeira, e adquirimos novos equipamentos de produ\u00e7\u00e3o. Advantage Florestal \u00e9 de propriedade de Rob Pelc, de Sarasota Florida. Rob \u00e9 o fundador e propriet\u00e1rio de v\u00e1rias empresas de v\u00e1rios setores que \u00a0v\u00eam crescendo rapidamente. Isso inclui a bem sucedida Advantage Trim &#038; Lumber Company, que personaliza e distribui produtos de madeira desde 1992. Com mais de 20 anos de experi\u00eancia no mercado de madeira serrada, AdvantageLumber.com tem mais de 25.000 clientes nos Estados Unidos, Europa, Canad\u00e1, Bahamas, \u00cdndia, e muitos outros pa\u00edses ao redor do mundo.<\/p>\n<p style=\"text-align: left;\">AdvantageLumber.com tem f\u00e1bricas completamente estruturadas com equipamentos e maquin\u00e1rios de \u00faltima gera\u00e7\u00e3o para a produ\u00e7\u00e3o e acabamento de produtos madeireiros.\u00a0<span style=\"color: #333333;\">Nossas f\u00e1bricas est\u00e3o localizadas nos estados da Fl\u00f3rida, Carolina do Norte, Nova York e Calif\u00f3rnia. A Advantage Florestal tamb\u00e9m fornece madeira serrada para atacadistas e distribuidores em v\u00e1rios pa\u00edses ao redor do mundo. A empresa Advantage Florestal foi fundada em 2014 com o objetivo principal de aumentar a produ\u00e7\u00e3o, melhorar a qualidade do produto final e monitorar rigorosamente a certifica\u00e7\u00e3o legal de todos os nossos produtos.<br \/>\n<\/span><\/p>\n<\/div>\n<div class=\"aboutusbox\">\n<h3><span style=\"color: #333333;\">Nossa miss\u00e3o como fornecedores de produtos de madeira se concentra nas seguintes quest\u00f5es:<\/span><\/h3>\n<ul>\n<li><span style=\"color: #333333;\">Assegurar que todo o nosso material seja colhido de forma respons\u00e1vel para termos impactos positivos no meio ambiente<\/span><\/li>\n<li><span style=\"color: #333333;\"><span style=\"color: #333333;\"><span style=\"color: #333333;\">Assegurar a documenta\u00e7\u00e3o legal para os produtos de madeira que s\u00e3o\u00a0comercializados por\u00a0<\/span><\/span><\/span>n\u00f3s<\/li>\n<li><span style=\"color: #333333;\">Reduzir res\u00edduos e reciclar materiais sempre que poss\u00edvel<\/span><\/li>\n<li><span style=\"color: #333333;\">Manter instala\u00e7\u00f5es modernas, seguras, limpas e organizadas<\/span><\/li>\n<li><span style=\"color: #333333;\">Contribuir para a melhora na qualidade de vida de todos os nossos colaboradores<\/span><\/li>\n<li><span style=\"color: #333333;\">Manter padr\u00f5es consistentes de alta qualidade<\/span><\/li>\n<li><span style=\"color: #333333;\">Fornecer pre\u00e7os justos e comunica\u00e7\u00e3o f\u00e1cil e eficiente<\/span><\/li>\n<li><span style=\"color: #333333;\">Promover produtos de madeira certificada FSC<\/span><\/li>\n<\/ul>\n<p><em><strong><span style=\"color: #333333;\"> Estamos ansiosos para ter a oportunidade de mostrarmos a voc\u00ea um pouco mais sobre a diferen\u00e7a Advantage!<\/span><\/strong><\/em><\/p>\n<\/div>\n<p><img loading=\"lazy\" decoding=\"async\" class=\"size-full wp-image-25\" title=\"The Advantage Florestal Team\" src=\"https:\/\/www.advantageflorestal.com.br\/wp-content\/uploads\/2017\/04\/Brazil-team.png\" alt=\"The team at the Brazil FSC Certifed Mill\" width=\"1521\" height=\"666\" \/><\/p>\n<\/div>\n","protected":false},"excerpt":{"rendered":"<p>Conhe\u00e7a um pouco da nossa f\u00e1brica Brasileira certificada pelo FSC\u00ae Bem vindo \u00e0 nossa fabrica! Saiba mais sobre nossos produtos&hellip;<\/p>\n","protected":false},"author":1,"featured_media":35531,"parent":0,"menu_order":0,"comment_status":"closed","ping_status":"closed","template":"","meta":{"footnotes":""},"class_list":["post-3585","page","type-page","status-publish","has-post-thumbnail","hentry"],"translation":{"provider":"WPGlobus","version":"3.0.2","language":"br","enabled_languages":["en","es","de","fr","ru","br"],"languages":{"en":{"title":true,"content":true,"excerpt":false},"es":{"title":false,"content":false,"excerpt":false},"de":{"title":false,"content":false,"excerpt":false},"fr":{"title":false,"content":false,"excerpt":false},"ru":{"title":false,"content":false,"excerpt":false},"br":{"title":true,"content":true,"excerpt":false}}},"_links":{"self":[{"href":"https:\/\/advantageflorestal.com.br\/br\/wp-json\/wp\/v2\/pages\/3585","targetHints":{"allow":["GET"]}}],"collection":[{"href":"https:\/\/advantageflorestal.com.br\/br\/wp-json\/wp\/v2\/pages"}],"about":[{"href":"https:\/\/advantageflorestal.com.br\/br\/wp-json\/wp\/v2\/types\/page"}],"author":[{"embeddable":true,"href":"https:\/\/advantageflorestal.com.br\/br\/wp-json\/wp\/v2\/users\/1"}],"replies":[{"embeddable":true,"href":"https:\/\/advantageflorestal.com.br\/br\/wp-json\/wp\/v2\/comments?post=3585"}],"version-history":[{"count":2,"href":"https:\/\/advantageflorestal.com.br\/br\/wp-json\/wp\/v2\/pages\/3585\/revisions"}],"predecessor-version":[{"id":38603,"href":"https:\/\/advantageflorestal.com.br\/br\/wp-json\/wp\/v2\/pages\/3585\/revisions\/38603"}],"wp:featuredmedia":[{"embeddable":true,"href":"https:\/\/advantageflorestal.com.br\/br\/wp-json\/"}],"wp:attachment":[{"href":"https:\/\/advantageflorestal.com.br\/br\/wp-json\/wp\/v2\/media?parent=3585"}],"curies":[{"name":"wp","href":"https:\/\/api.w.org\/{rel}","templated":true}]}}