{"id":35210,"date":"2018-01-12T14:09:48","date_gmt":"2018-01-12T14:09:48","guid":{"rendered":"https:\/\/advantageflorestal.com.br\/?page_id=35210"},"modified":"2019-06-05T18:20:09","modified_gmt":"2019-06-05T18:20:09","slug":"lumber-queens","status":"publish","type":"page","link":"https:\/\/advantageflorestal.com.br\/br\/lumber-queens\/","title":{"rendered":"Lumber Queens"},"content":{"rendered":"<div class=\"LQhead\">\n<div class=\"LQheadlogo\">\n<p><img loading=\"lazy\" decoding=\"async\" src=\"https:\/\/advantageflorestal.com.br\/wp-content\/uploads\/2018\/01\/lumber-queens-300x100.png\" alt=\"Lumber Queens Brazilian saw mill\" width=\"300\" height=\"100\" \/><\/p>\n<\/div>\n<div class=\"LQheadtext\">\n<p><span style=\"font-variant-ligatures: normal; font-variant-caps: normal; letter-spacing: normal; orphans: 2; text-align: left; text-indent: 0px; text-transform: none; white-space: pre-wrap; widows: 2; word-spacing: 0px; -webkit-text-stroke-width: 0px; background-color: #ffffff; text-decoration-style: initial; text-decoration-color: initial; display: inline !important; float: none; font-family: arial, sans-serif; font-size: 16px; color: #212121; font-style: normal; font-weight: 400;\">Estamos orgulhosos de apresentar nossa mais nova adi\u00e7\u00e3o: Lumber Queens! Muitos madeireiros se gabam de comprar diretamente da f\u00e1brica. N\u00f3s levamos essa ideia mais alguns passos e compramos a f\u00e1brica. Nossa nova serraria no Brasil est\u00e1 localizada a apenas algumas milhas acima do rio de nossa atual planta de secagem e acabamento.<\/span><\/p>\n<\/div>\n<\/div>\n<div class=\"flex-container-rows-nospace\">\n<div class=\"equalcol1\"><img loading=\"lazy\" decoding=\"async\" class=\"aligncenter size-full wp-image-35251\" src=\"https:\/\/advantageflorestal.com.br\/wp-content\/uploads\/2018\/01\/The-Lumber-Queens.jpg\" alt=\"The Lumber Queens\" width=\"675\" height=\"900\" \/><\/div>\n<div class=\"equalcol2\">\n<p style=\"text-align: left;\">As rainhas da ind\u00fastria madeireira, vice-presidente Betty Pelc disse,\u201c<em><br \/>\nEscolhi o nome para destacar e homenagear o crescente papel das mulheres em nossa empresa e na ind\u00fastria. Durante s\u00e9culos, a ind\u00fastria tem sido dominada por homens e, na maioria das vezes, eles fizeram um \u00f3timo trabalho, mas acho que as mulheres t\u00eam algumas id\u00e9ias negligenciadas h\u00e1 muito tempo para produ\u00e7\u00e3o, distribui\u00e7\u00e3o, tratamento de trabalhadores e ecologia que certamente as coisas s\u00e3o feitas.<\/em>\u201d<br \/>\nA instala\u00e7\u00e3o \u00e9 supervisionada por nossa diretora sul-americana Viviane Peixoto, e as exporta\u00e7\u00f5es s\u00e3o feitas pela gerente de importa\u00e7\u00e3o e exporta\u00e7\u00e3o americana Vanessa Carrano. Estamos construindo uma equipe de poder que inclui muitas mulheres e as coisas est\u00e3o mudando de maneiras excitantes. As instala\u00e7\u00f5es da Lumber Queens abrigam duas linhas separadas de serraria que processam uma combina\u00e7\u00e3o de 34.000 p\u00e9s de t\u00e1buas de madeira por turno. H\u00e1 um porto para receber barca\u00e7as que transportam at\u00e9 850.000 p\u00e9s de toras ao mesmo tempo. O terreno tamb\u00e9m inclui um p\u00e1tio de troncos de 10 acres que armazena at\u00e9 3 milh\u00f5es de p\u00e9s de toras, permitindo que a produ\u00e7\u00e3o continue durante toda a esta\u00e7\u00e3o chuvosa. A instala\u00e7\u00e3o de corte a granel emprega aproximadamente 40 trabalhadores locais al\u00e9m dos 120 funcion\u00e1rios em nosso forno existente. &#8211; Secagem e acabamento de moinho nas proximidades. Assim como todas as nossas outras instala\u00e7\u00f5es, nossa nova serraria \u00e9 certificada pelo FSC. Nossa nova f\u00e1brica fornece blanks \u00e1speros para processamento em nossas instala\u00e7\u00f5es de secagem, onde produzimos decks ex\u00f3ticos, telhas de deck, pisos de madeira, vigas, lajes vivas, blanks de torneamento, madeiras industriais, madeiras de lei de gabinetes e outras certifica\u00e7\u00f5es FSC. produtos de madeira. Todo o material processado em nossas instala\u00e7\u00f5es \u00e9 colhido responsavelmente de florestas bem manejadas.<\/p>\n<\/div>\n<\/div>\n<div class=\"flex-container-rows-nospace\">\n<div class=\"equalcol2\">\n<div class=\"gallerylocker2\">\n<div class=\"gallery2\" style=\"background-image: url('https:\/\/advantageflorestal.com.br\/wp-content\/uploads\/2018\/01\/truckload-of-massaranduba-logsx401.jpg');\">\n<div class=\"desc-fsc\">\n<h5 class=\"teaser\">Caminh\u00f5es cheios de toras prontas para serem mo\u00eddas em nossa serraria brasileira!<\/h5>\n<\/div>\n<\/div>\n<div class=\"gallery2\" style=\"background-image: url('https:\/\/advantageflorestal.com.br\/wp-content\/uploads\/2018\/01\/log-pile-lumber-queens-saw-mill.jpg');\">\n<div class=\"desc-fsc\">\n<h5 class=\"teaser\">Estocando o moinho.<\/h5>\n<\/div>\n<\/div>\n<div class=\"gallery2\" style=\"background-image: url('https:\/\/advantageflorestal.com.br\/wp-content\/uploads\/2018\/01\/log-to-blank.jpg');\">\n<div class=\"desc-fsc\">\n<h5 class=\"teaser\">Aqui est\u00e1 um log pronto para ser cortado em branco.<\/h5>\n<\/div>\n<\/div>\n<div class=\"gallery2\" style=\"background-image: url('https:\/\/advantageflorestal.com.br\/wp-content\/uploads\/2018\/01\/slab-from-log.jpg');\">\n<div class=\"desc-fsc\">\n<h5 class=\"teaser\">O corte de placas de um tronco \u00e9 o primeiro passo no processo de fresagem.<\/h5>\n<\/div>\n<\/div>\n<div class=\"gallery2\" style=\"background-image: url('https:\/\/advantageflorestal.com.br\/wp-content\/uploads\/2018\/01\/milling-blanks-from-slabs.jpg');\">\n<div class=\"desc-fsc\">\n<h5 class=\"teaser\">Branqueamento decks em placas de madeira.<\/h5>\n<\/div>\n<\/div>\n<div class=\"gallery2\" style=\"background-image: url('https:\/\/advantageflorestal.com.br\/wp-content\/uploads\/2018\/01\/decking-blanks.jpg');\">\n<div class=\"desc-fsc\">\n<h5 class=\"teaser\">Decking em branco ap\u00f3s o fresamento.<\/h5>\n<\/div>\n<\/div>\n<\/div>\n<\/div>\n<div class=\"equalcol1\">\n<p><img loading=\"lazy\" decoding=\"async\" class=\"aligncenter size-full wp-image-35267\" src=\"https:\/\/advantageflorestal.com.br\/wp-content\/uploads\/2018\/01\/Viv-and-Betty-massaranduba-log-pile-OSHA.jpg\" alt=\"One of the massive massaranduba log piles\" width=\"675\" height=\"900\" \/><\/p>\n<\/div>\n<\/div>\n","protected":false},"excerpt":{"rendered":"<p>Estamos orgulhosos de apresentar nossa mais nova adi\u00e7\u00e3o: Lumber Queens! Muitos madeireiros se gabam de comprar diretamente da f\u00e1brica. N\u00f3s&hellip;<\/p>\n","protected":false},"author":1,"featured_media":35212,"parent":0,"menu_order":0,"comment_status":"closed","ping_status":"closed","template":"","meta":{"footnotes":""},"class_list":["post-35210","page","type-page","status-publish","has-post-thumbnail","hentry"],"translation":{"provider":"WPGlobus","version":"3.0.2","language":"br","enabled_languages":["en","es","de","fr","ru","br"],"languages":{"en":{"title":true,"content":true,"excerpt":false},"es":{"title":false,"content":false,"excerpt":false},"de":{"title":false,"content":false,"excerpt":false},"fr":{"title":false,"content":false,"excerpt":false},"ru":{"title":false,"content":false,"excerpt":false},"br":{"title":true,"content":true,"excerpt":false}}},"_links":{"self":[{"href":"https:\/\/advantageflorestal.com.br\/br\/wp-json\/wp\/v2\/pages\/35210","targetHints":{"allow":["GET"]}}],"collection":[{"href":"https:\/\/advantageflorestal.com.br\/br\/wp-json\/wp\/v2\/pages"}],"about":[{"href":"https:\/\/advantageflorestal.com.br\/br\/wp-json\/wp\/v2\/types\/page"}],"author":[{"embeddable":true,"href":"https:\/\/advantageflorestal.com.br\/br\/wp-json\/wp\/v2\/users\/1"}],"replies":[{"embeddable":true,"href":"https:\/\/advantageflorestal.com.br\/br\/wp-json\/wp\/v2\/comments?post=35210"}],"version-history":[{"count":1,"href":"https:\/\/advantageflorestal.com.br\/br\/wp-json\/wp\/v2\/pages\/35210\/revisions"}],"predecessor-version":[{"id":38604,"href":"https:\/\/advantageflorestal.com.br\/br\/wp-json\/wp\/v2\/pages\/35210\/revisions\/38604"}],"wp:featuredmedia":[{"embeddable":true,"href":"https:\/\/advantageflorestal.com.br\/br\/wp-json\/"}],"wp:attachment":[{"href":"https:\/\/advantageflorestal.com.br\/br\/wp-json\/wp\/v2\/media?parent=35210"}],"curies":[{"name":"wp","href":"https:\/\/api.w.org\/{rel}","templated":true}]}}