{"id":327,"date":"2017-04-11T15:22:00","date_gmt":"2017-04-11T15:22:00","guid":{"rendered":"https:\/\/advantageflorestal.com.br\/?page_id=327"},"modified":"2017-04-11T15:22:00","modified_gmt":"2017-04-11T15:22:00","slug":"the-janka-scale","status":"publish","type":"page","link":"https:\/\/advantageflorestal.com.br\/br\/the-janka-scale\/","title":{"rendered":"A Escala Janka"},"content":{"rendered":"<section id=\"builder-section-1492543987592\" class=\"builder-section builder-section-first builder-section-text builder-section-last builder-text-columns-1\">\n<div class=\"builder-section-content\">\n<div class=\"builder-text-row\">\n<div id=\"builder-section-1492543987592-column-1\" class=\"builder-text-column builder-text-column-1\">\n<div class=\"builder-text-content\" style=\"background: black;\">\n<p><img loading=\"lazy\" decoding=\"async\" class=\"aligncenter wp-image-1812 size-full\" title=\"Unidade de dureza Janka Por regi\u00e3o\" src=\"https:\/\/www.advantageflorestal.com.br\/wp-content\/uploads\/2017\/04\/janka-portugese-1-1.png\" alt=\" A Unidade Janka Por Regi\u00e3o\" width=\"1024\" height=\"569\" \/><\/p>\n<div class=\"barchart\">\n<ul class=\"chart--horiz\">\n<li class=\"chart__bar\" data-skill=\"30\"><span class=\"chart__label\">Andiroba 1,220 lbf (5,430 N)<\/span><\/li>\n<li class=\"chart__bar\" data-skill=\"40\"><span class=\"chart__label\">Taurai 1650 lbf (7339.56 N)<\/span><\/li>\n<li class=\"chart__bar\" data-skill=\"42.5\"><span class=\"chart__label\">Garapa 1700 lbf (20,040 N)<\/span><\/li>\n<li class=\"chart__bar\" data-skill=\"43\"><span class=\"chart__label\">TataJuba 1,720 lbf (7,650 N)<\/span><\/li>\n<li class=\"chart__bar\" data-skill=\"45\"><span class=\"chart__label\">Cambara 1,730 lbf (7,562 N)<\/span><\/li>\n<li class=\"chart__bar\" data-skill=\"54\"><span class=\"chart__label\">Tigerwood 2,160 lbf (17,500 N)<\/span><\/li>\n<li class=\"chart__bar\" data-skill=\"55\"><span class=\"chart__label\">Cuban Laurel 2,340 lbf (10,390 N)<\/span><\/li>\n<li class=\"chart__bar\" data-skill=\"58.75\"><span class=\"chart__label\">Jatoba 2,350 lbf (25,100 N)<\/span><\/li>\n<li class=\"chart__bar\" data-skill=\"72\"><span class=\"chart__label\">BloodWood 2,900 lbf (12,900 N)<\/span><\/li>\n<li class=\"chart__bar\" data-skill=\"72\"><span class=\"chart__label\">Itauba 2,900 lbf (12,900 N)<\/span><\/li>\n<li class=\"chart__bar\" data-skill=\"76\"><span class=\"chart__label\">Angelim Pedra 3040 lbf (17,600 N)<\/span><\/li>\n<li class=\"chart__bar\" data-skill=\"78\"><span class=\"chart__label\">Angelim Vermelho 3,160 lbf (14,050 N)<\/span><\/li>\n<li class=\"chart__bar\" data-skill=\"80\"><span class=\"chart__label\">Massaranduba 3190 lbf (29,290 N)<\/span><\/li>\n<li class=\"chart__bar\" data-skill=\"88.5\"><span class=\"chart__label\">Cumaru 3540 lbf (25,580 N)<\/span><\/li>\n<li class=\"chart__bar\" data-skill=\"90\"><span class=\"chart__label\">Ipe 3680 lbf (25,860 N)<\/span><\/li>\n<\/ul>\n<\/div>\n<\/div>\n<\/div>\n<\/div>\n<div class=\"builder-text-row\">\n<div id=\"builder-section-1492543987592-column-2\" class=\"builder-text-column builder-text-column-2\">\n<div class=\"builder-text-content\">\n<ul>\n<li><strong><span style=\"color: #000000;\">Qu\u00e3o dif\u00edcil \u00e9 a madeira?<\/span><\/strong><\/li>\n<li><strong><span style=\"color: #000000;\">Como \u00e9 determinado?<\/span><\/strong><\/li>\n<li><strong><span style=\"color: #000000;\">Em que consiste o teste?<\/span><\/strong><\/li>\n<\/ul>\n<p><strong><span style=\"color: #000000;\">Estas s\u00e3o apenas algumas perguntas que podem surgir quando voc\u00ea ouve sobre o qu\u00e3o dif\u00edcil \u00e9 uma madeira. O fato de muitas pessoas n\u00e3o entenderem o teste, e ainda menos parece melhorar. A Janka Scale fez um bom trabalho ao dar uma ampla refer\u00eancia \u00e0 dureza relativa. O que resolveu \u00e9 algo da quest\u00e3o que evoluiu a partir dele.<\/span><\/strong> <strong><span style=\"color: #000000;\">Veja como funciona o teste Janka<\/span><\/strong> <strong><span style=\"color: #000000;\">Uma pequena bola de a\u00e7o de 11,28 mm (0,444 pol) \u00e9 colocada em uma placa. A press\u00e3o \u00e9 ent\u00e3o aplicada \u00e0 bola at\u00e9 que ela coloque a metade da sua largura no peda\u00e7o de madeira. Quando a bola atinge o ponto intermedi\u00e1rio, o teste \u00e9 completado e os resultados registrados. Por raz\u00f5es de consist\u00eancia, o teste \u00e9 conduzido em um gr\u00e3o plano em vez dos lados ou extremidades.<\/span><\/strong> <strong><span style=\"color: #000000;\">Problemas com o Janka Test?<\/span><\/strong> <strong><span style=\"color: #000000;\">T\u00e3o bom quanto o teste Janka \u00e9 para uma &#8220;id\u00e9ia geral&#8221;, ele tem alguns problemas. Qualquer pessoa que gaste muito tempo em folhosa sabe quanto o gr\u00e3o pode variar. A varia\u00e7\u00e3o nesse gr\u00e3o altera a dureza. Uma pequena bola de a\u00e7o s\u00f3 conta uma pequena hist\u00f3ria, sobre uma pequena parte, de um pequeno peda\u00e7o de madeira. Dentro de uma \u00fanica pe\u00e7a de plataforma, \u00e9 conceb\u00edvel que possa haver v\u00e1rios pontos fortes diferentes. Outro problema \u00e9 que a madeira tem uma se\u00e7\u00e3o dura (crescimento outonal) de gr\u00e3os e uma se\u00e7\u00e3o mais macia (crescimento da primavera) em que a pe\u00e7a n\u00e3o est\u00e1 sendo testada como uma unidade inteira.<\/span><\/strong><\/p>\n<\/div>\n<\/div>\n<\/div>\n<div class=\"builder-text-row\"><strong><span style=\"color: #000000;\">\u00a0<\/span><\/strong><\/div>\n<\/div>\n<\/section>\n","protected":false},"excerpt":{"rendered":"<p>Andiroba 1,220 lbf (5,430 N) Taurai 1650 lbf (7339.56 N) Garapa 1700 lbf (20,040 N) TataJuba 1,720 lbf (7,650 N)&hellip;<\/p>\n","protected":false},"author":1,"featured_media":0,"parent":0,"menu_order":0,"comment_status":"closed","ping_status":"closed","template":"","meta":{"footnotes":""},"class_list":["post-327","page","type-page","status-publish","hentry"],"translation":{"provider":"WPGlobus","version":"3.0.2","language":"br","enabled_languages":["en","es","de","fr","ru","br"],"languages":{"en":{"title":true,"content":true,"excerpt":false},"es":{"title":false,"content":false,"excerpt":false},"de":{"title":false,"content":false,"excerpt":false},"fr":{"title":false,"content":false,"excerpt":false},"ru":{"title":false,"content":false,"excerpt":false},"br":{"title":true,"content":true,"excerpt":false}}},"_links":{"self":[{"href":"https:\/\/advantageflorestal.com.br\/br\/wp-json\/wp\/v2\/pages\/327","targetHints":{"allow":["GET"]}}],"collection":[{"href":"https:\/\/advantageflorestal.com.br\/br\/wp-json\/wp\/v2\/pages"}],"about":[{"href":"https:\/\/advantageflorestal.com.br\/br\/wp-json\/wp\/v2\/types\/page"}],"author":[{"embeddable":true,"href":"https:\/\/advantageflorestal.com.br\/br\/wp-json\/wp\/v2\/users\/1"}],"replies":[{"embeddable":true,"href":"https:\/\/advantageflorestal.com.br\/br\/wp-json\/wp\/v2\/comments?post=327"}],"version-history":[{"count":0,"href":"https:\/\/advantageflorestal.com.br\/br\/wp-json\/wp\/v2\/pages\/327\/revisions"}],"wp:attachment":[{"href":"https:\/\/advantageflorestal.com.br\/br\/wp-json\/wp\/v2\/media?parent=327"}],"curies":[{"name":"wp","href":"https:\/\/api.w.org\/{rel}","templated":true}]}}