{"id":2872,"date":"2017-07-07T16:44:21","date_gmt":"2017-07-07T16:44:21","guid":{"rendered":"https:\/\/www.advantageflorestal.com.br\/?page_id=2872"},"modified":"2019-06-05T18:21:23","modified_gmt":"2019-06-05T18:21:23","slug":"rough-sawn-dimensional-lumber-fsc-certified-wholesale-available","status":"publish","type":"page","link":"https:\/\/advantageflorestal.com.br\/br\/rough-sawn-dimensional-lumber-fsc-certified-wholesale-available\/","title":{"rendered":"Serra de madeira \u00e1spera e madeira dimensional &#8211; venda por atacado certificada FSC dispon\u00edvel"},"content":{"rendered":"<p>&nbsp;<\/p>\n<div class=\"aboutusbox\">\n<h2 class=\"widget-title\"><span style=\"color: # 008000;\">madeira serrada rugosa <\/ span> <\/ h2><\/span><\/h2>\n<p style=\"text-align: left;\"><span style=\"color: # 008000;\"><span style=\"color: # 333333;\"><strong>Nossa madeira serrada em bruto est\u00e1 dispon\u00edvel em FSC e n\u00e3o FSC, bem como em GMS (largura e comprimento aleat\u00f3rios ) Ou largura fixa (ordenada para largura e corte grosso em largura). Toda a nossa madeira serrada \u00e9 uma serra para uma espessura de produ\u00e7\u00e3o mais consistente do que tradicionalmente a madeira serrada circular. Podemos fornecer madeira matinal AD (seca ao ar), PAD (parcialmente seca no ar) ou KD (em estufa seca). A pedido, podemos classificar a figura, como o quarto de serrar, serrar plan\u00edcie, encaracolado, olho de p\u00e1ssaro, etc. Podemos secar no forno para o t\u00edpico conte\u00fado de umidade de 6-8% para o uso do interior norte-americano, 10-12% MC para o interior europeu Uso ou outros n\u00edveis conforme necess\u00e1rio para sua regi\u00e3o ou projeto. Podemos cortar a espessura de madeira padr\u00e3o de 4\/4 (1 &#8220;ou 25mm), 5\/4 (1 \u00bc&#8221; ou 32mm), 6\/4 (1 \u00bd &#8220;ou 38mm), 8\/4 (2&#8221; ou 50mm), Ou mais grosso, conforme necess\u00e1rio. As larguras de muitas das nossas esp\u00e9cies podem ser muito amplas. Se voc\u00ea tiver requisitos especiais, avise-nos. <\/ Strong> <\/ span> <\/ p><\/strong><\/span><\/span><\/p>\n<\/div>\n<p><span style=\"color: # 008000;\"><strong>[contact-form-7 id=&#8221;3260&#8243; title=&#8221;Rough Sawn Quote Portugese&#8221;]<\/strong><\/span><\/p>\n","protected":false},"excerpt":{"rendered":"<p>&nbsp; madeira serrada rugosa Nossa madeira serrada em bruto est\u00e1 dispon\u00edvel em FSC e n\u00e3o FSC, bem como em GMS&hellip;<\/p>\n","protected":false},"author":1,"featured_media":2876,"parent":0,"menu_order":0,"comment_status":"closed","ping_status":"closed","template":"","meta":{"footnotes":""},"class_list":["post-2872","page","type-page","status-publish","has-post-thumbnail","hentry"],"translation":{"provider":"WPGlobus","version":"3.0.2","language":"br","enabled_languages":["en","es","de","fr","ru","br"],"languages":{"en":{"title":true,"content":true,"excerpt":false},"es":{"title":false,"content":false,"excerpt":false},"de":{"title":false,"content":false,"excerpt":false},"fr":{"title":false,"content":false,"excerpt":false},"ru":{"title":false,"content":false,"excerpt":false},"br":{"title":true,"content":true,"excerpt":false}}},"_links":{"self":[{"href":"https:\/\/advantageflorestal.com.br\/br\/wp-json\/wp\/v2\/pages\/2872","targetHints":{"allow":["GET"]}}],"collection":[{"href":"https:\/\/advantageflorestal.com.br\/br\/wp-json\/wp\/v2\/pages"}],"about":[{"href":"https:\/\/advantageflorestal.com.br\/br\/wp-json\/wp\/v2\/types\/page"}],"author":[{"embeddable":true,"href":"https:\/\/advantageflorestal.com.br\/br\/wp-json\/wp\/v2\/users\/1"}],"replies":[{"embeddable":true,"href":"https:\/\/advantageflorestal.com.br\/br\/wp-json\/wp\/v2\/comments?post=2872"}],"version-history":[{"count":2,"href":"https:\/\/advantageflorestal.com.br\/br\/wp-json\/wp\/v2\/pages\/2872\/revisions"}],"predecessor-version":[{"id":38606,"href":"https:\/\/advantageflorestal.com.br\/br\/wp-json\/wp\/v2\/pages\/2872\/revisions\/38606"}],"wp:featuredmedia":[{"embeddable":true,"href":"https:\/\/advantageflorestal.com.br\/br\/wp-json\/"}],"wp:attachment":[{"href":"https:\/\/advantageflorestal.com.br\/br\/wp-json\/wp\/v2\/media?parent=2872"}],"curies":[{"name":"wp","href":"https:\/\/api.w.org\/{rel}","templated":true}]}}