{"id":2734,"date":"2017-07-03T18:13:48","date_gmt":"2017-07-03T18:13:48","guid":{"rendered":"https:\/\/www.advantageflorestal.com.br\/?page_id=2734"},"modified":"2019-06-05T18:27:12","modified_gmt":"2019-06-05T18:27:12","slug":"wholesale-hardwood-flooring","status":"publish","type":"page","link":"https:\/\/advantageflorestal.com.br\/br\/wholesale-hardwood-flooring\/","title":{"rendered":"O piso de madeira maciza certificado por atacado FSC\u00ae est\u00e1 dispon\u00edvel para exporta\u00e7\u00e3o."},"content":{"rendered":"<div class=\"equalrow\">\n<div class=\"equalcol1-products\">\n<h2 style=\"text-align: center;\">This is ADVANTAGE\u00a0Flooring!<\/h2>\n<p>Na nossa f\u00e1brica dos EUA, tamb\u00e9m podemos produzir pisos com dimens\u00f5es personalizadas, em uma variedade de tamanhos e em mais de 55 esp\u00e9cies. Para saber mais das esp\u00e9cies que podemos produzir nossos pisos, visite nossa se\u00e7\u00e3o de \u201cEsp\u00e9cies de Madeira\u201d no nosso site. Esse vai te dar uma vis\u00e3o geral de algumas das esp\u00e9cies que podemos oferecer e personalizar.\u00a0<a href=\"tel:+19413889299\"><strong>Ligue para n\u00f3s<\/strong><\/a><strong><a href=\"tel:+19413889299\">\u00a0+1(941)388-9299\u00a0<\/a><\/strong>para solicitar um or\u00e7amento.<\/p>\n<p>&nbsp;<\/p>\n<\/div>\n<div class=\"equalcol2-products\">\n<p><img loading=\"lazy\" decoding=\"async\" class=\"aligncenter size-full wp-image-7146\" src=\"https:\/\/www.advantageflorestal.com.br\/wp-content\/uploads\/2017\/10\/staybull-header.jpg\" alt=\"\" width=\"780\" height=\"452\" \/><\/p>\n<ul>\n<li><span style=\"color: #000000;\">Staybull Flooring\u2122 is\u00a0recycled flooring\u00a0with exclusive advantages that make it one of the most durable and beautiful eco-friendly flooring options.<\/span><\/li>\n<li><span style=\"color: #000000;\">Staybull Flooring\u2122\u00a0flooring saves on waste that other flooring companies leave behind. This means you get an Eco-Friendly Flooring product that is not only good for you but also is an excellent choice for our environment.\u00a0<\/span><\/li>\n<li><span style=\"color: #000000;\">Staybull Flooring\u2122\u00a0greatly reduces cupping associated with standard wide plank flooring installed over a plywood subfloor. This means that you can install Staybull Flooring\u2122over a plywood subfloor and have the confidence that your floor will\u00a0NOT cup like typical wide plank flooring can do. Now you can have the look of a wide plank without the cupping problems, yet <\/span>still<span style=\"color: #000000;\"> maintain a solid floor that can be sanded and refinished after many years of use. When you purchase a Staybull Floor you are not just buying a floor, you are buying a piece of mind.<\/span><\/li>\n<li><span style=\"color: #000000;\">Staybull Flooring\u2122 can also be installed over aged concrete slabs. This is a major benefit to people looking for a solid floor who don&#8217;t like the thin layer of wood on top of <\/span>typical<span style=\"color: #000000;\"> engineered flooring.<\/span><\/li>\n<\/ul>\n<p><span style=\"color: #000000;\"> **Note that installation over fresh slabs could lead to problems with any wood flooring due to the high moisture content of newly poured concrete slabs.<\/span><\/p>\n<\/div>\n<\/div>\n<div class=\"text-content\">\n<h2><span style=\"color: #000000;\">Staybull Flooring Product Benefits:<\/span><\/h2>\n<p><span style=\"color: #000000;\"><strong>Increased Stability<\/strong>&#8211; Resists cupping &#038; twisting which often occurs in traditional solid wide plank flooring. This added stability is a result of gluing multiple narrow pieces of wood together, eliminating the tension normally found in wide, solid pieces of lumber.<\/span><br \/>\n<span style=\"color: #000000;\"><strong>Designer Look<\/strong>\u00a0&#8211; Unique &#8220;one of a kind&#8221; beauty.<\/span><br \/>\n<span style=\"color: #000000;\"><strong>Expanded Installation Options<\/strong>\u00a0&#8211; Staybull Flooring<sup>\u2122<\/sup>\u00a0is an innovative hardwood flooring product that can be either nailed to a traditional wood subfloor or, in most cases, can be glued to an aged concrete slab.<\/span><br \/>\n<span style=\"color: #000000;\"><strong>Long Lasting Beauty<\/strong>\u00a0&#8211; Unlike engineered flooring which has just a thin &#8220;wear&#8221; layer Staybull Flooring<sup>\u2122<\/sup>\u00a0can be sanded &#038; refinished, if needed, after many years of use.<\/span><br \/>\n<span style=\"color: #000000;\"><strong>Economical Options<\/strong>&#8211; Many hardwood species that we offer are very affordable flooring options.<\/span><br \/>\n<span style=\"color: #000000;\"><strong>Long lengths<\/strong>\u00a0&#8211; Our advanced manufacturing process yields a much longer average length than the flooring industry standard. With Staybull Flooring<sup>\u2122<\/sup>\u00a0you do not have to deal with the abundance of 1 to 2-foot pieces that are commonly shipped with traditional flooring.<\/span><br \/>\n<span style=\"color: #000000;\"><strong>Truly Green<\/strong>\u00a0&#8211; Some \u201cenvironmentally friendly\u201d flooring is not what it appears to be. A large percentage of bamboo flooring is manufactured with formaldehyde glues which can emit toxins throughout your home. Staybull Flooring<sup>\u2122<\/sup>\u00a0is free of any harmful glues or finishes.<\/span><\/p>\n<\/div>\n<ul class=\"flex-container-boxed\">\n<li class=\"flex-item-boxed\"><img loading=\"lazy\" decoding=\"async\" class=\"fleximage\" src=\"https:\/\/www.advantagelumber.com\/images\/xcutaboveEND.jpg.pagespeed.ic.i4NHHQ0SBV.webp\" alt=\"Lumber End Matcher\" width=\"258\" height=\"168\" border=\"0\" data-pagespeed-url-hash=\"122697511\" \/>\n<div class=\"boxed-description\">We manufacture our custom flooring in our Buffalo, NY facility with the finest European equipment. This\u00a0End Matcher\u00a0pictured above allows us to produce long custom flooring up to 20\u2032 long.\u00a0 Most manufacturers can only produce 8\u2032 long.<\/div>\n<\/li>\n<li class=\"flex-item-boxed\"><img loading=\"lazy\" decoding=\"async\" class=\"fleximage\" src=\"https:\/\/www.advantagelumber.com\/images\/xcutaboveKILN.jpg.pagespeed.ic.TF3SgjtgiI.webp\" alt=\"Kiln Dried Wood\" width=\"261\" height=\"170\" border=\"0\" data-pagespeed-url-hash=\"146740778\" \/>\n<div class=\"boxed-description\">Our material is thoroughly\u00a0Kiln Dried\u00a0in dry kilns like above to 6 to 8% moisture content to assure maximum stability.<\/div>\n<\/li>\n<li class=\"flex-item-boxed\"><img loading=\"lazy\" decoding=\"async\" class=\"fleximage\" src=\"https:\/\/www.advantagelumber.com\/images\/xcutabovePACK.jpg.pagespeed.ic.isiV_rl6NE.webp\" alt=\"Large Volume of Lumber\" width=\"261\" height=\"170\" border=\"0\" data-pagespeed-url-hash=\"2883005851\" \/>\n<div class=\"boxed-description\">We handle a\u00a0Large Volume\u00a0of flooring produced by our mills in Brazil.\u00a0 Shown above are flooring bundles in export crating, ready for shipment to our US facility.<\/div>\n<\/li>\n<li class=\"flex-item-boxed\"><img loading=\"lazy\" decoding=\"async\" class=\"fleximage\" src=\"https:\/\/www.advantagelumber.com\/images\/xcutaboveSANTOS.jpg.pagespeed.ic.9MscCQCTEo.webp\" alt=\"Santos Mahogany Flooring\" width=\"264\" height=\"172\" border=\"0\" data-pagespeed-url-hash=\"572924958\" \/>\n<div class=\"boxed-description\">We produced this\u00a0Santos Mahogany\u00a0flooring with lengths up to 12\u2032 long as requested by a customer.\u00a0 Long lengths add to the beauty of a floor and also speed installation time.<\/div>\n<\/li>\n<\/ul>\n<div class=\"flex-container-flooring\">\n<div>\n<p><strong>Especifica\u00e7\u00f5es do Revestimento pr\u00e9-acabado<\/strong><\/p>\n<ul>\n<li>Micro biselado em todos os 4 lados. Multi-coat, U.V. &#038; Amp; Acabamento resistente a arranh\u00f5es.<\/li>\n<li>Selecionado para obter uma cor mais consistente.<\/li>\n<li>Seco no forno, para se obter um teor de umidade entre 6 e 8%.<\/li>\n<li>Seleto, de primeira linha &#8211; vendido em caixas de 1.951m2.<\/li>\n<li>Pre\u00e7os por atacado TAMB\u00c9M dispon\u00edveis (quantidades completas SOMENTE).<\/li>\n<\/ul>\n<\/div>\n<\/div>\n<p>&nbsp;<\/p>\n<p>&nbsp;<\/p>\n<p>&nbsp;<\/p>\n<p>&nbsp;<\/p>\n<p>&nbsp;<\/p>\n<details>\n<summary class=\"flooring-accordians\">StayBull Flooring<\/summary>\n<div class=\"gallery\" style=\"background-image: url('https:\/\/www.advantageflorestal.com.br\/wp-content\/uploads\/2017\/10\/African_Mahogany_Staybull-1024x1024.jpg');\">\n<div class=\"desc\">StayBull African Mahogany<\/div>\n<div class=\"FLreadmore\"><a href=\"https:\/\/www.advantageflorestal.com.br\/wholesale-hardwood-flooring\/staybull-african-mahogany-wholesale-flooring\/\"><button>Read More<\/button><\/a><\/div>\n<\/div>\n<div class=\"gallery\" style=\"background-image: url('https:\/\/www.advantageflorestal.com.br\/wp-content\/uploads\/2017\/10\/African_Padauk_Staybull-1024x1024.jpg');\">\n<div class=\"desc\">Staybull African Padauk<\/div>\n<div class=\"FLreadmore\"><a href=\"https:\/\/www.advantageflorestal.com.br\/wholesale-hardwood-flooring\/staybull-african-padauk-wholesale-flooring\/\"><button>Read More<\/button><\/a><\/div>\n<\/div>\n<div class=\"gallery\" style=\"background-image: url('https:\/\/www.advantageflorestal.com.br\/wp-content\/uploads\/2017\/10\/Abmrosia_Maple_Staybull-1024x1024.jpg');\">\n<div class=\"desc\">Staybull Ambrosia Maple<\/div>\n<div class=\"FLNoShow\"><a href=\"INSERT\"><button>Read More<\/button><\/a><\/div>\n<\/div>\n<div class=\"gallery\" style=\"background-image: url('https:\/\/www.advantageflorestal.com.br\/wp-content\/uploads\/2017\/10\/Andiroba_Staybull-1024x1024.jpg');\">\n<div class=\"desc\">Staybull Andiroba<\/div>\n<div class=\"FLreadmore\"><a href=\"https:\/\/www.advantageflorestal.com.br\/uncategorized\/staybull-andiroba-eco-friendly-exotic-hardwood-flooring-information\/\"><button>Read More<\/button><\/a><\/div>\n<\/div>\n<div class=\"gallery\" style=\"background-image: url('https:\/\/www.advantageflorestal.com.br\/wp-content\/uploads\/2017\/10\/Birdseye_Maple_Staybull-1024x1024.jpg');\">\n<div class=\"desc\">Staybull Birdseye Maple<\/div>\n<div class=\"FLreadmore\"><a href=\"https:\/\/www.advantageflorestal.com.br\/wholesale-hardwood-flooring\/staybull-birdseye-maple-wholesale-flooring\/\"><button>Read More<\/button><\/a><\/div>\n<\/div>\n<div class=\"gallery\" style=\"background-image: url('https:\/\/www.advantageflorestal.com.br\/wp-content\/uploads\/2017\/10\/Brazilian_Cherry_Staybull-1024x1024.jpg');\">\n<div class=\"desc\">Staybull Brazilian Cherry<\/div>\n<div class=\"FLreadmore\"><a href=\"https:\/\/www.advantageflorestal.com.br\/wholesale-hardwood-flooring\/staybull-brazilian-cherry-wholesale-flooring\/\"><button>Read More<\/button><\/a><\/div>\n<\/div>\n<div class=\"gallery\" style=\"background-image: url('https:\/\/www.advantageflorestal.com.br\/wp-content\/uploads\/2017\/10\/Santos_Mahogany_Staybull-1024x1024.jpg');\">\n<div class=\"desc\">StayBull Santos Mahogany<\/div>\n<div class=\"FLreadmore\"><a href=\"https:\/\/www.advantageflorestal.com.br\/wholesale-hardwood-flooring\/staybull-santos-mahogany-wholesale-flooring\/\"><button>Read More<\/button><\/a><\/div>\n<\/div>\n<div class=\"gallery\" style=\"background-image: url('https:\/\/www.advantageflorestal.com.br\/wp-content\/uploads\/2017\/10\/Iroko_Staybull-1024x1024.jpg');\">\n<div class=\"desc\">StayBull Iroko<\/div>\n<div class=\"FLreadmore\"><a href=\"https:\/\/www.advantageflorestal.com.br\/wholesale-hardwood-flooring\/staybull-iroko-wholesale-flooring\/\"><button>Read More<\/button><\/a><\/div>\n<\/div>\n<div class=\"gallery\" style=\"background-image: url('https:\/\/www.advantageflorestal.com.br\/wp-content\/uploads\/2017\/10\/Canary_Staybull-1024x1024.jpg');\">\n<div class=\"desc\">Staybull Canary<\/div>\n<div class=\"FLreadmore\"><a href=\"https:\/\/www.advantageflorestal.com.br\/wholesale-hardwood-flooring\/staybull-canary-wholesale-flooring\/\"><button>Read More<\/button><\/a><\/div>\n<\/div>\n<div class=\"gallery\" style=\"background-image: url('https:\/\/www.advantageflorestal.com.br\/wp-content\/uploads\/2017\/10\/Cherry_Staybull-1024x1024.jpg');\">\n<div class=\"desc\">Staybull American Cherry<\/div>\n<div class=\"FLreadmore\"><a href=\"https:\/\/www.advantageflorestal.com.br\/wholesale-hardwood-flooring\/staybull-american-cherry-wholesale-flooring\/\"><button>Read More<\/button><\/a><\/div>\n<\/div>\n<div class=\"gallery\" style=\"background-image: url('https:\/\/www.advantageflorestal.com.br\/wp-content\/uploads\/2017\/10\/Cherry_Walnut_Staybull-1024x1024.jpg');\">\n<div class=\"desc\">Staybull Cherry-Walnut<\/div>\n<div class=\"FLNoShow\"><a href=\"#\"><button>Info coming soon<\/button><\/a><\/div>\n<\/div>\n<div class=\"gallery\" style=\"background-image: url('https:\/\/www.advantageflorestal.com.br\/wp-content\/uploads\/2017\/10\/Sapele_Staybull-1024x1024.jpg');\">\n<div class=\"desc\">Staybull Sapele<\/div>\n<div class=\"FLreadmore\"><a href=\"https:\/\/www.advantageflorestal.com.br\/wholesale-hardwood-flooring\/staybull-sapele-mahogany-flooring\/\"><button>Read More<\/button><\/a><\/div>\n<\/div>\n<div class=\"gallery\" style=\"background-image: url('https:\/\/www.advantageflorestal.com.br\/wp-content\/uploads\/2017\/10\/Quarter_Sawn_White_Oak-1-1024x1024.jpg');\">\n<div class=\"desc\">StayBull Quarter Sawn White Oak<\/div>\n<div class=\"FLreadmore\"><a href=\"https:\/\/www.advantageflorestal.com.br\/wholesale-hardwood-flooring\/staybull-quarter-sawn-white-oak-flooring\/\"><button>Read More<\/button><\/a><\/div>\n<\/div>\n<div class=\"gallery\" style=\"background-image: url('https:\/\/www.advantageflorestal.com.br\/wp-content\/uploads\/2017\/10\/Walnut_Staybull-1024x1024.jpg');\">\n<div class=\"desc\">Staybull Walnut<\/div>\n<div class=\"FLreadmore\"><a href=\"https:\/\/www.advantageflorestal.com.br\/wholesale-hardwood-flooring\/staybull-american-walnut-wholesale-flooring\/\"><button>Read More<\/button><\/a><\/div>\n<\/div>\n<div class=\"gallery\" style=\"background-image: url('https:\/\/www.advantageflorestal.com.br\/wp-content\/uploads\/2017\/11\/Bubunga-1-1024x1024.jpg');\">\n<div class=\"desc\">Staybull Bubinga<\/div>\n<div class=\"FLreadmore\"><a href=\"https:\/\/www.advantageflorestal.com.br\/wholesale-hardwood-flooring\/staybull-bubinga-wholesale-flooring\/\"><button>Read More<\/button><\/a><\/div>\n<\/div>\n<div class=\"gallery\" style=\"background-image: url('https:\/\/www.advantageflorestal.com.br\/wp-content\/uploads\/2017\/10\/Makore_Staybull-1024x1024.jpg');\">\n<div class=\"desc\">StayBull Makore<\/div>\n<div class=\"FLreadmore\"><a href=\"https:\/\/www.advantageflorestal.com.br\/wholesale-hardwood-flooring\/staybull-makore-wholesale-flooring\/\"><button>Read More<\/button><\/a><\/div>\n<\/div>\n<div class=\"gallery\" style=\"background-image: url('https:\/\/www.advantageflorestal.com.br\/wp-content\/uploads\/2017\/10\/Quarter_Sawn_White_Oak_Staybull-1024x1024.jpg');\">\n<div class=\"desc\">Staybull White Oak<\/div>\n<div class=\"FLNoShow\"><a href=\"#\"><button>Info coming soon<\/button><\/a><\/div>\n<\/div>\n<\/details>\n<details>\n<summary class=\"flooring-accordians\">Advantage Classic Flooring<\/summary>\n<div class=\"gallery\" style=\"background-image: url('https:\/\/www.advantageflorestal.com.br\/wp-content\/uploads\/2017\/10\/Ambrosia_Maple-1-1024x1024.jpg');\">\n<div class=\"desc\">Ambrosia maple<\/div>\n<div class=\"FLNoShow\"><a href=\"https:\/\/www.advantageflorestal.com.br\/wholesale-hardwood-flooring\/ambrosia-maple-wholesale-flooring\/\"><button>Read More<\/button><\/a><\/div>\n<\/div>\n<div class=\"gallery\" style=\"background-image: url('https:\/\/www.advantageflorestal.com.br\/wp-content\/uploads\/2017\/10\/Cumaru-1-1024x1024.jpg');\">\n<div class=\"desc\">Cumaru<\/div>\n<div class=\"FLNoShow\"><a href=\"#\"><button>Info coming soon<\/button><\/a><\/div>\n<\/div>\n<div class=\"gallery\" style=\"background-image: url('https:\/\/www.advantageflorestal.com.br\/wp-content\/uploads\/2017\/10\/Sapele-1-1024x1024.jpg');\">\n<div class=\"desc\">Sapele<\/div>\n<div class=\"FLNoShow\"><a href=\"#\"><button>Info coming soon<\/button><\/a><\/div>\n<\/div>\n<div class=\"gallery\" style=\"background-image: url('https:\/\/www.advantageflorestal.com.br\/wp-content\/uploads\/2017\/10\/Sappy_IPE-1-1024x1024.jpg');\">\n<div class=\"desc\">Sappy IPE<\/div>\n<div class=\"FLNoShow\"><a href=\"#\"><button>Info coming soon<\/button><\/a><\/div>\n<\/div>\n<div class=\"gallery\" style=\"background-image: url('https:\/\/www.advantageflorestal.com.br\/wp-content\/uploads\/2017\/10\/Tigerwood-1-1024x1024.jpg');\">\n<div class=\"desc\">Tigerwood<\/div>\n<div class=\"FLNoShow\"><a href=\"#\"><button>Info coming soon<\/button><\/a><\/div>\n<\/div>\n<div class=\"gallery\" style=\"background-image: url('https:\/\/www.advantageflorestal.com.br\/wp-content\/uploads\/2017\/10\/Walnut-1-1024x1024.jpg');\">\n<div class=\"desc\">Walnut<\/div>\n<div class=\"FLNoShow\"><a href=\"#\"><button>Info coming soon<\/button><\/a><\/div>\n<\/div>\n<div class=\"gallery\" style=\"background-image: url('https:\/\/www.advantageflorestal.com.br\/wp-content\/uploads\/2017\/10\/Wenge-1-1024x1024.jpg');\">\n<div class=\"desc\">Wenge<\/div>\n<div class=\"FLreadmore\"><a href=\"https:\/\/www.advantageflorestal.com.br\/wholesale-hardwood-flooring\/wenge-eco-friendly-wholesale-flooring\/\"><button>Read More<\/button><\/a><\/div>\n<\/div>\n<div class=\"gallery\" style=\"background-image: url('https:\/\/www.advantageflorestal.com.br\/wp-content\/uploads\/2017\/10\/Zebrawood-1-1024x1024.jpg');\">\n<div class=\"desc\">Zebrawood<\/div>\n<div class=\"FLreadmore\"><a href=\"https:\/\/www.advantageflorestal.com.br\/wholesale-hardwood-flooring\/zebrawood-wholesale-flooring\/\"><button>Read More<\/button><\/a><\/div>\n<\/div>\n<div class=\"gallery\" style=\"background-image: url('https:\/\/www.advantageflorestal.com.br\/wp-content\/uploads\/2017\/10\/Massaranduba-1-1024x1024.jpg');\">\n<div class=\"desc\">Massaranduba<\/div>\n<div class=\"FLNoShow\"><a href=\"#\"><button>Info coming soon<\/button><\/a><\/div>\n<\/div>\n<div class=\"gallery\" style=\"background-image: url('https:\/\/www.advantageflorestal.com.br\/wp-content\/uploads\/2017\/10\/Hard_Maple-1-1024x1024.jpg');\">\n<div class=\"desc\">Hard maple<\/div>\n<div class=\"FLNoShow\"><a href=\"#\"><button>Info coming soon<\/button><\/a><\/div>\n<\/div>\n<div class=\"gallery\" style=\"background-image: url('https:\/\/www.advantageflorestal.com.br\/wp-content\/uploads\/2017\/10\/Red_Oak-1-1024x1024.jpg');\">\n<div class=\"desc\">Red Oak<\/div>\n<div class=\"FLNoShow\"><a href=\"#\"><button>Info coming soon<\/button><\/a><\/div>\n<\/div>\n<div class=\"gallery\" style=\"background-image: url('https:\/\/www.advantageflorestal.com.br\/wp-content\/uploads\/2017\/10\/Red_Oak_Honey_Rose_no2-1024x1024.jpg');\">\n<div class=\"desc\">Red Oak Honey Rose no.2<\/div>\n<div class=\"FLNoShow\"><a href=\"#\"><button>Info coming soon<\/button><\/a><\/div>\n<\/div>\n<div class=\"gallery\" style=\"background-image: url('https:\/\/www.advantageflorestal.com.br\/wp-content\/uploads\/2017\/10\/Hickory-1-1024x1024.jpg');\">\n<div class=\"desc\">Hickory<\/div>\n<div class=\"FLNoShow\"><a href=\"#\"><button>Info coming soon<\/button><\/a><\/div>\n<\/div>\n<div class=\"gallery\" style=\"background-image: url('https:\/\/www.advantageflorestal.com.br\/wp-content\/uploads\/2017\/10\/Purpleheart-1-1024x1024.jpg');\">\n<div class=\"desc\">Purpleheart<\/div>\n<div class=\"FLNoShow\"><a href=\"#\"><button>Info coming soon<\/button><\/a><\/div>\n<\/div>\n<div class=\"gallery\" style=\"background-image: url('https:\/\/www.advantageflorestal.com.br\/wp-content\/uploads\/2017\/10\/Rustic_Walnut-1-1024x1024.jpg');\">\n<div class=\"desc\">Rustic Walnut<\/div>\n<div class=\"FLNoShow\"><a href=\"https:\/\/www.advantageflorestal.com.br\/wholesale-hardwood-flooring\/rustic-walnut-wholesale-flooring\/\"><button>Read More<\/button><\/a><\/div>\n<\/div>\n<\/details>\n<p>&nbsp;<\/p>\n<p>&nbsp;<\/p>\n<p>&nbsp;<\/p>\n<p>&nbsp;<\/p>\n<p>&nbsp;<\/p>\n<div>\n<details>\n<summary class=\"flooring-accordians\">Get A Quote<\/summary>\n<p>[contact-form-7 id=&#8221;3245&#8243; title=&#8221;Hardwood Flooring Quote Request&#8221;]<\/p>\n<\/details>\n<\/div>\n","protected":false},"excerpt":{"rendered":"<p>This is ADVANTAGE\u00a0Flooring! Na nossa f\u00e1brica dos EUA, tamb\u00e9m podemos produzir pisos com dimens\u00f5es personalizadas, em uma variedade de tamanhos&hellip;<\/p>\n","protected":false},"author":1,"featured_media":2768,"parent":0,"menu_order":0,"comment_status":"closed","ping_status":"closed","template":"","meta":{"footnotes":""},"class_list":["post-2734","page","type-page","status-publish","has-post-thumbnail","hentry"],"translation":{"provider":"WPGlobus","version":"3.0.2","language":"br","enabled_languages":["en","es","de","fr","ru","br"],"languages":{"en":{"title":true,"content":true,"excerpt":false},"es":{"title":false,"content":false,"excerpt":false},"de":{"title":false,"content":false,"excerpt":false},"fr":{"title":false,"content":false,"excerpt":false},"ru":{"title":false,"content":false,"excerpt":false},"br":{"title":true,"content":true,"excerpt":false}}},"_links":{"self":[{"href":"https:\/\/advantageflorestal.com.br\/br\/wp-json\/wp\/v2\/pages\/2734","targetHints":{"allow":["GET"]}}],"collection":[{"href":"https:\/\/advantageflorestal.com.br\/br\/wp-json\/wp\/v2\/pages"}],"about":[{"href":"https:\/\/advantageflorestal.com.br\/br\/wp-json\/wp\/v2\/types\/page"}],"author":[{"embeddable":true,"href":"https:\/\/advantageflorestal.com.br\/br\/wp-json\/wp\/v2\/users\/1"}],"replies":[{"embeddable":true,"href":"https:\/\/advantageflorestal.com.br\/br\/wp-json\/wp\/v2\/comments?post=2734"}],"version-history":[{"count":1,"href":"https:\/\/advantageflorestal.com.br\/br\/wp-json\/wp\/v2\/pages\/2734\/revisions"}],"predecessor-version":[{"id":38608,"href":"https:\/\/advantageflorestal.com.br\/br\/wp-json\/wp\/v2\/pages\/2734\/revisions\/38608"}],"wp:featuredmedia":[{"embeddable":true,"href":"https:\/\/advantageflorestal.com.br\/br\/wp-json\/"}],"wp:attachment":[{"href":"https:\/\/advantageflorestal.com.br\/br\/wp-json\/wp\/v2\/media?parent=2734"}],"curies":[{"name":"wp","href":"https:\/\/api.w.org\/{rel}","templated":true}]}}