{"id":1569,"date":"2017-05-17T18:29:51","date_gmt":"2017-05-17T18:29:51","guid":{"rendered":"https:\/\/advantageflorestal.com.br\/?page_id=1569"},"modified":"2017-05-17T18:29:51","modified_gmt":"2017-05-17T18:29:51","slug":"wood-terms-definitions","status":"publish","type":"page","link":"https:\/\/advantageflorestal.com.br\/br\/wood-terms-definitions\/","title":{"rendered":"Termos e defini\u00e7\u00f5es da madeira"},"content":{"rendered":"<h1 style=\"text-align: center;\"><strong>Termos de Decking e Abreviaturas<\/strong><\/h1>\n<p><strong>No mundo da carpintaria, existe um certo respeito para quem pode fazer as coisas com base em conhecer os termos. Por exemplo, se um carpinteiro est\u00e1 pedindo algo bruto ou em bruto, ele quer saber sobre um produto que n\u00e3o \u00e9 exibido. Agora n\u00e3o iremos lidar com esse termo espec\u00edfico nesta se\u00e7\u00e3o, mas estaremos lidando com muitas outras abreviaturas e termos. Vamos come\u00e7ar com abreviaturas.<\/strong><br \/>\n<strong> \u2022 KD &#8211; Secado em estufa &#8211; Madeiramento que \u00e9 seco em uma sala em que a circula\u00e7\u00e3o, a umidade e a temperatura do ar s\u00e3o controladas para secar a madeira rapidamente at\u00e9 um desejado teor de umidade.<\/strong><br \/>\n<strong> \u2022 MC &#8211; Conte\u00fado de umidade &#8211; A quantidade de umidade que se encontra dentro de um peda\u00e7o de madeira.<\/strong><br \/>\n<strong> \u2022 AD &#8211; Air Dried &#8211; Madeiramento que foi seco por ser empilhado com espa\u00e7os entre e permitindo que a madeira seque naturalmente.<\/strong><br \/>\n<strong> \u2022 CLR &#8211; Limpar &#8211; Um grau de madeira que est\u00e1 livre de defeitos como n\u00f3, alburno ou defeito do moinho.<\/strong><br \/>\n<strong> \u2022 FAS &#8211; Primeiros e Segundos &#8211; \u00c9 o maior grau de madeira da Am\u00e9rica e tem uma diretriz rigorosa para a quantidade de \u00e1rea de corte clara.<\/strong><br \/>\n<strong> \u2022 SMR &#8211; Selecionar Mill Run &#8211; Um termo espec\u00edfico de Woodwell Advantage para n\u00e3o ser nosso grau mais alto de madeira sul-americana, mas n\u00e3o nossa classe inferior tamb\u00e9m.<\/strong><br \/>\n<strong> \u2022 FSC &#8211; Forestry Stewardship Council &#8211; Um grupo de indiv\u00edduos que t\u00eam diretrizes extremamente rigorosas para o registro. Eles s\u00e3o a empresa de certifica\u00e7\u00e3o premium para material ecol\u00f3gico.<\/strong><br \/>\n<strong> \u2022 PT &#8211; Tratamento contra a press\u00e3o &#8211; Um tratamento conservador usado para fazer decair madeira e insetos resistentes.<\/strong><br \/>\n<strong> \u2022 RL &#8211; Comprimentos aleat\u00f3rios &#8211; Comprimentos que n\u00e3o s\u00e3o especificados geralmente variando de 6 p\u00e9s a 16 p\u00e9s<\/strong><\/p>\n<h2 style=\"text-align: center;\">Termos prim\u00e1rios<\/h2>\n<p><strong>\u2022 Deck Board &#8211; Placas usadas para a superf\u00edcie de um deck.<\/strong><br \/>\n<strong> \u2022 Selecione &#8211; Na madeira de fabrica\u00e7\u00e3o de madeira dura, Selects \u00e9 uma nota espec\u00edfica, colocando qualidade abaixo Firsts e Segundos, mas superior \u00e0s notas comuns.<\/strong><br \/>\n<strong> \u2022 B-Grade &#8211; Madeira que \u00e9 freq\u00fcentemente chamado # 2 comum em outras especialidades de madeira.<\/strong><br \/>\n<strong> \u2022 Jun\u00e7\u00e3o de extremidade &#8211; Uma junta de madeira onde as bordas de duas placas s\u00e3o colocadas uma contra a outra.<\/strong><br \/>\n<strong> \u2022 Verifica\u00e7\u00e3o &#8211; Um defeito da madeira causada pelo encolhimento irregular da madeira, pois est\u00e1 secando em um forno, secagem de ar empilhada ou ap\u00f3s a instala\u00e7\u00e3o.<\/strong><br \/>\n<strong> \u2022 Verifica\u00e7\u00e3o da superf\u00edcie &#8211; Uma verifica\u00e7\u00e3o que est\u00e1 apenas na superf\u00edcie e n\u00e3o passa para o outro lado da placa.<\/strong><br \/>\n<strong> \u2022 Crack &#8211; Uma grande verifica\u00e7\u00e3o radial resultante de maior tangencial do que o encolhimento radial.<\/strong><br \/>\n<strong> \u2022 Twist &#8211; Uma curva em uma placa onde o canto do canto se encaminha em dire\u00e7\u00f5es opostas.<\/strong><br \/>\n<strong> \u2022 Arco &#8211; Uma curva na placa no rosto, tamb\u00e9m usada como um termo amplo para qualquer tor\u00e7\u00e3o, coroa.<\/strong><br \/>\n<strong> \u2022 Coroa &#8211; Uma curva de uma placa nas suas bordas.<\/strong><br \/>\n<strong> \u2022 Cup &#8211; Um defeito na madeira onde a face da placa se encolhe como a letra &#8220;U&#8221;.<\/strong><br \/>\n<strong> \u2022 Warp &#8211; Um defeito na madeira marcada por curvatura em uma ou mais dire\u00e7\u00f5es<\/strong><br \/>\n<strong> \u2022 Sapo &#8211; A nova madeira em uma \u00e1rvore que fica entre a casca e o cerne<\/strong><br \/>\n<strong> \u2022 Heartwood &#8211; O n\u00facleo interno morto de uma \u00e1rvore. Normalmente deve ser mais dif\u00edcil e mais escuro que a nova madeira.<\/strong><br \/>\n<strong> \u2022 Gr\u00e3o &#8211; Um termo geral referente ao alinhamento, apar\u00eancia, disposi\u00e7\u00e3o, cor, dire\u00e7\u00e3o e tamanho das fibras de madeira em uma pe\u00e7a de madeira.<\/strong><br \/>\n<strong> \u2022 Figura &#8211; Quando o gr\u00e3o faz um padr\u00e3o \u00fanico, alguns exemplos de figura s\u00e3o acolchoados, burl, enrolados, fita e olho de p\u00e1ssaros.<\/strong><br \/>\n<strong> \u2022 Fascia &#8211; Uma superf\u00edcie larga, plana e horizontal, \u00e0s vezes usada para cobrir uma junta, ou como a outra borda de uma cornija.<\/strong><br \/>\n<strong> \u2022 Saia &#8211; Uma placa decorativa colocada em torno da estrutura de suporte de um conv\u00e9s para ocultar a estrutura abaixo e dar ao deck uma apar\u00eancia acabada.<\/strong><br \/>\n<strong> \u2022 P\u00e9 linear &#8211; Uma medida do comprimento de uma placa.<\/strong><br \/>\n<strong> \u2022 Board Foot &#8211; A unidade b\u00e1sica de medida para madeira serrada. Um p\u00e9 de placa \u00e9 igual a uma placa de 1 polegada, 12 polegadas de largura e 1 p\u00e9 de comprimento.<\/strong><br \/>\n<strong> \u2022 Janka Test &#8211; Um teste de dureza, geralmente para pavimentos de madeira, a classifica\u00e7\u00e3o \u00e9 libra de press\u00e3o necess\u00e1ria para pressionar uma bola de a\u00e7o .444 polegadas de di\u00e2metro a meio caminho da madeira.<\/strong><br \/>\n<strong> \u2022 Bullnose &#8211; O processo de arredondar uma borda de uma placa usada para assentos, prateleiras, etapas de assentos do est\u00e1dio, etc.<\/strong><\/p>\n<h2 style=\"text-align: center;\">Termos Secund\u00e1rios<\/h2>\n<p><strong>\u2022 Deflex\u00e3o &#8211; A quantidade de queda em um contador, piso, viga ou prateleira causada pelo peso \u00e9 de suporte.<\/strong><br \/>\n<strong> \u2022 Water Mark &#8211; \u00c1gua que secou em um peda\u00e7o de madeira, \u00e9 o mesmo processo que um anel deixado pela condensa\u00e7\u00e3o fora de um copo. Facilmente remov\u00edvel e n\u00e3o um &#8220;defeito&#8221; em uma pe\u00e7a de madeira.<\/strong><br \/>\n<strong> \u2022 Reverse Grain &#8211; O desvio da dire\u00e7\u00e3o do gr\u00e3o do eixo longitudinal de um peda\u00e7o de madeira ou do eixo do caule em uma \u00e1rvore.<\/strong><br \/>\n<strong> \u2022 Carga ao vivo &#8211; A quantidade de peso que qualquer estrutura foi projetada para suportar. A maioria dos projetos de conv\u00e9s exige uma carga ao vivo de 60 libras por p\u00e9 quadrado.<\/strong><br \/>\n<strong> \u2022 Carga inoperante: o peso da pr\u00f3pria estrutura; Que inclui bancos embutidos, sistema de prancha, estrutura de suporte e trilhos e outras caracter\u00edsticas permanentes.<\/strong><br \/>\n<strong> \u2022 Snipe &#8211; A tend\u00eancia de gouge a extremidade final do material ao execut\u00e1-lo atrav\u00e9s de um marceneiro.<\/strong><br \/>\n<strong> \u2022 Cantilever &#8211; A subida permitida ap\u00f3s as vigas ou vigas da jante.<\/strong><br \/>\n<strong> \u2022 \u00c1rvore de lobo &#8211; Uma \u00e1rvore da floresta muito grande que tem uma coroa de espalhamento largo e inibe ou impede o crescimento de \u00e1rvores menores em torno dela<\/strong><\/p>\n<h3 style=\"text-align: center;\">Em suma<\/h3>\n<p><strong>Os termos principais s\u00e3o palavras que voc\u00ea encontrar\u00e1 muitas vezes e voc\u00ea precisar\u00e1 saber. Os termos secund\u00e1rios s\u00e3o termos s\u00e3o palavras que voc\u00ea pode ou n\u00e3o ouvir, mas ir\u00e1 ajud\u00e1-lo a entender o que algu\u00e9m est\u00e1 falando quando lhe diz, o especialista, como eles est\u00e3o construindo seu conv\u00e9s. Conhe\u00e7a estes termos principais e compreenda os secund\u00e1rios. As abreviaturas ser\u00e3o geralmente em documentos escritos que voc\u00ea ver\u00e1<\/strong><\/p>\n","protected":false},"excerpt":{"rendered":"<p>Termos de Decking e Abreviaturas No mundo da carpintaria, existe um certo respeito para quem pode fazer as coisas com&hellip;<\/p>\n","protected":false},"author":1,"featured_media":0,"parent":0,"menu_order":0,"comment_status":"closed","ping_status":"closed","template":"","meta":{"footnotes":""},"class_list":["post-1569","page","type-page","status-publish","hentry"],"translation":{"provider":"WPGlobus","version":"3.0.2","language":"br","enabled_languages":["en","es","de","fr","ru","br"],"languages":{"en":{"title":true,"content":true,"excerpt":false},"es":{"title":false,"content":false,"excerpt":false},"de":{"title":false,"content":false,"excerpt":false},"fr":{"title":false,"content":false,"excerpt":false},"ru":{"title":false,"content":false,"excerpt":false},"br":{"title":true,"content":true,"excerpt":false}}},"_links":{"self":[{"href":"https:\/\/advantageflorestal.com.br\/br\/wp-json\/wp\/v2\/pages\/1569","targetHints":{"allow":["GET"]}}],"collection":[{"href":"https:\/\/advantageflorestal.com.br\/br\/wp-json\/wp\/v2\/pages"}],"about":[{"href":"https:\/\/advantageflorestal.com.br\/br\/wp-json\/wp\/v2\/types\/page"}],"author":[{"embeddable":true,"href":"https:\/\/advantageflorestal.com.br\/br\/wp-json\/wp\/v2\/users\/1"}],"replies":[{"embeddable":true,"href":"https:\/\/advantageflorestal.com.br\/br\/wp-json\/wp\/v2\/comments?post=1569"}],"version-history":[{"count":0,"href":"https:\/\/advantageflorestal.com.br\/br\/wp-json\/wp\/v2\/pages\/1569\/revisions"}],"wp:attachment":[{"href":"https:\/\/advantageflorestal.com.br\/br\/wp-json\/wp\/v2\/media?parent=1569"}],"curies":[{"name":"wp","href":"https:\/\/api.w.org\/{rel}","templated":true}]}}