{"id":114,"date":"2017-04-03T20:47:02","date_gmt":"2017-04-03T20:47:02","guid":{"rendered":"https:\/\/advantageflorestal.com.br\/?page_id=114"},"modified":"2020-08-25T13:21:13","modified_gmt":"2020-08-25T13:21:13","slug":"contact-us","status":"publish","type":"page","link":"https:\/\/advantageflorestal.com.br\/br\/contact-us\/","title":{"rendered":"Contatos"},"content":{"rendered":"\n<section id=\"builder-section-1492700680318\" class=\"builder-section builder-section-first builder-section-text builder-section-last builder-text-columns-1\">\n<div class=\"builder-section-content\">\n<div class=\"builder-text-row\">\n<div id=\"builder-section-1492700680318-column-1\" class=\"builder-text-column builder-text-column-1\">\n<div class=\"builder-text-content\">\n<div class=\"contact-page-info\">\n<h2 style=\"text-align: center;\"><strong><span style=\"color: #000000;\">Entre em contato conosco para obter mais informa\u00e7\u00f5es sobre o mercado, produtos e servi\u00e7os.<\/span><\/strong><\/h2>\n<div style=\"border: #006e3a; border-width: 1px; border-style: solid; padding: 1em;\">\n<p><strong><span style=\"color: #000000;\">Todas as vendas realizadas pela nossa empresa brasileira s\u00e3o administradas pelo nosso Departamento Internacional de Vendas no nosso escrit\u00f3rio localizado em Sarasota, Fl\u00f3rida:<span style=\"text-align: center; text-decoration: none; font-size: 1em; line-height: 1.3em;\"><a style=\"text-decoration: none;\" title=\"Telephone\" href=\"tel:+19413889299\">+1(941)388-9299<\/a><\/span><\/span><\/strong><\/p>\n<h5 style=\"color: #000000;\"><strong><span style=\"color: #000000;\">PE\u00c7A PARA FALAR COM O NOSSO ESCRIT\u00d3RIO INTERNACIONAL DE VENDAS.<\/span><\/strong><\/h5>\n<\/div>\n<div style=\"border: #006e3a; border-width: 1px; border-style: solid; padding: 1em;\"><strong><span style=\"color: #000000;\">Endere\u00e7o da Advantage Florestal no Brasil:<\/span><\/strong> <strong><span style=\"color: #000000;\">Advantage Florestal<\/span><\/strong> <strong><span style=\"color: #000000;\">Rua Distrito Industrial, Quadra 06, lote 03, Setor D<\/span><\/strong> <strong><span style=\"color: #000000;\">Ananindeua, Para<\/span><\/strong> <strong><span style=\"color: #000000;\">Telefone:<\/span> <a style=\"text-decoration: none;\" title=\"Telephone\" href=\"tel:+19413889299\">+1(941)388-9299<\/a> <span style=\"color: #000000;\">\/<\/span>  <span style=\"color: #000000;\">-ou-<\/span> <a title=\"Email Us\" href=\"mailto:npolakova@advantagelumber.com\">Nos envie um e-mail<\/a><\/strong><iframe loading=\"lazy\" style=\"border: 0;\" src=\"https:\/\/www.google.com\/maps\/embed?pb=!1m18!1m12!1m3!1d3988.7285637345362!2d-48.35375868491557!3d-1.339169999023282!2m3!1f0!2f0!3f0!3m2!1i1024!2i768!4f13.1!3m3!1m2!1s0x92a45f019409b40b%3A0xef6a1a20ca74c4ba!2sAdvantage+Florestal!5e0!3m2!1sen!2sus!4v1497539964867\" width=\"600\" height=\"450\" frameborder=\"0\" allowfullscreen=\"allowfullscreen\"><\/iframe><\/div>\n<div style=\"font-size: 2.2rem; text-shadow: -1px 1px 0 rgba(0, 0, 0, 0.67), 1px 1px 0 rgba(0, 0, 0, 0.6), 0px -1px 0 rgba(0, 0, 0, 0.62), 0px -1px 0 rgba(0, 0, 0, 0.72), -1px -1px 0 rgba(0, 0, 0, 0.77); margin-top: 1rem; letter-spacing: 1px; line-height: 1.2em; font-weight: 800; margin-bottom: .5rem;\"><strong><span style=\"color: #e80c0c;\">Por motivos de seguran\u00e7a, visitas n\u00e3o s\u00e3o permitidas \u00e0 nossa f\u00e1brica sem agendamento pr\u00e9vio. Por favor, ligue ou nos envie um e-mail para agendar uma visita.<\/span><\/strong><\/div>\n<div class=\"formlabel\"><strong>Para solicitar um or\u00e7amento, selecione um tipo de produto.<\/strong><\/div>\n\n<!--<div class=\"tab blue2\"><input id=\"tab-one\" style=\"display: none;\" name=\"tabs\" type=\"checkbox\"> <label style=\"padding: 0 0 0 1em; background: #006f3b; width: 33% !important; left: 34%; position: relative;\" for=\"tab-one\">Decks<\/label><p><\/p>\n<div class=\"tab-content\">[contact-form-7 id=\"3179\" title=\"Decking Quote Request Portugese\"]<\/div>\n<\/div>\n<div class=\"tab blue2\"><input id=\"tab-two\" style=\"display: none;\" name=\"tabs\" type=\"checkbox\"> <label style=\"padding: 0 0 0 1em; background: #006f3b; width: 33% !important; left: 34%; position: relative;\" for=\"tab-two\">DECKS MODULARES<\/label><p><\/p>\n<div class=\"tab-content\">[contact-form-7 id=\"3172\" title=\"Deck Tiles Quote Request Portugese\"]<\/div>\n<\/div>\n<div class=\"tab blue2\"><input id=\"tab-three\" style=\"display: none;\" name=\"tabs\" type=\"checkbox\"> <label style=\"padding: 0 0 0 1em; background: #006f3b; width: 33% !important; left: 34%; position: relative;\" for=\"tab-three\">PISOS<\/label><p><\/p>\n<div class=\"tab-content\">[contact-form-7 id=\"3256\" title=\"Hardwood Flooring Quote Request Portugese\"]<\/div>\n<\/div>\n<div class=\"tab blue2\"><input id=\"tab-four\" style=\"display: none;\" name=\"tabs\" type=\"checkbox\"> <label style=\"padding: 0 0 0 1em; background: #006f3b; width: 33% !important; left: 34%; position: relative;\" for=\"tab-four\">MADEIRA BRUTA SERRADA<\/label><p><\/p>\n<div class=\"tab-content\">[contact-form-7 id=\"3260\" title=\"Rough Sawn Quote Portugese\"]<\/div>\n<\/div>\n<div class=\"tab blue2\"><input id=\"tab-five\" style=\"display: none;\" name=\"tabs\" type=\"checkbox\"> <label style=\"padding: 0 0 0 1em; background: #006f3b; width: 33% !important; left: 34%; position: relative;\" for=\"tab-five\">TORAS DE MADEIRA<\/label><p><\/p>\n<div class=\"tab-content\">[contact-form-7 id=\"3261\" title=\"Wood Slab Quote Request Portugese\"]<\/div>-->\n<\/div>\n<\/div>\n<\/div>\n<\/div>\n<\/div>\n\n<\/section>\n","protected":false},"excerpt":{"rendered":"<p>Entre em contato conosco para obter mais informa\u00e7\u00f5es sobre o mercado, produtos e servi\u00e7os. Todas as vendas realizadas pela nossa&hellip;<\/p>\n","protected":false},"author":1,"featured_media":4258,"parent":0,"menu_order":0,"comment_status":"closed","ping_status":"closed","template":"","meta":{"footnotes":""},"class_list":["post-114","page","type-page","status-publish","has-post-thumbnail","hentry"],"translation":{"provider":"WPGlobus","version":"3.0.2","language":"br","enabled_languages":["en","es","de","fr","ru","br"],"languages":{"en":{"title":true,"content":true,"excerpt":false},"es":{"title":false,"content":false,"excerpt":false},"de":{"title":false,"content":false,"excerpt":false},"fr":{"title":false,"content":false,"excerpt":false},"ru":{"title":false,"content":false,"excerpt":false},"br":{"title":true,"content":true,"excerpt":false}}},"_links":{"self":[{"href":"https:\/\/advantageflorestal.com.br\/br\/wp-json\/wp\/v2\/pages\/114","targetHints":{"allow":["GET"]}}],"collection":[{"href":"https:\/\/advantageflorestal.com.br\/br\/wp-json\/wp\/v2\/pages"}],"about":[{"href":"https:\/\/advantageflorestal.com.br\/br\/wp-json\/wp\/v2\/types\/page"}],"author":[{"embeddable":true,"href":"https:\/\/advantageflorestal.com.br\/br\/wp-json\/wp\/v2\/users\/1"}],"replies":[{"embeddable":true,"href":"https:\/\/advantageflorestal.com.br\/br\/wp-json\/wp\/v2\/comments?post=114"}],"version-history":[{"count":6,"href":"https:\/\/advantageflorestal.com.br\/br\/wp-json\/wp\/v2\/pages\/114\/revisions"}],"predecessor-version":[{"id":38621,"href":"https:\/\/advantageflorestal.com.br\/br\/wp-json\/wp\/v2\/pages\/114\/revisions\/38621"}],"wp:featuredmedia":[{"embeddable":true,"href":"https:\/\/advantageflorestal.com.br\/br\/wp-json\/"}],"wp:attachment":[{"href":"https:\/\/advantageflorestal.com.br\/br\/wp-json\/wp\/v2\/media?parent=114"}],"curies":[{"name":"wp","href":"https:\/\/api.w.org\/{rel}","templated":true}]}}