{"id":107,"date":"2017-04-03T20:39:27","date_gmt":"2017-04-03T20:39:27","guid":{"rendered":"https:\/\/advantageflorestal.com.br\/?page_id=107"},"modified":"2019-06-05T18:28:20","modified_gmt":"2019-06-05T18:28:20","slug":"wholesale-hardwood-lumber-fsc-certified","status":"publish","type":"page","link":"https:\/\/advantageflorestal.com.br\/br\/wholesale-hardwood-lumber-fsc-certified\/","title":{"rendered":"Embalagem por atacado Produtos de Madeira Madeireira Certificado FSC est\u00e1 dispon\u00edvel"},"content":{"rendered":"<section id=\"builder-section-1492461465396\" class=\"builder-section builder-section-first builder-section-text builder-section-next-text builder-text-columns-1\">\n<div class=\"builder-section-content\">\n<div class=\"builder-text-row\">\n<div id=\"builder-section-1492461465396-column-1\" class=\"builder-text-column builder-text-column-1\">\n<div class=\"builder-text-content\">\n<h1 style=\"text-align: center;\"><strong>Recipiente<\/strong><\/h1>\n<p style=\"text-align: left;\"><span style=\"color: #ffffff;\"><br \/>\n<strong><span style=\"color: #333333;\">N\u00f3s enviamos cargas de cont\u00eaineres de madeira certificada FSC Certified e Non-FSC Certified hardwood decking, pavimento, telhas deck, madeira e gabinete grade madeira directamente de nossa empresa propriedade moinho no Brasil para v\u00e1rios pa\u00edses em todo o mundo. Podemos carregar 20 &#8216;ou 40&#8217; contentores em nossas instala\u00e7\u00f5es e nossa equipe de log\u00edstica pode lidar com todo o processo de frete. O volume que podemos carregar em um recipiente de 40 &#8216;pode variar dependendo das limita\u00e7\u00f5es de peso do pa\u00eds de destino. N\u00f3s tamb\u00e9m podemos carregar 20 &#8216;recipientes, mas tenha em mente que voc\u00ea s\u00f3 pode caber 19&#8217; comprimentos dentro de um recipiente de 20 &#8216;. O gr\u00e1fico abaixo mostra alguns volumes t\u00edpicos que carregamos em cont\u00eaineres de 40 &#8216;.<\/span><\/strong><\/span><\/p>\n<p><a title=\"Advantage Lumber IPE decking container\" href=\"..\/images\/1container.jpg\" data-rel=\"\u201dlightbox\"><img decoding=\"async\" class=\"decktilesimages\" src=\"..\/images\/1small.jpg\" width=\"auto\" height=\"auto\" \/><\/a><a title=\"Advantage Lumber IPE decking container\" href=\"..\/images\/4container.jpg\" data-rel=\"\u201dlightbox\"><img decoding=\"async\" class=\"decktilesimages\" src=\"..\/images\/4small.jpg\" width=\"auto\" height=\"auto\" \/><\/a><a title=\"Advantage Lumber IPE decking container\" href=\"..\/images\/1clarge.jpg\" data-rel=\"\u201dlightbox\"><img decoding=\"async\" class=\"decktilesimages\" title=\"1csmall\" src=\"..\/images\/1csmall.jpg\" alt=\"1csmall\" width=\"auto\" height=\"auto\" \/><\/a><a title=\"Advantage Lumber IPE decking container\" href=\"..\/images\/2clarge.jpg\" data-rel=\"\u201dlightbox\"><img decoding=\"async\" class=\"decktilesimages\" src=\"..\/images\/2csmall.jpg\" width=\"auto\" height=\"auto\" \/><\/a><a title=\"Advantage Lumber IPE decking container\" href=\"..\/images\/3clarge.jpg\" data-rel=\"\u201dlightbox\"><img decoding=\"async\" class=\"decktilesimages\" src=\"..\/images\/3csmall.jpg\" width=\"auto\" height=\"auto\" \/><\/a><a title=\"Advantage Lumber IPE decking container\" href=\"..\/images\/4clarge.jpg\" data-rel=\"\u201dlightbox\"><img decoding=\"async\" class=\"decktilesimages\" src=\"..\/images\/4csmall.jpg\" width=\"auto\" height=\"auto\" \/><\/a><\/p>\n<table cellspacing=\"0\" cellpadding=\"0\">\n<colgroup>\n<col width=\"33%\" \/>\n<col width=\"33%\" \/>\n<col width=\"33%\" \/> <\/colgroup>\n<\/table>\n<\/div>\n<\/div>\n<\/div>\n<\/div>\n<\/section>\n<section id=\"builder-section-1492461578373\" class=\"builder-section builder-section-prev-text builder-section-text builder-section-last builder-text-columns-2\">\n<div class=\"builder-section-content\">\n<div class=\"builder-text-row\">\n<div id=\"builder-section-1492461578373-column-1\" class=\"builder-text-column builder-text-column-1\">\n<div class=\"builder-text-content\">\n<table cellspacing=\"0\" cellpadding=\"0\">\n<colgroup>\n<col width=\"33%\" \/>\n<col width=\"33%\" \/>\n<col width=\"33%\" \/> <\/colgroup>\n<tbody style=\"background: #006f3b; color: white; font-size: 12px;\">\n<tr style=\"background: black; font-size: 14px;\">\n<td width=\"221\">Tabela de Tamanhos SAE<\/td>\n<td width=\"344\">Volume Aproximado para um recipiente de 40 p\u00e9s<\/td>\n<td width=\"460\"><\/td>\n<\/tr>\n<tr>\n<td style=\"color: #ffffff; background: #000; font-size: 14px;\" width=\"221\">Tamanho da t\u00e1bua \/ tamanho conclu\u00eddo<\/td>\n<td style=\"color: #ffffff; background: #000; font-size: 14px;\" width=\"344\">P\u00e9 linear \/ Recipiente<\/td>\n<td style=\"color: #ffffff; background: #000; font-size: 14px;\" width=\"460\">P\u00e9 quadrado \/ Metros quadrados<\/td>\n<\/tr>\n<tr>\n<td>1\u00d74 \/ (\u00be\u201d x 3 \u00bd\u201d )<\/td>\n<td width=\"344\">36473<\/td>\n<td width=\"460\">10770<\/td>\n<\/tr>\n<tr>\n<td>1\u00d76 (\u00be\u201d x 5 \u00bd\u201d)<\/td>\n<td width=\"344\">23447<\/td>\n<td width=\"460\">10,770<\/td>\n<\/tr>\n<tr>\n<td>5\/4\u00d74 (1\u201d x 3 \u00bd\u201d)<\/td>\n<td width=\"344\">27,720<\/td>\n<td width=\"460\">8,185<\/td>\n<\/tr>\n<tr>\n<td>5\/4\u00d76 (1\u201d x 5 \u00bd\u201d)<\/td>\n<td width=\"344\">17,820<\/td>\n<td width=\"460\">8,185<\/td>\n<\/tr>\n<tr>\n<td>2\u00d74 (1 \u00bd\u201d x 3 \u00bd\u201d)<\/td>\n<td width=\"344\">17,747<\/td>\n<td width=\"460\">5,240<\/td>\n<\/tr>\n<tr>\n<td>2\u00d76 (1 \u00bd\u201d x 5 \u00bd\u201d)<\/td>\n<td width=\"344\">11,409<\/td>\n<td width=\"460\">5,240<\/td>\n<\/tr>\n<tr>\n<td>2\u00d78 (1 \u00bd\u201d x 7 1\/4\u201d)<\/td>\n<td width=\"344\">8,633<\/td>\n<td width=\"460\">5,240<\/td>\n<\/tr>\n<tr>\n<td>2\u00d710 (1 \u00bd\u201d x 9 1\/4\u201d)<\/td>\n<td width=\"344\">6,796<\/td>\n<td width=\"460\">5,240<\/td>\n<\/tr>\n<tr>\n<td>2\u00d712 (1 \u00bd\u201d x 11 \u00bc\u201d)<\/td>\n<td>\u00a05,604<\/td>\n<td>5,240<\/td>\n<\/tr>\n<tr>\n<td>4\u00d74 (3 \u00bd\u201d x 3 \u00bd\u201d)<\/td>\n<td>7,493<\/td>\n<td>2,212<\/td>\n<\/tr>\n<tr>\n<td style=\"color: #ffffff; background: #000; font-size: 14px;\">Tamanhos de telhas de conv\u00e9s<\/td>\n<td style=\"color: #ffffff; background: #000;\"><\/td>\n<td style=\"\/* color: #198F1F; *\/color: #ffffff; background: #000;\"><span style=\"color: #ffffff; background: #000; font-size: 14px;\">Pe\u00e7as Por Recipiente<\/span><\/td>\n<\/tr>\n<tr>\n<td>12&#215;12 \u00a030mm espessura<\/td>\n<td align=\"right\"><\/td>\n<td>8,533<\/td>\n<\/tr>\n<tr>\n<td>12&#215;12 \u00a043mm espessura<\/td>\n<td align=\"right\"><\/td>\n<td>6,528<\/td>\n<\/tr>\n<tr>\n<td>20&#215;20 \u00a0\u00a030mm espessura<\/td>\n<td align=\"right\"><\/td>\n<td>3,072<\/td>\n<\/tr>\n<tr>\n<td>20&#215;20 \u00a038mm espessura<\/td>\n<td align=\"right\"><\/td>\n<td>2,650<\/td>\n<\/tr>\n<tr>\n<td>20&#215;20 \u00a043mm espessura<\/td>\n<td align=\"right\"><\/td>\n<td>2,348<\/td>\n<\/tr>\n<tr>\n<td>24&#215;24 \u00a038mm espessura<\/td>\n<td align=\"right\"><\/td>\n<td>1,841<\/td>\n<\/tr>\n<tr>\n<td>24&#215;24 \u00a043mm espessura<\/td>\n<td align=\"right\"><\/td>\n<td>1,632<\/td>\n<\/tr>\n<tr>\n<td>24&#215;48 \u00a043mm espessura<\/td>\n<td align=\"right\"><\/td>\n<td>816<\/td>\n<\/tr>\n<tr>\n<td>24&#215;72 \u00a0\u00a043mm espessura<\/td>\n<td align=\"right\"><\/td>\n<td>544<\/td>\n<\/tr>\n<tr>\n<td>24&#215;84 \u00a0\u00a043mm espessura<\/td>\n<td align=\"right\"><\/td>\n<td>362<\/td>\n<\/tr>\n<tr>\n<td>24&#215;96 \u00a0\u00a0\u00a043mm espessura<\/td>\n<td align=\"right\"><\/td>\n<td>240<\/td>\n<\/tr>\n<tr style=\"color: #ffffff; background: #000;\">\n<td>Pisos de madeira<\/td>\n<td><\/td>\n<td><\/td>\n<\/tr>\n<tr>\n<td>19mm espessura<br \/>\n(\u00be\u201d)<\/td>\n<td><\/td>\n<td><strong style=\"font-size: 12px;\">12,000\u00a0square feet<br \/>\n<\/strong><\/td>\n<\/tr>\n<\/tbody>\n<\/table>\n<\/div>\n<\/div>\n<div id=\"builder-section-1492461578373-column-2\" class=\"builder-text-column builder-text-column-2\">\n<div class=\"builder-text-content\">\n<table cellspacing=\"0\" cellpadding=\"0\">\n<colgroup>\n<col width=\"33%\" \/>\n<col width=\"33%\" \/>\n<col width=\"33%\" \/><\/colgroup>\n<tbody style=\"background: #006f3b; color: #ffffff; font-size: 12px;\">\n<tr style=\"background: black; font-size: 14px;\">\n<td width=\"221\">Tabela m\u00e9trica de tamanhos<\/td>\n<td width=\"344\">Volume Aproximado para um recipiente de 40 p\u00e9s<\/td>\n<td width=\"460\"><\/td>\n<\/tr>\n<tr>\n<td style=\"color: #ffffff; background: #000; font-size: 14px;\" width=\"221\">Tamanho da placa \/ Tamanho conclu\u00eddo<\/td>\n<td style=\"color: #ffffff; background: #000; font-size: 14px;\" width=\"344\">Medidores lineares \/ Recipiente<\/td>\n<td style=\"color: #ffffff; background: #000; font-size: 14px;\" width=\"460\">Metros quadrados<\/td>\n<\/tr>\n<tr>\n<td>19x90mm<\/td>\n<td width=\"344\">11,116<\/td>\n<td width=\"460\">1,000<\/td>\n<\/tr>\n<tr>\n<td>19\u00d7140mm<\/td>\n<td width=\"344\">7,146<\/td>\n<td width=\"460\">1,000<\/td>\n<\/tr>\n<tr>\n<td>19\u00d7145mm<\/td>\n<td width=\"344\">8,449<\/td>\n<td width=\"460\">760<\/td>\n<\/tr>\n<tr>\n<td>21\u00d790mm<\/td>\n<td width=\"344\">5,431<\/td>\n<td width=\"460\">760<\/td>\n<\/tr>\n<tr>\n<td>21\u00d7140mm<\/td>\n<td width=\"344\">5,558<\/td>\n<td width=\"460\">500<\/td>\n<\/tr>\n<tr>\n<td>21\u00d7145mm<\/td>\n<td width=\"344\">3,573<\/td>\n<td width=\"460\">500<\/td>\n<\/tr>\n<tr>\n<td>25\u00d790mm<\/td>\n<td width=\"344\">2,346<\/td>\n<td width=\"460\"><\/td>\n<\/tr>\n<tr>\n<td>25 x 140mm<\/td>\n<td width=\"344\">5,285<\/td>\n<td width=\"460\">740<\/td>\n<\/tr>\n<tr>\n<td>25\u00d7145mm<\/td>\n<td>5,285<\/td>\n<td>\u00a0740<\/td>\n<\/tr>\n<tr>\n<td>38 x 90mm<\/td>\n<td>5,103<\/td>\n<td>\u00a0486<\/td>\n<\/tr>\n<tr>\n<td>38\u00d7140mm<\/td>\n<td>\u00a03,477<\/td>\n<td>\u00a0486<\/td>\n<\/tr>\n<tr>\n<td>38\u00d7185mm<\/td>\n<td>\u00a02,631<\/td>\n<td>\u00a0486<\/td>\n<\/tr>\n<tr>\n<td>38\u00d7235mm<\/td>\n<td>\u00a02,071<\/td>\n<td>\u00a0486<\/td>\n<\/tr>\n<tr>\n<td>38\u00d7285mm<\/td>\n<td>\u00a01,708<\/td>\n<td>\u00a0486<\/td>\n<\/tr>\n<tr>\n<td>90\u00d790mm<\/td>\n<td>\u00a02,283<\/td>\n<td>\u00a0205<\/td>\n<\/tr>\n<tr>\n<td style=\"color: #ffffff; background: #000; font-size: 14px;\">Tamanhos de telhas de conv\u00e9s<\/td>\n<td style=\"color: #ffffff; background: #000;\"><\/td>\n<td style=\"\/* color: #198F1F; *\/color: #ffffff; background: #000;\"><span style=\"color: #ffffff; background: #000; font-size: 14px;\">Pe\u00e7as Por Recipiente<\/span><\/td>\n<\/tr>\n<tr>\n<td>12&#215;12 \u00a030mm espessura<\/td>\n<td align=\"right\"><\/td>\n<td>8,533<\/td>\n<\/tr>\n<tr>\n<td>12&#215;12 \u00a043mm espessura<\/td>\n<td align=\"right\"><\/td>\n<td>6,528<\/td>\n<\/tr>\n<tr>\n<td>20&#215;20 \u00a0\u00a030mm espessura<\/td>\n<td align=\"right\"><\/td>\n<td>3,072<\/td>\n<\/tr>\n<tr>\n<td>20&#215;20 \u00a038mm espessura<\/td>\n<td align=\"right\"><\/td>\n<td>2,650<\/td>\n<\/tr>\n<tr>\n<td>20&#215;20 \u00a043mm espessura<\/td>\n<td align=\"right\"><\/td>\n<td>2,348<\/td>\n<\/tr>\n<tr>\n<td>24&#215;24 \u00a038mm espessura<\/td>\n<td align=\"right\"><\/td>\n<td>1,841<\/td>\n<\/tr>\n<tr>\n<td>24&#215;24 \u00a043mm espessura<\/td>\n<td align=\"right\"><\/td>\n<td>1,632<\/td>\n<\/tr>\n<tr>\n<td>24&#215;48 \u00a043mm espessura<\/td>\n<td align=\"right\"><\/td>\n<td>816<\/td>\n<\/tr>\n<tr>\n<td>24&#215;72 \u00a0\u00a043mm espessura<\/td>\n<td align=\"right\"><\/td>\n<td>544<\/td>\n<\/tr>\n<tr>\n<td>24&#215;84 \u00a0\u00a043mm espessura<\/td>\n<td align=\"right\"><\/td>\n<td>362<\/td>\n<\/tr>\n<tr>\n<td>24&#215;96 \u00a0\u00a0\u00a043mm espessura<\/td>\n<td align=\"right\"><\/td>\n<td>240<\/td>\n<\/tr>\n<tr style=\"color: #ffffff; background: #000; font-size: 14px;\">\n<td>Pisos de madeira<\/td>\n<td align=\"right\"><\/td>\n<td><\/td>\n<\/tr>\n<tr>\n<td>19mm ethickness (\u00be\u201d)<\/td>\n<td><\/td>\n<td><strong style=\"font-size: 12px;\">1,114\u00a0metros quadrados<br \/>\n<\/strong><\/td>\n<\/tr>\n<\/tbody>\n<\/table>\n<\/div>\n<\/div>\n<\/div>\n<\/div>\n<\/section>\n","protected":false},"excerpt":{"rendered":"<p>Recipiente N\u00f3s enviamos cargas de cont\u00eaineres de madeira certificada FSC Certified e Non-FSC Certified hardwood decking, pavimento, telhas deck, madeira&hellip;<\/p>\n","protected":false},"author":1,"featured_media":57,"parent":0,"menu_order":0,"comment_status":"closed","ping_status":"closed","template":"","meta":{"footnotes":""},"class_list":["post-107","page","type-page","status-publish","has-post-thumbnail","hentry"],"translation":{"provider":"WPGlobus","version":"3.0.2","language":"br","enabled_languages":["en","es","de","fr","ru","br"],"languages":{"en":{"title":true,"content":true,"excerpt":false},"es":{"title":false,"content":false,"excerpt":false},"de":{"title":false,"content":false,"excerpt":false},"fr":{"title":false,"content":false,"excerpt":false},"ru":{"title":false,"content":false,"excerpt":false},"br":{"title":true,"content":true,"excerpt":false}}},"_links":{"self":[{"href":"https:\/\/advantageflorestal.com.br\/br\/wp-json\/wp\/v2\/pages\/107","targetHints":{"allow":["GET"]}}],"collection":[{"href":"https:\/\/advantageflorestal.com.br\/br\/wp-json\/wp\/v2\/pages"}],"about":[{"href":"https:\/\/advantageflorestal.com.br\/br\/wp-json\/wp\/v2\/types\/page"}],"author":[{"embeddable":true,"href":"https:\/\/advantageflorestal.com.br\/br\/wp-json\/wp\/v2\/users\/1"}],"replies":[{"embeddable":true,"href":"https:\/\/advantageflorestal.com.br\/br\/wp-json\/wp\/v2\/comments?post=107"}],"version-history":[{"count":1,"href":"https:\/\/advantageflorestal.com.br\/br\/wp-json\/wp\/v2\/pages\/107\/revisions"}],"predecessor-version":[{"id":38609,"href":"https:\/\/advantageflorestal.com.br\/br\/wp-json\/wp\/v2\/pages\/107\/revisions\/38609"}],"wp:featuredmedia":[{"embeddable":true,"href":"https:\/\/advantageflorestal.com.br\/br\/wp-json\/wp\/v2\/media\/57"}],"wp:attachment":[{"href":"https:\/\/advantageflorestal.com.br\/br\/wp-json\/wp\/v2\/media?parent=107"}],"curies":[{"name":"wp","href":"https:\/\/api.w.org\/{rel}","templated":true}]}}