{"id":104,"date":"2017-04-03T20:38:10","date_gmt":"2017-04-03T20:38:10","guid":{"rendered":"https:\/\/advantageflorestal.com.br\/?page_id=104"},"modified":"2017-04-03T20:38:10","modified_gmt":"2017-04-03T20:38:10","slug":"wood-slabs","status":"publish","type":"page","link":"https:\/\/advantageflorestal.com.br\/br\/wood-slabs\/","title":{"rendered":"In\u00edcio- Pranchas\/ Tamp\u00f5es de Mesa"},"content":{"rendered":"<p>&nbsp;<\/p>\n<section class=\"slide slide-two\">\n<div id=\"polina\">\n<h1>Conhe\u00e7a um pouco da nossa f\u00e1brica certificada pelo FSC<\/h1>\n<\/div>\n<\/section>\n<p><input id=\"slide-3-trigger\" name=\"slides\" type=\"radio\" \/><\/p>\n<section class=\"slide slide-three\">\n<h1>Nossos Decks<\/h1>\n<div id=\"polina\">\n<p>Fabricamos produtos de madeira ex\u00f3tica certificada FSC e n\u00e3o-FSC.<\/p>\n<\/div>\n<\/section>\n<p><input id=\"slide-4-trigger\" name=\"slides\" type=\"radio\" \/><\/p>\n<section class=\"slide slide-four\">\n<h1>Advantage Lumber Decks Modulares<\/h1>\n<div id=\"polina\">\n<p>Os Decks Modulares da Advantage proporcionam uma superf\u00edcie din\u00e2mica e atrativa.<\/p>\n<\/div>\n<\/section>\n<p><a href=\"https:\/\/www.advantageflorestal.com.br\">Bem vindo `a Advantage Florestal<\/a><\/p>\n<p><a href=\"https:\/\/www.advantageflorestal.com.br\/fsc-certified-wholesale-mill-brazil\/\">Conhe\u00e7a um pouco da nossa f\u00e1brica<\/a><\/p>\n<p><a href=\"https:\/\/www.advantageflorestal.com.br\/fsc-hardwood-decking\/\">Nossos Decks de Madeira<\/a><\/p>\n<p><a href=\"https:\/\/www.advantageflorestal.com.br\/deck-tiles\/\">Nossos Decks Modulares De Madeira<\/a><\/p>\n<p>&nbsp;<\/p>\n<div class=\"aboutusbox\"><span style=\"color: #000000;\"><span style=\"color: #000000;\"><br \/>\n<\/span><\/span>\u00c9 importante notar que as pranchas\/ tamp\u00f5es de mesa n\u00e3o reagem do mesmo modo que a madeira serrada. Podem ocorrer v\u00e1rias altera\u00e7\u00f5es na madeira, modificando sua rigidez, diferente das madeiras que s\u00e3o aplicadas em constru\u00e7\u00e3o comum. Por exemplo, algumas madeiras utilizadas na constru\u00e7\u00e3o n\u00e3o s\u00e3o est\u00e1veis como as pranchas que s\u00e3o utilizadas para decks. O contr\u00e1rio tamb\u00e9m pode ocorrer. Muitas madeiras que parecem sem vida ganham beleza quando em forma de pranchas. As pranchas \u00a0s\u00e3o um produto sem igual, que gostamos de oferecer porque acreditamos que real\u00e7am toda a beleza de uma \u00e1rvore e com o m\u00ednimo de desperd\u00edcio.Como todos os nossos produtos, nossas pranchas s\u00e3o colhidas de forma sustent\u00e1vel e dispon\u00edveis com certifica\u00e7\u00e3o FSC, se desejar. Ent\u00e3o, aproveite o tempo para navegar na nossa vasta sele\u00e7\u00e3o de pranchas e tamp\u00f5es. Se voc\u00ea n\u00e3o encontrar o que procura, entre em contato conosco.<a style=\"text-decoration: none;\" title=\"Telephone\" href=\"tel:+19413889299\"><strong>Por telefone ligue: <\/strong> +1(941)388-9299<\/a> <span style=\"color: #000000;\">or<\/span> <a title=\"Email Us\" href=\"mailto:npolakova@advantagelumber.com\"><strong>ou<\/strong><strong> \u00a0<\/strong><\/a><strong><a href=\"mailto:npolakova@advantagelumber.com\">nos envie um e-mail<\/a>\u00a0\u00a0\u00a0\u00a0\u00a0\u00a0\u00a0\u00a0\u00a0\u00a0 <\/strong> <span style=\"color: #000000;\"><span style=\"color: #000000;\"><br \/>\n<\/span><\/span>Porque provavelmente poderemos conseguir para voc\u00ea .<\/div>\n<h2 class=\"builder-text-section-title\"><strong><br \/>\nIn\u00edcio- Pranchas\/ Tamp\u00f5es de Mesa No moinho brasileiro<\/strong><\/h2>\n<div class=\"fullwidth\">\n<div class=\"builder-text-content-quarters\">\n<p><strong><a title=\"IPE wood slab\" href=\"https:\/\/www.advantageflorestal.com.br\/wood-slabs\/ipe-wood-slabs\/\" data-rel=\"\u201dlightbox\"><img decoding=\"async\" class=\"slabimages aligncenter\" title=\"Coming Soon, as soon as Stephen Flys to Brazil and takes the picture\" src=\"https:\/\/www.advantageflorestal.com.br\/wp-content\/uploads\/2017\/06\/coming-soonV2-300x.png\" alt=\"Coming Soon, as soon as Stephen Flys to Brazil and takes the picture\" width=\"auto\" height=\"auto\" \/><\/a><\/strong><\/p>\n<h2 class=\"species-title\"><strong>IPE<\/strong><\/h2>\n<p>&nbsp;<\/p>\n<\/div>\n<div class=\"builder-text-content-quarters\">\n<p><strong><a title=\"Angelim - Pedra wood slab\" href=\"https:\/\/www.advantageflorestal.com.br\/hardwood-species\/angelim-pedra-wood-slab\/\" data-rel=\"\u201dlightbox\"><img decoding=\"async\" class=\"slabimages aligncenter\" title=\"Angelim-Pedra-Slabx300\" src=\"https:\/\/www.advantageflorestal.com.br\/wp-content\/uploads\/2017\/06\/Angelim-Pedra-Slabx300-1.jpg\" alt=\"A finished Angelim Pedra Slab make the perfect conference table.\" width=\"auto\" height=\"auto\" \/><\/a><\/strong><\/p>\n<h2 class=\"species-title\"><strong>Angelim &#8211; Pedra<\/strong><\/h2>\n<p>&nbsp;<\/p>\n<\/div>\n<div class=\"builder-text-content-quarters\">\n<p><strong><span style=\"color: #333333;\"><a title=\"Tatajuba wood slab\" href=\"https:\/\/www.advantageflorestal.com.br\/hardwood-species\/tatajuba-wood-slabs\/\" data-rel=\"\u201dlightbox\"><img decoding=\"async\" class=\"slabimages aligncenter\" title=\"Tatajuba-final-300x\" src=\"https:\/\/www.advantageflorestal.com.br\/wp-content\/uploads\/2017\/06\/Tatajuba-final-300x.jpg\" alt=\"Tatajuba Wood Slabs\" width=\"auto\" height=\"auto\" \/><\/a><\/span><\/strong><\/p>\n<h2 class=\"species-title\"><strong>Tatajuba<\/strong><\/h2>\n<p>&nbsp;<\/p>\n<\/div>\n<div class=\"builder-text-content-quarters\">\n<p><strong><a title=\"Garapa wood slab\" href=\"https:\/\/www.advantageflorestal.com.br\/wood-slabs\/garapa-wood-slabs\/\" data-rel=\"\u201dlightbox\"><img decoding=\"async\" class=\"slabimages aligncenter\" title=\"Coming Soon, as soon as Stephen Flys to Brazil and takes the picture\" src=\"https:\/\/www.advantageflorestal.com.br\/wp-content\/uploads\/2017\/06\/coming-soonV2-300x.png\" alt=\"Coming Soon, as soon as Stephen Flys to Brazil and takes the picture\" width=\"auto\" height=\"auto\" \/><\/a><\/strong><\/p>\n<h2 class=\"species-title\"><strong>Garapa<\/strong><\/h2>\n<p>&nbsp;<\/p>\n<\/div>\n<\/div>\n<div class=\"fullwidth\">\n<div class=\"builder-text-content-quarters\">\n<p><strong><a title=\"Jatoba wood slab\" href=\"https:\/\/www.advantageflorestal.com.br\/wood-slabs\/jatoba-lajes-de-madeira\/\" data-rel=\"\u201dlightbox\"><img decoding=\"async\" class=\"slabimages aligncenter\" title=\"Coming Soon, as soon as Stephen Flys to Brazil and takes the picture\" src=\"https:\/\/www.advantageflorestal.com.br\/wp-content\/uploads\/2017\/06\/Jatobax300.jpg\" alt=\"Coming Soon, as soon as Stephen Flys to Brazil and takes the picture\" width=\"auto\" height=\"auto\" \/><\/a><\/strong><\/p>\n<h2 class=\"species-title\"><strong>Jatoba<\/strong><\/h2>\n<p>&nbsp;<\/p>\n<\/div>\n<div class=\"builder-text-content-quarters\">\n<p><strong><a title=\"Tigerwood slab\" href=\"https:\/\/www.advantageflorestal.com.br\/wood-slabs\/tigerwood-lajes-de-madeira\/\" data-rel=\"\u201dlightbox\"><img decoding=\"async\" class=\"slabimages aligncenter\" src=\"https:\/\/www.advantageflorestal.com.br\/wp-content\/uploads\/2017\/06\/Tigerwood-Slab-2x300.jpg\" width=\"auto\" height=\"auto\" \/><\/a><\/strong><\/p>\n<h2 class=\"species-title\"><strong>Tigerwood<\/strong><\/h2>\n<p>&nbsp;<\/p>\n<\/div>\n<div class=\"builder-text-content-quarters\">\n<p><strong><a title=\"Cumaru wood slab\" href=\"https:\/\/www.advantageflorestal.com.br\/wood-slabs\/portugues-do-brasil-cumaru\/\" data-rel=\"\u201dlightbox\"><img decoding=\"async\" class=\"slabimages aligncenter\" title=\"Cumaru Wood Slabs\" src=\"https:\/\/www.advantageflorestal.com.br\/wp-content\/uploads\/2017\/07\/Brazil-Huge-Cumaru-Slab-300px.png\" alt=\"Cumaru Wood Slabs\" width=\"auto\" height=\"auto\" \/><\/a><\/strong><\/p>\n<h2 class=\"species-title\"><strong>Cumaru<\/strong><\/h2>\n<p>&nbsp;<\/p>\n<\/div>\n<div class=\"builder-text-content-quarters\">\n<p><strong><a title=\"Cambara wood slab\" href=\"https:\/\/www.advantageflorestal.com.br\/wood-slabs\/cambara-wood-slabs\/\" data-rel=\"\u201dlightbox\"><img decoding=\"async\" class=\"slabimages aligncenter\" title=\"Cambara wood slabs\" src=\"https:\/\/www.advantageflorestal.com.br\/wp-content\/uploads\/2017\/06\/Cambarax300.jpg\" alt=\"Cambara Wood Slab\" width=\"auto\" height=\"auto\" \/><\/a><\/strong><\/p>\n<h2 class=\"species-title\"><strong>Cambara<\/strong><\/h2>\n<p>&nbsp;<\/p>\n<\/div>\n<div class=\"builder-text-content-quarters\">\n<p><strong><a title=\"Quaruba wood slab\" href=\"https:\/\/www.advantageflorestal.com.br\/wood-slabs\/quaruba-wood-slabs\/\" data-rel=\"\u201dlightbox\"><img decoding=\"async\" class=\"slabimages aligncenter\" title=\"Coming Soon, as soon as Stephen Flys to Brazil and takes the picture\" src=\"https:\/\/www.advantageflorestal.com.br\/wp-content\/uploads\/2017\/06\/Quaruba-Slab-300x.jpg\" alt=\"Coming Soon, as soon as Stephen Flys to Brazil and takes the picture\" width=\"auto\" height=\"auto\" \/><\/a><\/strong><\/p>\n<h2 class=\"species-title\"><strong>Quaruba<\/strong><\/h2>\n<p>&nbsp;<\/p>\n<\/div>\n<\/div>\n<h2 style=\"text-align: center;\">In\u00edcio- Pranchas\/ Tamp\u00f5es de Mesa De nossos outros locais<\/h2>\n<hr class=\"ttfmake-hr\" style=\"border-style: double; border-top-width: 6px;\" \/>\n<div class=\"fullwidth\">\n<div class=\"builder-text-content-quarters\">\n<p><strong><a title=\"Norfolk Island Pine wood slab\" href=\"https:\/\/www.advantageflorestal.com.br\/wood-slabs\/norfolk-island-pine\/\" data-rel=\"\u201dlightbox\"><img decoding=\"async\" class=\"slabimages aligncenter\" src=\"..\/images\/bookmatched-norfolk-pine-small.png\" width=\"auto\" height=\"auto\" \/><\/a><\/strong><\/p>\n<h2 class=\"species-title\"><strong>Norfolk Island Pine<\/strong><\/h2>\n<p>&nbsp;<\/p>\n<\/div>\n<div class=\"builder-text-content-quarters\">\n<p><strong><span style=\"color: #333333;\"><a title=\"Australian Beefwood wood slab\" href=\"https:\/\/www.advantageflorestal.com.br\/wood-slabs\/beefwood\/\" data-rel=\"\u201dlightbox\"><img decoding=\"async\" class=\"slabimages aligncenter\" src=\"..\/images\/beefwood-small.png\" width=\"auto\" height=\"auto\" \/><\/a><\/span><\/strong><\/p>\n<h2 class=\"species-title\"><strong>Australian Beefwood<\/strong><\/h2>\n<p>&nbsp;<\/p>\n<\/div>\n<div class=\"builder-text-content-quarters\">\n<p><a style=\"color: #333333;\" title=\"Long Leaf Pine Wood Slab\" href=\"https:\/\/www.advantageflorestal.com.br\/wood-slabs\/longleaf-pine-wood-slabs\/\" rel=\"\"><img decoding=\"async\" class=\"slabimages aligncenter\" src=\"..\/images\/longleaf-pine-small.png\" width=\"auto\" height=\"auto\" \/><\/a><\/p>\n<h2 class=\"species-title\"><a title=\"Long Leaf Pine Wood Slab\" href=\"https:\/\/www.advantageflorestal.com.br\/wood-slabs\/longleaf-pine-wood-slabs\/\" rel=\"\"><strong>Longleaf pine<\/strong><\/a><\/h2>\n<p>&nbsp;<\/p>\n<\/div>\n<div class=\"builder-text-content-quarters\">\n<p><strong><span style=\"color: #333333;\"><a style=\"color: #333333;\" title=\"Cuban Laurel wood slab\" href=\"https:\/\/www.advantageflorestal.com.br\/uncategorized\/cuban-laurel-wood-slabs\/\" data-rel=\"\u201dlightbox\"><img decoding=\"async\" class=\"slabimages aligncenter\" src=\"..\/images\/cuban-laurel-small.png\" width=\"auto\" height=\"auto\" \/><\/a><\/span><\/strong><\/p>\n<h2 class=\"species-title\"><a title=\"Cuban Laurel wood slab\" href=\"https:\/\/www.advantageflorestal.com.br\/wood-slabs\/cuban-laurel-wood-slabs\/\" rel=\"\"><strong>Cuban Laurel<\/strong><\/a><\/h2>\n<\/div>\n<\/div>\n<div><a href=\"https:\/\/www.advantageflorestal.com.br\/wood-slab-quote-request\/\"><button>Get A quote<\/button><\/a><\/div>\n","protected":false},"excerpt":{"rendered":"<p>&nbsp; Conhe\u00e7a um pouco da nossa f\u00e1brica certificada pelo FSC Nossos Decks Fabricamos produtos de madeira ex\u00f3tica certificada FSC e&hellip;<\/p>\n","protected":false},"author":1,"featured_media":0,"parent":0,"menu_order":0,"comment_status":"closed","ping_status":"closed","template":"","meta":{"footnotes":""},"class_list":["post-104","page","type-page","status-publish","hentry"],"translation":{"provider":"WPGlobus","version":"3.0.2","language":"br","enabled_languages":["en","es","de","fr","ru","br"],"languages":{"en":{"title":true,"content":true,"excerpt":false},"es":{"title":false,"content":false,"excerpt":false},"de":{"title":false,"content":false,"excerpt":false},"fr":{"title":false,"content":false,"excerpt":false},"ru":{"title":false,"content":false,"excerpt":false},"br":{"title":true,"content":true,"excerpt":false}}},"_links":{"self":[{"href":"https:\/\/advantageflorestal.com.br\/br\/wp-json\/wp\/v2\/pages\/104","targetHints":{"allow":["GET"]}}],"collection":[{"href":"https:\/\/advantageflorestal.com.br\/br\/wp-json\/wp\/v2\/pages"}],"about":[{"href":"https:\/\/advantageflorestal.com.br\/br\/wp-json\/wp\/v2\/types\/page"}],"author":[{"embeddable":true,"href":"https:\/\/advantageflorestal.com.br\/br\/wp-json\/wp\/v2\/users\/1"}],"replies":[{"embeddable":true,"href":"https:\/\/advantageflorestal.com.br\/br\/wp-json\/wp\/v2\/comments?post=104"}],"version-history":[{"count":0,"href":"https:\/\/advantageflorestal.com.br\/br\/wp-json\/wp\/v2\/pages\/104\/revisions"}],"wp:attachment":[{"href":"https:\/\/advantageflorestal.com.br\/br\/wp-json\/wp\/v2\/media?parent=104"}],"curies":[{"name":"wp","href":"https:\/\/api.w.org\/{rel}","templated":true}]}}